{"id":37190,"date":"2021-09-28T11:19:27","date_gmt":"2021-09-28T11:19:27","guid":{"rendered":"https:\/\/www.headshop.nl\/?post_type=product&#038;p=37190"},"modified":"2025-01-31T12:16:04","modified_gmt":"2025-01-31T12:16:04","slug":"damiana-capsules","status":"publish","type":"product","link":"https:\/\/www.headshop.nl\/de\/damiana-capsules\/","title":{"rendered":"Damiana Capsules"},"content":{"rendered":"<h2 data-pm-slice=\"1 1 []\">Was ist Damiana?<\/h2>\n<p>Damiana ist ein kleiner, duftender Strauch, der in Mittel- und S\u00fcdamerika heimisch ist. Wissenschaftlich bekannt als <strong>Turnera diffusa<\/strong>Sie geh\u00f6rt zu den Passionsblumengew\u00e4chsen und ist an ihren gelben Bl\u00fcten und gr\u00fcnen Bl\u00e4ttern zu erkennen.<\/p>\n<p>Seit Generationen vertrauen indigene Kulturen auf Damiana wegen seiner nat\u00fcrlichen Wellness-Vorteile, insbesondere zur Steigerung der sexuellen Vitalit\u00e4t. Es wird oft mit erh\u00f6hter Libido, verbesserter Ausdauer und allgemeinem Wohlbefinden in Verbindung gebracht. Abgesehen von seiner aphrodisierenden Wirkung ist Damiana auch f\u00fcr seine leicht entspannenden Eigenschaften bekannt, die helfen k\u00f6nnen, Stress abzubauen und geistige Klarheit zu f\u00f6rdern. Ganz gleich, ob Sie Ihre Energie steigern, Ihre Intimit\u00e4t verbessern oder Ihr emotionales Gleichgewicht unterst\u00fctzen m\u00f6chten, Damiana ist eine gro\u00dfartige nat\u00fcrliche Option.<\/p>\n<div><\/div>\n<h2>Die Geschichte von Damiana<\/h2>\n<p>Damiana wird seit langem traditionell verwendet, insbesondere in Mexiko und anderen lateinamerikanischen Regionen. Indigene St\u00e4mme sch\u00e4tzten diese Pflanze wegen ihrer medizinischen Eigenschaften und verwendeten sie zur Unterst\u00fctzung der allgemeinen Gesundheit und zur Verbesserung der sexuellen Leistungsf\u00e4higkeit.<\/p>\n<p>Historisch gesehen gilt Damiana als starkes Aphrodisiakum, das die Libido anregen, die Empfindungen steigern und die reproduktive Gesundheit verbessern soll. Alte Kulturen bereiteten Kr\u00e4utertees und Liebestr\u00e4nke mit Damiana zu, um Intimit\u00e4t und Entspannung zu f\u00f6rdern. Mit der Zeit verbreitete sich sein Ruf, und er bleibt ein beliebter Bestandteil moderner pflanzlicher Nahrungserg\u00e4nzungsmittel. In Meexiko wird Damiana sogar bestimmten traditionellen alkoholischen Getr\u00e4nken wie Margaritas zugesetzt, um deren Wirkung zu verst\u00e4rken. Aufgrund seines langj\u00e4hrigen Erbes ist Damiana nach wie vor ein bevorzugtes Naturheilmittel f\u00fcr alle, die ihr Wohlbefinden verbessern wollen.<\/p>\n<div><\/div>\n<h2>So verwenden Sie Damiana<\/h2>\n<p>Damiana ist in der Regel in Form von Kapseln erh\u00e4ltlich, die eine einfache und genaue Dosierung erm\u00f6glichen. Die empfohlene Dosierung ist <strong>eine Kapsel pro Einnahme<\/strong>mit einem Glas Wasser einnehmen. Die besten Ergebnisse erzielen Sie, wenn Sie Damiana in Ihre t\u00e4gliche Wellness-Routine einbauen.<\/p>\n<p>Sowohl M\u00e4nner als auch Frauen k\u00f6nnen von den Vorteilen von Damiana profitieren. W\u00e4hrend einige seine Wirkung schnell bemerken, k\u00f6nnen andere eine allm\u00e4hliche Verbesserung im Laufe der Zeit erfahren. Damiana kann auch mit anderen pflanzlichen Nahrungserg\u00e4nzungsmitteln, wie Muira Puama, kombiniert werden, um seine energetisierenden und aphrodisierenden Eigenschaften zu verst\u00e4rken.<\/p>\n<p>Neben seiner libidosteigernden Wirkung wird Damiana h\u00e4ufig zur F\u00f6rderung der Entspannung, zum Abbau von Stress und zur Unterst\u00fctzung des emotionalen Wohlbefindens verwendet. Seine milden psychoaktiven Wirkungen werden manchmal mit denen von Cannabis verglichen und vermitteln ein Gef\u00fchl der Ruhe, ohne zu berauschen. Halten Sie sich immer an die empfohlene Dosierung und konsultieren Sie einen Arzt, wenn Sie irgendwelche Bedenken haben.<\/p>\n<div><\/div>\n<h2>Inhaltsstoffe von Damiana<\/h2>\n<p>Die Damiana-Kapseln von Indian Elements enthalten einen Wirkstoff:<\/p>\n<ul data-spread=\"false\">\n<li><strong>Turnera diffusa<\/strong> (Damiana Auszug)<\/li>\n<\/ul>\n<p>Diese reine und nat\u00fcrliche Formulierung stellt sicher, dass Sie den vollen Nutzen von Damiana ohne unn\u00f6tige Zusatzstoffe erhalten. Indian Elements ist bestrebt, hochwertige pflanzliche Produkte anzubieten, die <strong>100% nat\u00fcrlich und veganfreundlich<\/strong>Das macht sie zu einer ausgezeichneten Wahl f\u00fcr alle, die Wellness-L\u00f6sungen auf pflanzlicher Basis suchen.<\/p>\n<div><\/div>\n<p><strong>Warnung:<\/strong><br \/>\nDieses Produkt ist bestimmt f\u00fcr Personen im Alter von <strong>18 und \u00e4lter<\/strong>. Au\u00dferhalb der Reichweite von Kindern aufbewahren. Damiana sollte nicht verwendet werden in Kombination mit <strong>MAO-Hemmer<\/strong>. Personen mit Nieren- oder Herzerkrankungen, hohem oder niedrigem Blutdruck, Diabetes oder Personen, die unter dem Einfluss von Medikamenten, Drogen oder Alkohol stehen, sollten die Einnahme vermeiden. Dies ist ein Nahrungserg\u00e4nzungsmittel und sollte entsprechend verwendet werden. Nicht verwenden, wenn das Siegel gebrochen ist.<\/p>","protected":false},"excerpt":{"rendered":"<p data-pm-slice=\"1 1 []\">Entdecken Sie die nat\u00fcrliche Kraft von Damiana! Dieses pflanzliche Nahrungserg\u00e4nzungsmittel ist f\u00fcr seine anregenden und aphrodisierenden Eigenschaften bekannt und wird seit Jahrhunderten verwendet, um die Libido zu steigern, die Stimmung zu heben und die Entspannung zu f\u00f6rdern. Jetzt ist Damiana in praktischen Kapseln erh\u00e4ltlich und macht es einfach, seine Vorteile in Ihre t\u00e4gliche Routine einzubauen.<\/p>","protected":false},"featured_media":82157,"template":"","meta":[],"product_brand":[],"product_cat":[457,297,395,389,814,396,405,705,384],"product_tag":[],"class_list":{"0":"post-37190","1":"product","2":"type-product","3":"status-publish","4":"has-post-thumbnail","6":"product_cat-herbs-healthshop","7":"product_cat-all-products","8":"product_cat-aphrodisiacs","9":"product_cat-herbs","10":"product_cat-indian-elements","11":"product_cat-relax","12":"product_cat-relax-herbs","13":"product_cat-sex-shop","14":"product_cat-smartshop","16":"first","17":"instock","18":"taxable","19":"shipping-taxable","20":"purchasable","21":"product-type-variable","22":"has-default-attributes"},"_links":{"self":[{"href":"https:\/\/www.headshop.nl\/de\/wp-json\/wp\/v2\/product\/37190","targetHints":{"allow":["GET"]}}],"collection":[{"href":"https:\/\/www.headshop.nl\/de\/wp-json\/wp\/v2\/product"}],"about":[{"href":"https:\/\/www.headshop.nl\/de\/wp-json\/wp\/v2\/types\/product"}],"wp:featuredmedia":[{"embeddable":true,"href":"https:\/\/www.headshop.nl\/de\/wp-json\/wp\/v2\/media\/82157"}],"wp:attachment":[{"href":"https:\/\/www.headshop.nl\/de\/wp-json\/wp\/v2\/media?parent=37190"}],"wp:term":[{"taxonomy":"product_brand","embeddable":true,"href":"https:\/\/www.headshop.nl\/de\/wp-json\/wp\/v2\/product_brand?post=37190"},{"taxonomy":"product_cat","embeddable":true,"href":"https:\/\/www.headshop.nl\/de\/wp-json\/wp\/v2\/product_cat?post=37190"},{"taxonomy":"product_tag","embeddable":true,"href":"https:\/\/www.headshop.nl\/de\/wp-json\/wp\/v2\/product_tag?post=37190"}],"curies":[{"name":"wp","href":"https:\/\/api.w.org\/{rel}","templated":true}]}}