{"id":37186,"date":"2021-09-28T10:53:02","date_gmt":"2021-09-28T10:53:02","guid":{"rendered":"https:\/\/www.headshop.nl\/?post_type=product&#038;p=37186"},"modified":"2022-06-27T08:06:35","modified_gmt":"2022-06-27T08:06:35","slug":"venicon-for-men","status":"publish","type":"product","link":"https:\/\/www.headshop.nl\/de\/venicon-for-men\/","title":{"rendered":"Venicon f\u00fcr Men"},"content":{"rendered":"<h2 class=\"product_title entry-title\">Venicon Sexpillen f\u00fcr Men<\/h2>\n<p>Sind Sie auf der Suche nach einem rezeptfreien Mittel, um eine Erektion l\u00e4nger aufrechtzuerhalten? Brauchen Sie mehr als nur einen Wisch mit Ihrem Lieblingsgleitmittel, bevor Sie zum n\u00e4chsten Sto\u00df bereit sind? Brauchen Sie eine sanfte Hilfe, um Ihre Libido zu steigern? Diese neue Formel k\u00f6nnte genau das sein, was Sie brauchen. Diese kraftvolle Mischung wird Ihre Erregung steigern und gleichzeitig daf\u00fcr sorgen, dass Sie Ihre Erektion w\u00e4hrend jeder sexuellen Begegnung aufrechterhalten k\u00f6nnen.<\/p>\n<p>Mit einer fortschrittlichen Mischung von Inhaltsstoffen ist Venicon f\u00fcr Men die einzige verf\u00fcgbare M\u00f6glichkeit, Ihren sexuellen Appetit und Ihre Leistung drastisch zu steigern. Es ist ganz nat\u00fcrlich und sicher, diese Formel regt die Durchblutung an, hilft Ihnen, sich tiefer zu entspannen, die peripheren Gef\u00e4\u00dfe zu erweitern, um eine vorzeitige Ejakulation zu verhindern und gleichzeitig das Vergn\u00fcgen beim Sex zu steigern.<\/p>","protected":false},"excerpt":{"rendered":"<p>Wenn Sie auf der Suche nach einer rezeptfreien L\u00f6sung f\u00fcr Ihre Erektions- und Libidoprobleme sind, dann sind Sie bei Venicon genau richtig. Diese einzigartige, patentierte Formel stimuliert die Durchblutung und sorgt daf\u00fcr, dass Sie beim Sex l\u00e4nger durchhalten. Lassen Sie die wilde Nacht jetzt beginnen!<\/p>","protected":false},"featured_media":37167,"template":"","meta":[],"product_brand":[],"product_cat":[395,297,705,384],"product_tag":[],"class_list":{"0":"post-37186","1":"product","2":"type-product","3":"status-publish","4":"has-post-thumbnail","6":"product_cat-aphrodisiacs","7":"product_cat-all-products","8":"product_cat-sex-shop","9":"product_cat-smartshop","11":"first","12":"instock","13":"taxable","14":"shipping-taxable","15":"purchasable","16":"product-type-simple"},"_links":{"self":[{"href":"https:\/\/www.headshop.nl\/de\/wp-json\/wp\/v2\/product\/37186","targetHints":{"allow":["GET"]}}],"collection":[{"href":"https:\/\/www.headshop.nl\/de\/wp-json\/wp\/v2\/product"}],"about":[{"href":"https:\/\/www.headshop.nl\/de\/wp-json\/wp\/v2\/types\/product"}],"wp:featuredmedia":[{"embeddable":true,"href":"https:\/\/www.headshop.nl\/de\/wp-json\/wp\/v2\/media\/37167"}],"wp:attachment":[{"href":"https:\/\/www.headshop.nl\/de\/wp-json\/wp\/v2\/media?parent=37186"}],"wp:term":[{"taxonomy":"product_brand","embeddable":true,"href":"https:\/\/www.headshop.nl\/de\/wp-json\/wp\/v2\/product_brand?post=37186"},{"taxonomy":"product_cat","embeddable":true,"href":"https:\/\/www.headshop.nl\/de\/wp-json\/wp\/v2\/product_cat?post=37186"},{"taxonomy":"product_tag","embeddable":true,"href":"https:\/\/www.headshop.nl\/de\/wp-json\/wp\/v2\/product_tag?post=37186"}],"curies":[{"name":"wp","href":"https:\/\/api.w.org\/{rel}","templated":true}]}}