{"id":37184,"date":"2021-09-28T10:00:30","date_gmt":"2021-09-28T10:00:30","guid":{"rendered":"https:\/\/www.headshop.nl\/?post_type=product&#038;p=37184"},"modified":"2022-06-27T08:06:36","modified_gmt":"2022-06-27T08:06:36","slug":"venicon-for-women","status":"publish","type":"product","link":"https:\/\/www.headshop.nl\/de\/venicon-for-women\/","title":{"rendered":"Venicon f\u00fcr Frauen"},"content":{"rendered":"<h2 class=\"product_title entry-title\">Venicon Sexpillen f\u00fcr Frauen<\/h2>\n<p>Jahrzehntelang wurde das sexuelle Vergn\u00fcgen der Frau von den meisten vernachl\u00e4ssigt. Warum eigentlich? Das scheint niemand wirklich zu wissen! Mit Sextoys f\u00fcr Paare, die das Schlafzimmer erobern, und einer neuen Generation, die sich darauf konzentriert, ihre Sexualit\u00e4t ohne Scham zu erforschen, ist dies kein Thema mehr. In der Tat ist es an der Zeit, dass Frauen die Dinge selbst in die Hand nehmen - mit Venicon for Women. Diese kraftvolle Pille wird Ihnen Vertrauen in Ihren K\u00f6rper und Ihr Sexualleben geben - ganz zu schweigen von einer erh\u00f6hten Durchblutung, Befriedigung und Freude an jeder Erfahrung!<\/p>\n<p>Dies ist ein erstaunliches Produkt, das gerade als Ihre n\u00e4chste gro\u00dfe Aufregung dienen kann. Du musst nur wissen, dass all diese Zutaten so konzipiert sind, dass sie das sexuelle Vergn\u00fcgen an jedem m\u00f6glichen Punkt stimulieren. W\u00fcrzig und s\u00fc\u00df mit viel Alkohol - dieser Zaubertrank kann helfen, mehr als nur deine wilde Seite zu entfesseln!<\/p>","protected":false},"excerpt":{"rendered":"<p>Die Gesundheit und das Gl\u00fcck Ihres Sexuallebens sind wichtig, und deshalb bieten wir ein neues Produkt auf dem Markt an. Venicon f\u00fcr Frauen verwendet nat\u00fcrliche Inhaltsstoffe aus der ganzen Welt, um die Stimmung zu verbessern und daf\u00fcr zu sorgen, dass Sie sich k\u00f6rperlich wohl f\u00fchlen. Genie\u00dfen Sie den Lustschub, den Venicon ausl\u00f6st!<\/p>","protected":false},"featured_media":37153,"template":"","meta":[],"product_brand":[],"product_cat":[395,297,705,384],"product_tag":[],"class_list":{"0":"post-37184","1":"product","2":"type-product","3":"status-publish","4":"has-post-thumbnail","6":"product_cat-aphrodisiacs","7":"product_cat-all-products","8":"product_cat-sex-shop","9":"product_cat-smartshop","11":"first","12":"instock","13":"taxable","14":"shipping-taxable","15":"purchasable","16":"product-type-simple"},"_links":{"self":[{"href":"https:\/\/www.headshop.nl\/de\/wp-json\/wp\/v2\/product\/37184","targetHints":{"allow":["GET"]}}],"collection":[{"href":"https:\/\/www.headshop.nl\/de\/wp-json\/wp\/v2\/product"}],"about":[{"href":"https:\/\/www.headshop.nl\/de\/wp-json\/wp\/v2\/types\/product"}],"wp:featuredmedia":[{"embeddable":true,"href":"https:\/\/www.headshop.nl\/de\/wp-json\/wp\/v2\/media\/37153"}],"wp:attachment":[{"href":"https:\/\/www.headshop.nl\/de\/wp-json\/wp\/v2\/media?parent=37184"}],"wp:term":[{"taxonomy":"product_brand","embeddable":true,"href":"https:\/\/www.headshop.nl\/de\/wp-json\/wp\/v2\/product_brand?post=37184"},{"taxonomy":"product_cat","embeddable":true,"href":"https:\/\/www.headshop.nl\/de\/wp-json\/wp\/v2\/product_cat?post=37184"},{"taxonomy":"product_tag","embeddable":true,"href":"https:\/\/www.headshop.nl\/de\/wp-json\/wp\/v2\/product_tag?post=37184"}],"curies":[{"name":"wp","href":"https:\/\/api.w.org\/{rel}","templated":true}]}}