{"id":37182,"date":"2021-09-28T09:55:38","date_gmt":"2021-09-28T09:55:38","guid":{"rendered":"https:\/\/www.headshop.nl\/?post_type=product&#038;p=37182"},"modified":"2023-12-04T07:26:30","modified_gmt":"2023-12-04T07:26:30","slug":"camagra-for-women","status":"publish","type":"product","link":"https:\/\/www.headshop.nl\/de\/camagra-for-women\/","title":{"rendered":"Camagra f\u00fcr Frauen"},"content":{"rendered":"<h2 class=\"product_title entry-title\">Camagra Sexpillen f\u00fcr Frauen<\/h2>\n<p>Jetzt sind Sie der Star der Show mit Camagra f\u00fcr Frauen! Machen Sie sich bereit, seinen Namen zu schreien, denn jetzt ist Ihr K\u00f6rper bereit, jeden Zentimeter zu nehmen! Mit jeder Ber\u00fchrung wird Ihr Vergn\u00fcgen verst\u00e4rkt und intensiviert. Ist das nicht genau das, was Sie wollen?<\/p>\n<p>Camagra for Women ist ein hochwirksames pflanzliches Sexualstimulans, das die Wahrscheinlichkeit eines intensiven Orgasmus beim Sex erh\u00f6ht! Die organische Formel stimuliert auf nat\u00fcrliche Weise Ihre erogene Durchblutung und macht Sie empfindlich und erregt. Sanft, aber sehr tief, werden Sie vor Vergn\u00fcgen st\u00f6hnen, w\u00e4hrend sich Ihre Erregung in Ihnen aufbaut.<\/p>","protected":false},"excerpt":{"rendered":"<p>Seit der Einf\u00fchrung von Camagra for Women ist es eines der beliebtesten nat\u00fcrlichen Sexualstimulanzien f\u00fcr Frauen. Die pflanzliche Formel ist ein kluger und innovativer Weg, um mehr Freude am Sex mit Ihrem Partner oder einfach nur in Ihrer Freizeit zu haben als je zuvor!<\/p>","protected":false},"featured_media":37149,"template":"","meta":[],"product_brand":[],"product_cat":[395,297,705,384],"product_tag":[],"class_list":{"0":"post-37182","1":"product","2":"type-product","3":"status-publish","4":"has-post-thumbnail","6":"product_cat-aphrodisiacs","7":"product_cat-all-products","8":"product_cat-sex-shop","9":"product_cat-smartshop","11":"first","12":"instock","13":"taxable","14":"shipping-taxable","15":"purchasable","16":"product-type-simple"},"_links":{"self":[{"href":"https:\/\/www.headshop.nl\/de\/wp-json\/wp\/v2\/product\/37182","targetHints":{"allow":["GET"]}}],"collection":[{"href":"https:\/\/www.headshop.nl\/de\/wp-json\/wp\/v2\/product"}],"about":[{"href":"https:\/\/www.headshop.nl\/de\/wp-json\/wp\/v2\/types\/product"}],"wp:featuredmedia":[{"embeddable":true,"href":"https:\/\/www.headshop.nl\/de\/wp-json\/wp\/v2\/media\/37149"}],"wp:attachment":[{"href":"https:\/\/www.headshop.nl\/de\/wp-json\/wp\/v2\/media?parent=37182"}],"wp:term":[{"taxonomy":"product_brand","embeddable":true,"href":"https:\/\/www.headshop.nl\/de\/wp-json\/wp\/v2\/product_brand?post=37182"},{"taxonomy":"product_cat","embeddable":true,"href":"https:\/\/www.headshop.nl\/de\/wp-json\/wp\/v2\/product_cat?post=37182"},{"taxonomy":"product_tag","embeddable":true,"href":"https:\/\/www.headshop.nl\/de\/wp-json\/wp\/v2\/product_tag?post=37182"}],"curies":[{"name":"wp","href":"https:\/\/api.w.org\/{rel}","templated":true}]}}