{"id":37178,"date":"2021-09-28T09:23:59","date_gmt":"2021-09-28T09:23:59","guid":{"rendered":"https:\/\/www.headshop.nl\/?post_type=product&#038;p=37178"},"modified":"2022-06-27T08:07:38","modified_gmt":"2022-06-27T08:07:38","slug":"black-stone-spray","status":"publish","type":"product","link":"https:\/\/www.headshop.nl\/de\/black-stone-spray\/","title":{"rendered":"Black Stone Spray"},"content":{"rendered":"<h2 class=\"product_title entry-title\">Black Stone Spray<\/h2>\n<p>Egal, ob Sie ein junger Mann sind, der sicherstellen m\u00f6chte, dass er l\u00e4nger durchh\u00e4lt, ein \u00e4lterer Herr, der die Jugend seiner sexuellen F\u00e4higkeiten zur\u00fcckgewinnen m\u00f6chte, oder sogar jemand, der an Erektionsst\u00f6rungen leidet - dieses Spray k\u00f6nnte genau das sein, wonach Sie gesucht haben. Black Stone Spray ist perfekt f\u00fcr M\u00e4nner, die es nur dann verwenden wollen, wenn sie es brauchen und jede einzelne Minute maximieren wollen, w\u00e4hrend sie ihre Empfindlichkeit w\u00e4hrend dieser Minuten erh\u00f6hen.<\/p>\n<p>Die Macher von Black Stone Spray haben Sie abgedeckt, egal wie viel Zeit Sie damit verbringen wollen, den Job zu erledigen. Die Menschen lieben es, lang anhaltenden Sex zu haben und dieses Spray erm\u00f6glicht es ihnen, genau das zu tun, weil es ihnen hilft, ihren Orgasmus zu verz\u00f6gern. Das Spray ist 100% nat\u00fcrlich und sicher f\u00fcr die Anwendung im Intimbereich, also worauf warten Sie noch? Testen Sie dieses Produkt noch heute!<\/p>","protected":false},"excerpt":{"rendered":"<p>Es ist, als h\u00e4tte man einen Ersatzschl\u00fcssel, der so lange h\u00e4lt, wie man will. Mit dieser hochwirksamen und ganz nat\u00fcrlichen L\u00f6sung k\u00f6nnen Sie die Dinge verlangsamen, egal wie die Situation aussieht! Trage es einfach auf deinen Schaft oder H\u00fcgel auf, bevor es hei\u00df wird, damit du einen noch st\u00e4rkeren H\u00f6hepunkt hast, wenn der richtige Zeitpunkt gekommen ist!<\/p>","protected":false},"featured_media":37159,"template":"","meta":[],"product_brand":[],"product_cat":[395,297,705,384],"product_tag":[],"class_list":{"0":"post-37178","1":"product","2":"type-product","3":"status-publish","4":"has-post-thumbnail","6":"product_cat-aphrodisiacs","7":"product_cat-all-products","8":"product_cat-sex-shop","9":"product_cat-smartshop","11":"first","12":"instock","13":"taxable","14":"shipping-taxable","15":"purchasable","16":"product-type-simple"},"_links":{"self":[{"href":"https:\/\/www.headshop.nl\/de\/wp-json\/wp\/v2\/product\/37178","targetHints":{"allow":["GET"]}}],"collection":[{"href":"https:\/\/www.headshop.nl\/de\/wp-json\/wp\/v2\/product"}],"about":[{"href":"https:\/\/www.headshop.nl\/de\/wp-json\/wp\/v2\/types\/product"}],"wp:featuredmedia":[{"embeddable":true,"href":"https:\/\/www.headshop.nl\/de\/wp-json\/wp\/v2\/media\/37159"}],"wp:attachment":[{"href":"https:\/\/www.headshop.nl\/de\/wp-json\/wp\/v2\/media?parent=37178"}],"wp:term":[{"taxonomy":"product_brand","embeddable":true,"href":"https:\/\/www.headshop.nl\/de\/wp-json\/wp\/v2\/product_brand?post=37178"},{"taxonomy":"product_cat","embeddable":true,"href":"https:\/\/www.headshop.nl\/de\/wp-json\/wp\/v2\/product_cat?post=37178"},{"taxonomy":"product_tag","embeddable":true,"href":"https:\/\/www.headshop.nl\/de\/wp-json\/wp\/v2\/product_tag?post=37178"}],"curies":[{"name":"wp","href":"https:\/\/api.w.org\/{rel}","templated":true}]}}