{"id":37049,"date":"2021-09-28T08:00:47","date_gmt":"2021-09-28T08:00:47","guid":{"rendered":"https:\/\/www.headshop.nl\/?post_type=product&#038;p=37049"},"modified":"2025-10-24T01:26:16","modified_gmt":"2025-10-24T01:26:16","slug":"spanish-fly-sex-drops","status":"publish","type":"product","link":"https:\/\/www.headshop.nl\/de\/spanish-fly-sex-drops\/","title":{"rendered":"Spanish Fly Sex Drops"},"content":{"rendered":"<h2>Spanish Fly Sex Drops<\/h2>\n<p>Spanish Fly ist der beliebteste Liebestrank, der heute erh\u00e4ltlich ist, und er hat einen besonderen Platz in der Geschichte als eines der \u00e4ltesten aufgezeichneten Aphrodisiaka. Mit Spanish Fly an Ihrer Seite werden Sie sich aufgeregt und selbstbewusst f\u00fchlen und bereit sein, alles unter der Sonne in Angriff zu nehmen.<\/p>\n<p>Es ist an der Zeit, Ihren sexuellen Status Quo zu \u00e4ndern und besseren Sex zu haben, als Sie es sich je ertr\u00e4umt h\u00e4tten. Spanish Fly Sex Drops ist das perfekte alternative nat\u00fcrliche Aphrodisiakum - es wird Ihre Sicht der Dinge im Schlafzimmer ver\u00e4ndern und Ihre Beziehung vor dem Scheitern bewahren, bevor sie \u00fcberhaupt begonnen hat.<\/p>","protected":false},"excerpt":{"rendered":"<p>Die Formel von Spanish Fly Sex Drops ist einfach, aber sehr wirksam. Geben Sie einen winzigen Tropfen dieses Libidosteigerungsmittels in Ihr Getr\u00e4nk und das Ihres Partners und beobachten Sie, wie sich ihre Reaktionen zum Positiven ver\u00e4ndern! F\u00fcgen Sie Ihrem Lieblingsgetr\u00e4nk eine Prise hinzu, um Ihre Nacht aufzupeppen!<\/p>","protected":false},"featured_media":37064,"template":"","meta":[],"product_brand":[],"product_cat":[395,297,705,384,625,718],"product_tag":[],"class_list":{"0":"post-37049","1":"product","2":"type-product","3":"status-publish","4":"has-post-thumbnail","6":"product_cat-aphrodisiacs","7":"product_cat-all-products","8":"product_cat-sex-shop","9":"product_cat-smartshop","10":"product_cat-smartshop-top-10","11":"product_cat-spanish-fly","13":"first","14":"instock","15":"taxable","16":"shipping-taxable","17":"purchasable","18":"product-type-simple"},"_links":{"self":[{"href":"https:\/\/www.headshop.nl\/de\/wp-json\/wp\/v2\/product\/37049","targetHints":{"allow":["GET"]}}],"collection":[{"href":"https:\/\/www.headshop.nl\/de\/wp-json\/wp\/v2\/product"}],"about":[{"href":"https:\/\/www.headshop.nl\/de\/wp-json\/wp\/v2\/types\/product"}],"wp:featuredmedia":[{"embeddable":true,"href":"https:\/\/www.headshop.nl\/de\/wp-json\/wp\/v2\/media\/37064"}],"wp:attachment":[{"href":"https:\/\/www.headshop.nl\/de\/wp-json\/wp\/v2\/media?parent=37049"}],"wp:term":[{"taxonomy":"product_brand","embeddable":true,"href":"https:\/\/www.headshop.nl\/de\/wp-json\/wp\/v2\/product_brand?post=37049"},{"taxonomy":"product_cat","embeddable":true,"href":"https:\/\/www.headshop.nl\/de\/wp-json\/wp\/v2\/product_cat?post=37049"},{"taxonomy":"product_tag","embeddable":true,"href":"https:\/\/www.headshop.nl\/de\/wp-json\/wp\/v2\/product_tag?post=37049"}],"curies":[{"name":"wp","href":"https:\/\/api.w.org\/{rel}","templated":true}]}}