{"id":37038,"date":"2021-09-28T07:38:27","date_gmt":"2021-09-28T07:38:27","guid":{"rendered":"https:\/\/www.headshop.nl\/?post_type=product&#038;p=37038"},"modified":"2022-06-27T08:07:53","modified_gmt":"2022-06-27T08:07:53","slug":"rush-herbal-popper","status":"publish","type":"product","link":"https:\/\/www.headshop.nl\/de\/rush-herbal-popper\/","title":{"rendered":"Rush Herbal Popper"},"content":{"rendered":"<h2 class=\"product_title entry-title\">Rush Herbal Popper<\/h2>\n<p>Es gibt viele M\u00f6glichkeiten, diesen Kr\u00e4utersauger zu verwenden. Wenn Sie gerade die Welt des Analsexes erforschen, entspannen Sie Ihre Schlie\u00dfmuskeln im Voraus f\u00fcr eine komfortablere Erfahrung mit weniger Spannung in den Muskeln. Dieses Produkt wird es f\u00fcr Sie einfacher machen!<\/p>\n<p>Es ist auch perfekt, wenn Sie beim Sex hart bleiben wollen - es entspannt Ihren Penis schnell und sorgt daf\u00fcr, dass auftretende Erektionsprobleme sofort mit einem schnellen Spritzer behoben werden k\u00f6nnen! Au\u00dferdem ist das prickelnde Gef\u00fchl ein erstaunlicher Stimmungsaufheller, selbst wenn es im Bett nicht so gut l\u00e4uft. Und das Beste daran? Dieser Popper ist rein pflanzlich, also immer noch legal zu verkaufen!<\/p>","protected":false},"excerpt":{"rendered":"<p>Die Liebe ist \u00fcberall und wartet nur darauf, ge\u00f6ffnet zu werden. Z\u00f6gern Sie also nicht l\u00e4nger! St\u00fcrzen Sie sich in ein Erlebnis, das entspannend und aufregend zugleich ist. Holen Sie sich diesen Kr\u00e4uterpopper, um die Dauer Ihres Liebesspiels zu verl\u00e4ngern - damit Sie etwas mehr Zeit haben, um sich gegenseitig zu erkunden, neue Stellungen auszuprobieren und lustvolle Fantasien zu testen!<\/p>","protected":false},"featured_media":37129,"template":"","meta":[],"product_brand":[],"product_cat":[395,297,705,384],"product_tag":[],"class_list":{"0":"post-37038","1":"product","2":"type-product","3":"status-publish","4":"has-post-thumbnail","6":"product_cat-aphrodisiacs","7":"product_cat-all-products","8":"product_cat-sex-shop","9":"product_cat-smartshop","11":"first","12":"instock","13":"taxable","14":"shipping-taxable","15":"purchasable","16":"product-type-simple"},"_links":{"self":[{"href":"https:\/\/www.headshop.nl\/de\/wp-json\/wp\/v2\/product\/37038","targetHints":{"allow":["GET"]}}],"collection":[{"href":"https:\/\/www.headshop.nl\/de\/wp-json\/wp\/v2\/product"}],"about":[{"href":"https:\/\/www.headshop.nl\/de\/wp-json\/wp\/v2\/types\/product"}],"wp:featuredmedia":[{"embeddable":true,"href":"https:\/\/www.headshop.nl\/de\/wp-json\/wp\/v2\/media\/37129"}],"wp:attachment":[{"href":"https:\/\/www.headshop.nl\/de\/wp-json\/wp\/v2\/media?parent=37038"}],"wp:term":[{"taxonomy":"product_brand","embeddable":true,"href":"https:\/\/www.headshop.nl\/de\/wp-json\/wp\/v2\/product_brand?post=37038"},{"taxonomy":"product_cat","embeddable":true,"href":"https:\/\/www.headshop.nl\/de\/wp-json\/wp\/v2\/product_cat?post=37038"},{"taxonomy":"product_tag","embeddable":true,"href":"https:\/\/www.headshop.nl\/de\/wp-json\/wp\/v2\/product_tag?post=37038"}],"curies":[{"name":"wp","href":"https:\/\/api.w.org\/{rel}","templated":true}]}}