{"id":36851,"date":"2021-09-27T07:50:55","date_gmt":"2021-09-27T07:50:55","guid":{"rendered":"https:\/\/www.headshop.nl\/?post_type=product&#038;p=36851"},"modified":"2024-09-23T11:28:47","modified_gmt":"2024-09-23T11:28:47","slug":"opiates-drug-test","status":"publish","type":"product","link":"https:\/\/www.headshop.nl\/de\/opiates-drug-test\/","title":{"rendered":"Opiates Drug Test"},"content":{"rendered":"<h2><span data-sheets-value=\"{&quot;1&quot;:2,&quot;2&quot;:&quot;Opiates Drug Test&quot;}\" data-sheets-userformat=\"{&quot;2&quot;:4995,&quot;3&quot;:{&quot;1&quot;:0},&quot;4&quot;:{&quot;1&quot;:2,&quot;2&quot;:16043212},&quot;10&quot;:2,&quot;11&quot;:4,&quot;12&quot;:0,&quot;15&quot;:&quot;Arial&quot;}\">Opiates Drug Test<\/span> von EZ Test<\/h2>\n<p>Verabschieden Sie sich von jeglicher Unsicherheit, wenn es um Ihre Probe geht. Mit einem einfach zu bedienenden und pr\u00e4zisen Drogentest f\u00fcr zu Hause brauchen Sie nie wieder jemand anderen (oder etwas anderes). Vertrauen Sie sich selbst mit diesem innovativen, diskreten und einfachen Testkit von EZ Test!<\/p>\n<p>&nbsp;<\/p>","protected":false},"excerpt":{"rendered":"<p>Verwirrt dar\u00fcber, was Sie einnehmen? Keine Verwirrung mehr! Ein neues Drogentest-Kit, das speziell auf Ihre Bed\u00fcrfnisse zugeschnitten ist. Es handelt sich um ein genaues und einfach zu verwendendes Testkit f\u00fcr den Heimgebrauch, mit dem Sie sicher sein k\u00f6nnen, dass Ihre Probe das enth\u00e4lt, was Sie w\u00fcnschen. F\u00fchlen Sie sich sicherer mit unseren Drogentest-Kits von EZ Test!<\/p>","protected":false},"featured_media":36955,"template":"","meta":[],"product_brand":[],"product_cat":[387,297,384],"product_tag":[],"class_list":{"0":"post-36851","1":"product","2":"type-product","3":"status-publish","4":"has-post-thumbnail","6":"product_cat-drugtests","7":"product_cat-all-products","8":"product_cat-smartshop","9":"product_shipping_class-creditcard-on","11":"first","12":"instock","13":"taxable","14":"shipping-taxable","15":"purchasable","16":"product-type-variable","17":"has-default-attributes"},"_links":{"self":[{"href":"https:\/\/www.headshop.nl\/de\/wp-json\/wp\/v2\/product\/36851","targetHints":{"allow":["GET"]}}],"collection":[{"href":"https:\/\/www.headshop.nl\/de\/wp-json\/wp\/v2\/product"}],"about":[{"href":"https:\/\/www.headshop.nl\/de\/wp-json\/wp\/v2\/types\/product"}],"wp:featuredmedia":[{"embeddable":true,"href":"https:\/\/www.headshop.nl\/de\/wp-json\/wp\/v2\/media\/36955"}],"wp:attachment":[{"href":"https:\/\/www.headshop.nl\/de\/wp-json\/wp\/v2\/media?parent=36851"}],"wp:term":[{"taxonomy":"product_brand","embeddable":true,"href":"https:\/\/www.headshop.nl\/de\/wp-json\/wp\/v2\/product_brand?post=36851"},{"taxonomy":"product_cat","embeddable":true,"href":"https:\/\/www.headshop.nl\/de\/wp-json\/wp\/v2\/product_cat?post=36851"},{"taxonomy":"product_tag","embeddable":true,"href":"https:\/\/www.headshop.nl\/de\/wp-json\/wp\/v2\/product_tag?post=36851"}],"curies":[{"name":"wp","href":"https:\/\/api.w.org\/{rel}","templated":true}]}}