{"id":36850,"date":"2021-09-27T07:50:55","date_gmt":"2021-09-27T07:50:55","guid":{"rendered":"https:\/\/www.headshop.nl\/?post_type=product&#038;p=36850"},"modified":"2025-09-08T01:26:17","modified_gmt":"2025-09-08T01:26:17","slug":"synthetic-cannabinoids-k2-spice-drug-test","status":"publish","type":"product","link":"https:\/\/www.headshop.nl\/de\/synthetic-cannabinoids-k2-spice-drug-test\/","title":{"rendered":"Synthetic Cannabinoids, K2 Spice Drug Test"},"content":{"rendered":"<h2>Synthetic Cannabinoids, K2 Spice Drug Test von EZ Test<\/h2>\n<p>Stellen Sie sicher, dass Sie immer wissen, was Sie rauchen. Verwenden Sie den EZ Test Synthetische Materialien Cannabinoide, K2 Spice Drogentest, um sicher zu sein, dass Ihre Probe genau das enth\u00e4lt, was Sie w\u00fcnschen - die genauen Ergebnisse werden eines sicherstellen:<br \/>\nwas genau drin ist. Es ist einfach und sicher, also nutzen Sie noch heute alle unsere Produkte! Sie verdienen genaue und zuverl\u00e4ssige Werkzeuge f\u00fcr die schnelle und einfache Analyse von Proben, die Ihre gew\u00fcnschten Substanzen enthalten.<\/p>\n<p>K2 Spice mag wie eine harmlose alternative Droge klingen, aber jedes synthetische Cannabinoid kann gef\u00e4hrlich sein. Treffen Sie eine fundierte Entscheidung, um Ihre Sicherheit mit einem einfach zu bedienenden Heimdrogentestkit von EZ Test zu gew\u00e4hrleisten. Dies ist Ihre beste Wahl f\u00fcr sichere, genaue Ergebnisse!<\/p>","protected":false},"excerpt":{"rendered":"<p>Manchmal muss man sich einfach sicher sein.<br \/>\nMit dem Synthetic Cannabinoids, K2 Spice Drug Test von EZ Test, haben die Mitarbeiter von EZ Tests es einfach und sicher gemacht, herauszufinden, ob das, was Du in Deinen K\u00f6rper steckst, auch wirklich das ist, was Du haben willst. Egal, ob Sie sich \u00fcber Dinge wie \"Haschisch\u00f6l\" sicher sein wollen oder eine Best\u00e4tigung f\u00fcr \"Haschisch\" suchen, wir k\u00f6nnen Ihnen helfen!<\/p>","protected":false},"featured_media":36951,"template":"","meta":[],"product_brand":[],"product_cat":[387,297,384],"product_tag":[],"class_list":{"0":"post-36850","1":"product","2":"type-product","3":"status-publish","4":"has-post-thumbnail","6":"product_cat-drugtests","7":"product_cat-all-products","8":"product_cat-smartshop","9":"product_shipping_class-creditcard-on","11":"first","12":"instock","13":"taxable","14":"shipping-taxable","15":"purchasable","16":"product-type-variable","17":"has-default-attributes"},"_links":{"self":[{"href":"https:\/\/www.headshop.nl\/de\/wp-json\/wp\/v2\/product\/36850","targetHints":{"allow":["GET"]}}],"collection":[{"href":"https:\/\/www.headshop.nl\/de\/wp-json\/wp\/v2\/product"}],"about":[{"href":"https:\/\/www.headshop.nl\/de\/wp-json\/wp\/v2\/types\/product"}],"wp:featuredmedia":[{"embeddable":true,"href":"https:\/\/www.headshop.nl\/de\/wp-json\/wp\/v2\/media\/36951"}],"wp:attachment":[{"href":"https:\/\/www.headshop.nl\/de\/wp-json\/wp\/v2\/media?parent=36850"}],"wp:term":[{"taxonomy":"product_brand","embeddable":true,"href":"https:\/\/www.headshop.nl\/de\/wp-json\/wp\/v2\/product_brand?post=36850"},{"taxonomy":"product_cat","embeddable":true,"href":"https:\/\/www.headshop.nl\/de\/wp-json\/wp\/v2\/product_cat?post=36850"},{"taxonomy":"product_tag","embeddable":true,"href":"https:\/\/www.headshop.nl\/de\/wp-json\/wp\/v2\/product_tag?post=36850"}],"curies":[{"name":"wp","href":"https:\/\/api.w.org\/{rel}","templated":true}]}}