{"id":36847,"date":"2021-09-27T07:50:54","date_gmt":"2021-09-27T07:50:54","guid":{"rendered":"https:\/\/www.headshop.nl\/?post_type=product&#038;p=36847"},"modified":"2024-09-23T11:28:48","modified_gmt":"2024-09-23T11:28:48","slug":"mcpp-drug-test","status":"publish","type":"product","link":"https:\/\/www.headshop.nl\/de\/mcpp-drug-test\/","title":{"rendered":"MCPP Drug Test"},"content":{"rendered":"<h2><span data-sheets-value=\"{&quot;1&quot;:2,&quot;2&quot;:&quot;MCPP Drug Test&quot;}\" data-sheets-userformat=\"{&quot;2&quot;:4995,&quot;3&quot;:{&quot;1&quot;:0},&quot;4&quot;:{&quot;1&quot;:2,&quot;2&quot;:15120559},&quot;10&quot;:2,&quot;11&quot;:4,&quot;12&quot;:0,&quot;15&quot;:&quot;Arial&quot;}\">MCPP Drug Test<\/span> von EZ Test<\/h2>\n<p>Wenn Sie sicher sein wollen, was Sie nehmen, ist MCPP Drug Test von EZ Test genau das Richtige f\u00fcr Sie!<\/p>\n<p>MCPP Drug Test von EZ Test hilft Ihnen dabei, sicherzustellen, dass Sie das bekommen, was beworben wird. Vertrauen Sie nicht auf den Glauben oder auf Ger\u00fcchte, sondern auf die Fakten. Machen Sie den Test und finden Sie es selbst heraus!<\/p>\n<p>Mit einem Drogentest-Kit f\u00fcr den Heimgebrauch k\u00f6nnen Sie einfach und genau sicherstellen, dass Ihre Probe alle gew\u00fcnschten Substanzen enth\u00e4lt - n\u00e4mlich MCPP. Wir wollen doch nicht, dass Sie etwas bereuen, oder?<\/p>","protected":false},"excerpt":{"rendered":"<p>EZ Test hilft Ihnen, das auszuschlie\u00dfen, was Sie nicht in Ihrer Probe haben wollen, und das Vorhandensein dessen zu best\u00e4tigen, was Sie wollen. Es ist ein genaues und einfaches Testkit f\u00fcr zu Hause, so dass Sie sich der Qualit\u00e4t der zu testenden Drogen sicher sein k\u00f6nnen!<\/p>","protected":false},"featured_media":36948,"template":"","meta":[],"product_brand":[],"product_cat":[387,297,384],"product_tag":[],"class_list":{"0":"post-36847","1":"product","2":"type-product","3":"status-publish","4":"has-post-thumbnail","6":"product_cat-drugtests","7":"product_cat-all-products","8":"product_cat-smartshop","9":"product_shipping_class-creditcard-on","11":"first","12":"instock","13":"taxable","14":"shipping-taxable","15":"purchasable","16":"product-type-variable","17":"has-default-attributes"},"_links":{"self":[{"href":"https:\/\/www.headshop.nl\/de\/wp-json\/wp\/v2\/product\/36847","targetHints":{"allow":["GET"]}}],"collection":[{"href":"https:\/\/www.headshop.nl\/de\/wp-json\/wp\/v2\/product"}],"about":[{"href":"https:\/\/www.headshop.nl\/de\/wp-json\/wp\/v2\/types\/product"}],"wp:featuredmedia":[{"embeddable":true,"href":"https:\/\/www.headshop.nl\/de\/wp-json\/wp\/v2\/media\/36948"}],"wp:attachment":[{"href":"https:\/\/www.headshop.nl\/de\/wp-json\/wp\/v2\/media?parent=36847"}],"wp:term":[{"taxonomy":"product_brand","embeddable":true,"href":"https:\/\/www.headshop.nl\/de\/wp-json\/wp\/v2\/product_brand?post=36847"},{"taxonomy":"product_cat","embeddable":true,"href":"https:\/\/www.headshop.nl\/de\/wp-json\/wp\/v2\/product_cat?post=36847"},{"taxonomy":"product_tag","embeddable":true,"href":"https:\/\/www.headshop.nl\/de\/wp-json\/wp\/v2\/product_tag?post=36847"}],"curies":[{"name":"wp","href":"https:\/\/api.w.org\/{rel}","templated":true}]}}