{"id":36846,"date":"2021-09-27T07:50:53","date_gmt":"2021-09-27T07:50:53","guid":{"rendered":"https:\/\/www.headshop.nl\/?post_type=product&#038;p=36846"},"modified":"2024-09-23T11:28:49","modified_gmt":"2024-09-23T11:28:49","slug":"ketamine-drug-test","status":"publish","type":"product","link":"https:\/\/www.headshop.nl\/de\/ketamine-drug-test\/","title":{"rendered":"Ketamine Drug Test"},"content":{"rendered":"<h2><span data-sheets-value=\"{&quot;1&quot;:2,&quot;2&quot;:&quot;Ketamine Drug Test&quot;}\" data-sheets-userformat=\"{&quot;2&quot;:4995,&quot;3&quot;:{&quot;1&quot;:0},&quot;4&quot;:{&quot;1&quot;:2,&quot;2&quot;:14281427},&quot;10&quot;:2,&quot;11&quot;:4,&quot;12&quot;:0,&quot;15&quot;:&quot;Arial&quot;}\">Ketamine Drug Test<\/span> von EZ Test<\/h2>\n<p>Eine der gr\u00f6\u00dften Herausforderungen f\u00fcr Freizeitkonsumenten ist es, festzustellen, was sie tats\u00e4chlich zu sich nehmen. Wie kann man sicherstellen, dass die Probe das enth\u00e4lt, was man sich w\u00fcnscht? Die L\u00f6sung f\u00fcr dieses Problem kann in Form von einfachen, zuverl\u00e4ssigen Drogentestkits wie dem Ketamine Drug Test von EZ Test kommen.<\/p>\n<p>Dieser Test verwendet sichere Reagenzien in Laborqualit\u00e4t, die f\u00fcr das Screening von Drogen entwickelt wurden. Einfache und zuverl\u00e4ssige Ergebnisse fast sofort!<\/p>","protected":false},"excerpt":{"rendered":"<p>Ketamine Drug Test von EZ Test ist ein pr\u00e4zises Heimtest-Kit, mit dem Sie feststellen k\u00f6nnen, ob Ihre Probe das enth\u00e4lt, was Sie w\u00fcnschen. Es ist einfach zu bedienen und Sie werden sofort wissen, ob Ihre Probe Ketamin enth\u00e4lt oder nicht.<\/p>","protected":false},"featured_media":36944,"template":"","meta":[],"product_brand":[],"product_cat":[387,297,384],"product_tag":[],"class_list":{"0":"post-36846","1":"product","2":"type-product","3":"status-publish","4":"has-post-thumbnail","6":"product_cat-drugtests","7":"product_cat-all-products","8":"product_cat-smartshop","9":"product_shipping_class-creditcard-on","11":"first","12":"instock","13":"taxable","14":"shipping-taxable","15":"purchasable","16":"product-type-variable","17":"has-default-attributes"},"_links":{"self":[{"href":"https:\/\/www.headshop.nl\/de\/wp-json\/wp\/v2\/product\/36846","targetHints":{"allow":["GET"]}}],"collection":[{"href":"https:\/\/www.headshop.nl\/de\/wp-json\/wp\/v2\/product"}],"about":[{"href":"https:\/\/www.headshop.nl\/de\/wp-json\/wp\/v2\/types\/product"}],"wp:featuredmedia":[{"embeddable":true,"href":"https:\/\/www.headshop.nl\/de\/wp-json\/wp\/v2\/media\/36944"}],"wp:attachment":[{"href":"https:\/\/www.headshop.nl\/de\/wp-json\/wp\/v2\/media?parent=36846"}],"wp:term":[{"taxonomy":"product_brand","embeddable":true,"href":"https:\/\/www.headshop.nl\/de\/wp-json\/wp\/v2\/product_brand?post=36846"},{"taxonomy":"product_cat","embeddable":true,"href":"https:\/\/www.headshop.nl\/de\/wp-json\/wp\/v2\/product_cat?post=36846"},{"taxonomy":"product_tag","embeddable":true,"href":"https:\/\/www.headshop.nl\/de\/wp-json\/wp\/v2\/product_tag?post=36846"}],"curies":[{"name":"wp","href":"https:\/\/api.w.org\/{rel}","templated":true}]}}