{"id":36844,"date":"2021-09-27T07:50:52","date_gmt":"2021-09-27T07:50:52","guid":{"rendered":"https:\/\/www.headshop.nl\/?post_type=product&#038;p=36844"},"modified":"2024-10-17T09:24:27","modified_gmt":"2024-10-17T09:24:27","slug":"ghb-drug-test","status":"publish","type":"product","link":"https:\/\/www.headshop.nl\/de\/ghb-drug-test\/","title":{"rendered":"GHB Drug Test"},"content":{"rendered":"<h2>GHB Drug Test von EZ Test<\/h2>\n<p>Mit diesem Drogentest-Kit k\u00f6nnen Sie sicher sein, dass Ihre Probe das ist, was Sie wollen. Er ist sicher, zuverl\u00e4ssig und genau.<\/p>\n<p>Mit einfachen Anleitungen zur Verwendung der Testkits, damit jeder sie bequem benutzen kann - ein Muss, wenn Sie Ihrer Probe vertrauen m\u00fcssen!<\/p>\n<p>&nbsp;<\/p>","protected":false},"excerpt":{"rendered":"<p>F\u00fcr alle, die testen m\u00f6chten, was sie zu sich nehmen, gibt es ein genaues Testkit f\u00fcr zu Hause. Der GHB Drug Test von EZ Test gibt Ihnen die Gewissheit, dass Ihre Probe nur das gew\u00fcnschte Element enth\u00e4lt. Es ist einfach in der Anwendung und genau. Es gibt nichts Besseres, als sich sicher zu f\u00fchlen, weil man genau wei\u00df, was man seinem K\u00f6rper zuf\u00fchrt!<\/p>","protected":false},"featured_media":36962,"template":"","meta":[],"product_brand":[],"product_cat":[387,297,384],"product_tag":[],"class_list":{"0":"post-36844","1":"product","2":"type-product","3":"status-publish","4":"has-post-thumbnail","6":"product_cat-drugtests","7":"product_cat-all-products","8":"product_cat-smartshop","9":"product_shipping_class-creditcard-on","11":"first","12":"instock","13":"taxable","14":"shipping-taxable","15":"purchasable","16":"product-type-variable","17":"has-default-attributes"},"_links":{"self":[{"href":"https:\/\/www.headshop.nl\/de\/wp-json\/wp\/v2\/product\/36844","targetHints":{"allow":["GET"]}}],"collection":[{"href":"https:\/\/www.headshop.nl\/de\/wp-json\/wp\/v2\/product"}],"about":[{"href":"https:\/\/www.headshop.nl\/de\/wp-json\/wp\/v2\/types\/product"}],"wp:featuredmedia":[{"embeddable":true,"href":"https:\/\/www.headshop.nl\/de\/wp-json\/wp\/v2\/media\/36962"}],"wp:attachment":[{"href":"https:\/\/www.headshop.nl\/de\/wp-json\/wp\/v2\/media?parent=36844"}],"wp:term":[{"taxonomy":"product_brand","embeddable":true,"href":"https:\/\/www.headshop.nl\/de\/wp-json\/wp\/v2\/product_brand?post=36844"},{"taxonomy":"product_cat","embeddable":true,"href":"https:\/\/www.headshop.nl\/de\/wp-json\/wp\/v2\/product_cat?post=36844"},{"taxonomy":"product_tag","embeddable":true,"href":"https:\/\/www.headshop.nl\/de\/wp-json\/wp\/v2\/product_tag?post=36844"}],"curies":[{"name":"wp","href":"https:\/\/api.w.org\/{rel}","templated":true}]}}