{"id":36827,"date":"2021-09-27T07:50:44","date_gmt":"2021-09-27T07:50:44","guid":{"rendered":"https:\/\/www.headshop.nl\/?post_type=product&#038;p=36827"},"modified":"2024-09-23T11:28:51","modified_gmt":"2024-09-23T11:28:51","slug":"bath-salts-drug-test","status":"publish","type":"product","link":"https:\/\/www.headshop.nl\/de\/bath-salts-drug-test\/","title":{"rendered":"Bath Salts Drug Test"},"content":{"rendered":"<h2>Bath Salts Drug Test von EZ Test<\/h2>\n<p>Der Bath Salts Drug Test von EZ Test ist ein einfacher Heimdrogentest, mit dem Sie Ihre \"Probe\" als das erkennen k\u00f6nnen, was sie wirklich ist. Ob gef\u00e4lscht oder von hoher Qualit\u00e4t; die Ergebnisse werden mit schnellen und einfachen Farbreaktionen gezeigt, die klar wie der Tag sind. F\u00fcr diejenigen unter Ihnen, die sich vor der Einnahme einer Substanz Gewissheit verschaffen wollen, ist dies die perfekte L\u00f6sung!<\/p>\n<p>&nbsp;<\/p>","protected":false},"excerpt":{"rendered":"<p>Mache diesen einfachen und genauen Heimtest von EZ Test, um herauszufinden, was in der Drogenprobe, die Du hast, vor sich geht. Drogentests waren noch nie so einfach und schnell, kein Labor, nur hier und jetzt!<\/p>","protected":false},"featured_media":36923,"template":"","meta":[],"product_brand":[],"product_cat":[387,297,384],"product_tag":[],"class_list":{"0":"post-36827","1":"product","2":"type-product","3":"status-publish","4":"has-post-thumbnail","6":"product_cat-drugtests","7":"product_cat-all-products","8":"product_cat-smartshop","9":"product_shipping_class-creditcard-on","11":"first","12":"instock","13":"taxable","14":"shipping-taxable","15":"purchasable","16":"product-type-variable","17":"has-default-attributes"},"_links":{"self":[{"href":"https:\/\/www.headshop.nl\/de\/wp-json\/wp\/v2\/product\/36827","targetHints":{"allow":["GET"]}}],"collection":[{"href":"https:\/\/www.headshop.nl\/de\/wp-json\/wp\/v2\/product"}],"about":[{"href":"https:\/\/www.headshop.nl\/de\/wp-json\/wp\/v2\/types\/product"}],"wp:featuredmedia":[{"embeddable":true,"href":"https:\/\/www.headshop.nl\/de\/wp-json\/wp\/v2\/media\/36923"}],"wp:attachment":[{"href":"https:\/\/www.headshop.nl\/de\/wp-json\/wp\/v2\/media?parent=36827"}],"wp:term":[{"taxonomy":"product_brand","embeddable":true,"href":"https:\/\/www.headshop.nl\/de\/wp-json\/wp\/v2\/product_brand?post=36827"},{"taxonomy":"product_cat","embeddable":true,"href":"https:\/\/www.headshop.nl\/de\/wp-json\/wp\/v2\/product_cat?post=36827"},{"taxonomy":"product_tag","embeddable":true,"href":"https:\/\/www.headshop.nl\/de\/wp-json\/wp\/v2\/product_tag?post=36827"}],"curies":[{"name":"wp","href":"https:\/\/api.w.org\/{rel}","templated":true}]}}