{"id":36787,"date":"2021-09-27T07:50:26","date_gmt":"2021-09-27T07:50:26","guid":{"rendered":"https:\/\/www.headshop.nl\/?post_type=product&#038;p=36787"},"modified":"2024-09-23T11:28:55","modified_gmt":"2024-09-23T11:28:55","slug":"cocaine-cuts-drug-test","status":"publish","type":"product","link":"https:\/\/www.headshop.nl\/de\/cocaine-cuts-drug-test\/","title":{"rendered":"Cocaine Cuts Drug Test"},"content":{"rendered":"<h2>Cocaine Cuts Drug Test von EZ Test<\/h2>\n<p>EZ Test Cocaine Cuts Drug Test Kit ist das perfekte Werkzeug, um Ihnen zu helfen, sich von potenziellen Gefahren fernzuhalten, unabh\u00e4ngig davon, was Sie bevorzugen oder glauben. Wenn Sie sich zum Beispiel unsicher sind, welche Substanzen in den Drogen enthalten sind, die mit F\u00fcllstoffen gestreckt wurden, wird dieser Test schnell zeigen, ob sie als riskant angesehen werden m\u00fcssen.<\/p>\n<p>Dieses Kit enth\u00e4lt ein Kit f\u00fcr den Gebrauch durch eine Einzelperson - kaufe niemals ein Medikament, ohne es vorher zu testen! Wir enthalten alle notwendigen Werkzeuge und vieles mehr, damit Sie immer sicher sein k\u00f6nnen, was in einem Produkt enthalten ist, bevor Sie es verwenden! Die Tests sind zuverl\u00e4ssig und sicher, so dass Sie sich \u00fcber alle Aspekte Ihres Konsums sicher sein k\u00f6nnen.<\/p>\n<p>&nbsp;<\/p>","protected":false},"excerpt":{"rendered":"<p>Der Cocaine Cuts Drug Test von EZ Test sagt Ihnen, ob Ihre Probe das enth\u00e4lt, was Sie w\u00fcnschen. Einfach in der Anwendung und zuverl\u00e4ssig, ist dieser Drogentest perfekt f\u00fcr Ihren Seelenfrieden! Genau und schnell - das sind die Worte, die uns am meisten bedeuten, wenn es um das Testen der eigenen Produktproben geht. F\u00fchlen Sie sich sicherer mit den pr\u00e4zisen und einfach anzuwendenden Drogentestkits von EZ Test.<\/p>","protected":false},"featured_media":36897,"template":"","meta":[],"product_brand":[],"product_cat":[387,297,384],"product_tag":[],"class_list":{"0":"post-36787","1":"product","2":"type-product","3":"status-publish","4":"has-post-thumbnail","6":"product_cat-drugtests","7":"product_cat-all-products","8":"product_cat-smartshop","9":"product_shipping_class-creditcard-on","11":"first","12":"instock","13":"taxable","14":"shipping-taxable","15":"purchasable","16":"product-type-variable","17":"has-default-attributes"},"_links":{"self":[{"href":"https:\/\/www.headshop.nl\/de\/wp-json\/wp\/v2\/product\/36787","targetHints":{"allow":["GET"]}}],"collection":[{"href":"https:\/\/www.headshop.nl\/de\/wp-json\/wp\/v2\/product"}],"about":[{"href":"https:\/\/www.headshop.nl\/de\/wp-json\/wp\/v2\/types\/product"}],"wp:featuredmedia":[{"embeddable":true,"href":"https:\/\/www.headshop.nl\/de\/wp-json\/wp\/v2\/media\/36897"}],"wp:attachment":[{"href":"https:\/\/www.headshop.nl\/de\/wp-json\/wp\/v2\/media?parent=36787"}],"wp:term":[{"taxonomy":"product_brand","embeddable":true,"href":"https:\/\/www.headshop.nl\/de\/wp-json\/wp\/v2\/product_brand?post=36787"},{"taxonomy":"product_cat","embeddable":true,"href":"https:\/\/www.headshop.nl\/de\/wp-json\/wp\/v2\/product_cat?post=36787"},{"taxonomy":"product_tag","embeddable":true,"href":"https:\/\/www.headshop.nl\/de\/wp-json\/wp\/v2\/product_tag?post=36787"}],"curies":[{"name":"wp","href":"https:\/\/api.w.org\/{rel}","templated":true}]}}