{"id":36352,"date":"2020-08-25T08:07:52","date_gmt":"2020-08-25T08:07:52","guid":{"rendered":"https:\/\/www.headshop.nl\/?post_type=product&#038;p=36352"},"modified":"2025-02-18T08:47:55","modified_gmt":"2025-02-18T08:47:55","slug":"cbd-capsules-hempcare","status":"publish","type":"product","link":"https:\/\/www.headshop.nl\/de\/cbd-capsules-hempcare\/","title":{"rendered":"CBD Capsules Hempcare"},"content":{"rendered":"<h2 data-pm-slice=\"1 1 []\">CBD Perlenkapseln ( 90 Capsules) Von Hempcare<\/h2>\n<h2 data-pm-slice=\"1 1 []\">\nWas sind Hempcare CBD Pearlcaps?<\/h2>\n<p>Hempcare CBD Pearlcaps sind qualitativ hochwertige Kapseln mit reinem, nat\u00fcrlichem Hanfextrakt. Diese Kapseln werden mit Hanfsamen\u00f6l und CBD-Rohextrakt formuliert, um sicherzustellen, dass alle wesentlichen N\u00e4hrstoffe aus der Hanfpflanze erhalten bleiben. Im Gegensatz zu CBD-\u00d6len l\u00f6sen sich diese Softgel-Kapseln im Magen auf und setzen die n\u00fctzlichen Verbindungen ohne starken Geschmack frei.<\/p>\n<p>Jede Kapsel ist sorgf\u00e4ltig so konzipiert, dass sie CBD im Vollspektrum liefert, d.h. sie enth\u00e4lt eine Reihe von nat\u00fcrlichen Cannabinoiden, Flavonoiden und Terpenen, die zusammenwirken k\u00f6nnen, um die Wirkung zu verst\u00e4rken. Das Fehlen von THC stellt sicher, dass diese Kapseln keine psychoaktiven Wirkungen haben, was sie sicher und f\u00fcr den t\u00e4glichen Gebrauch geeignet macht. Mit ihrem praktischen Format sind Hempcare CBD Pearlcaps perfekt f\u00fcr diejenigen, die CBD m\u00fchelos in ihre Routine einbauen wollen.<\/p>\n<h2>Die Geschichte von Hempcare CBD Pearlcaps<\/h2>\n<p>CBD, oder Cannabidiol, wird seit Jahrhunderten wegen seiner potenziellen gesundheitlichen Vorteile verwendet. Die Hanfpflanze, aus der CBD extrahiert wird, hat eine reiche Geschichte, die Tausende von Jahren zur\u00fcckreicht. Alte Zivilisationen, darunter die Chinesen und \u00c4gypter, nutzten Hanf f\u00fcr medizinische und industrielle Zwecke. Sie erkannten seine beruhigenden und entz\u00fcndungshemmenden Eigenschaften und setzten ihn zur Behandlung verschiedener Beschwerden ein.<\/p>\n<p>In den letzten Jahren hat CBD durch die zunehmende wissenschaftliche Forschung und das Interesse der Verbraucher an nat\u00fcrlichen Wellness-Produkten an Popularit\u00e4t gewonnen. Hempcare hat auf diesem Erbe aufgebaut, indem es hochwertige CBD-Kapseln entwickelt hat, die das volle Potenzial der Hanfpflanze aussch\u00f6pfen. Durch die Konservierung des CBD-Rohextrakts und anderer nat\u00fcrlicher Bestandteile stellt Hempcare sicher, dass ihr Produkt der Natur treu bleibt und den Benutzern ein reines und wirksames Erg\u00e4nzungsmittel bietet.<\/p>\n<h2>Wie verwendet man Hempcare CBD Pearlcaps?<\/h2>\n<p>Die Einnahme von Hempcare CBD Pearlcaps ist einfach und bequem. Die empfohlene Dosierung ist eine Kapsel pro Tag, die mit Wasser eingenommen wird. Falls gew\u00fcnscht, kann die Dosierung auf bis zu vier Kapseln t\u00e4glich erh\u00f6ht werden. Es ist jedoch wichtig, diese Menge nicht zu \u00fcberschreiten.<\/p>\n<p>Im Gegensatz zu CBD-\u00d6l, das einen starken Geschmack haben kann, sind diese Kapseln geschmacksneutral und leicht zu schlucken. Die Weichkapselh\u00fclle l\u00f6st sich im Magen auf und erm\u00f6glicht so eine effektive Aufnahme der Wirkstoffe. Eine regelm\u00e4\u00dfige Einnahme kann zum allgemeinen Wohlbefinden beitragen, indem sie die Entspannung unterst\u00fctzt, Stress abbaut und einen ausgewogenen Lebensstil f\u00f6rdert. Um die besten Ergebnisse zu erzielen, ist Best\u00e4ndigkeit der Schl\u00fcssel - die t\u00e4gliche Einnahme von CBD kann helfen, die potenziellen Vorteile im Laufe der Zeit zu maximieren.<\/p>\n<h2>Inhaltsstoffe von Hempcare CBD Pearlcaps<\/h2>\n<p>Hempcare CBD Pearlcaps werden aus sorgf\u00e4ltig ausgew\u00e4hlten nat\u00fcrlichen Zutaten hergestellt, um Reinheit und Wirksamkeit zu gew\u00e4hrleisten. Die Kapseln enthalten:<\/p>\n<ul data-spread=\"false\">\n<li><strong>Hanfsamen\u00f6l<\/strong> - Ein n\u00e4hrstoffreiches \u00d6l, das essentielle Fetts\u00e4uren liefert und die Aufnahme von CBD verbessert.<\/li>\n<li><strong>Hanf Extract (Raw CBD)<\/strong> - Enth\u00e4lt ein komplettes Spektrum an Cannabinoiden, einschlie\u00dflich CBD, Flavonoide, Terpene und Phenole, die zu den allgemeinen Vorteilen beitragen.<\/li>\n<li><strong>Softgel-Kapsel (auf Proteinbasis)<\/strong> - Hergestellt aus 100% nat\u00fcrlichen Zutaten, die eine leichte Verdauung und eine effiziente Freisetzung der Wirkstoffe gew\u00e4hrleisten.<\/li>\n<\/ul>\n<p>Durch die Beibehaltung der rohen und ungefilterten Essenz des Hanfs stellt Hempcare sicher, dass alle n\u00fctzlichen Bestandteile intakt bleiben. Das Ergebnis ist ein reines und hochwertiges Erg\u00e4nzungsmittel, das sich nahtlos in einen gesundheitsbewussten Lebensstil einf\u00fcgt.<\/p>\n<p><strong>Warnung<\/strong><br \/>\n\u00dcberschreiten Sie nicht die empfohlene Tagesdosis. Dieses Produkt ist nicht dazu bestimmt, Krankheiten zu diagnostizieren, zu behandeln, zu heilen oder zu verhindern. Konsultieren Sie vor dem Gebrauch einen Arzt, insbesondere wenn Sie schwanger sind, stillen oder Medikamente einnehmen.<\/p>","protected":false},"excerpt":{"rendered":"<p data-pm-slice=\"1 1 []\">Hempcare CBD Pearlcaps sind nat\u00fcrliche CBD-Kapseln, die das allgemeine Wohlbefinden unterst\u00fctzen. Diese Softgel-Kapseln enthalten ein komplettes Spektrum an Hanfextrakten, darunter Cannabinoide, Flavonoide, Terpene und Phenole. Sie sind THC-frei und leicht einzunehmen, was sie zu einer praktischen t\u00e4glichen Erg\u00e4nzung macht. Erleben Sie die potenziellen Vorteile von CBD ohne starken Geschmack oder Geruch.<\/p>","protected":false},"featured_media":82327,"template":"","meta":[],"product_brand":[],"product_cat":[484,297,451,628,455,819,460,396,463],"product_tag":[],"class_list":{"0":"post-36352","1":"product","2":"type-product","3":"status-publish","4":"has-post-thumbnail","6":"product_cat-cbd-capsules","7":"product_cat-all-products","8":"product_cat-cbdshop","9":"product_cat-cbdshop-top-5","10":"product_cat-healthshop","11":"product_cat-hempcare","12":"product_cat-recovery","13":"product_cat-relax","14":"product_cat-sport","16":"first","17":"instock","18":"taxable","19":"shipping-taxable","20":"purchasable","21":"product-type-variable","22":"has-default-attributes"},"_links":{"self":[{"href":"https:\/\/www.headshop.nl\/de\/wp-json\/wp\/v2\/product\/36352","targetHints":{"allow":["GET"]}}],"collection":[{"href":"https:\/\/www.headshop.nl\/de\/wp-json\/wp\/v2\/product"}],"about":[{"href":"https:\/\/www.headshop.nl\/de\/wp-json\/wp\/v2\/types\/product"}],"wp:featuredmedia":[{"embeddable":true,"href":"https:\/\/www.headshop.nl\/de\/wp-json\/wp\/v2\/media\/82327"}],"wp:attachment":[{"href":"https:\/\/www.headshop.nl\/de\/wp-json\/wp\/v2\/media?parent=36352"}],"wp:term":[{"taxonomy":"product_brand","embeddable":true,"href":"https:\/\/www.headshop.nl\/de\/wp-json\/wp\/v2\/product_brand?post=36352"},{"taxonomy":"product_cat","embeddable":true,"href":"https:\/\/www.headshop.nl\/de\/wp-json\/wp\/v2\/product_cat?post=36352"},{"taxonomy":"product_tag","embeddable":true,"href":"https:\/\/www.headshop.nl\/de\/wp-json\/wp\/v2\/product_tag?post=36352"}],"curies":[{"name":"wp","href":"https:\/\/api.w.org\/{rel}","templated":true}]}}