{"id":36179,"date":"2021-08-24T07:57:14","date_gmt":"2021-08-24T07:57:14","guid":{"rendered":"https:\/\/www.headshop.nl\/?post_type=product&#038;p=36179"},"modified":"2026-03-29T01:26:22","modified_gmt":"2026-03-29T01:26:22","slug":"hawaiian-magic-mushroom-spores","status":"publish","type":"product","link":"https:\/\/www.headshop.nl\/de\/hawaiian-magic-mushroom-spores\/","title":{"rendered":"Hawaiian Magische Pilzsporen"},"content":{"rendered":"<h2 dir=\"auto\">Was sind Hawaiian Magic Mushroom Spores?<\/h2>\n<p dir=\"auto\">Hawaiian Magic Mushroom Spores sind ein Premiumprodukt f\u00fcr die Kultivierung potenter Psilocybe-Pilze, die f\u00fcr ihre intensive psychoaktive Wirkung bekannt sind. Geliefert in einer sterilen 5 ML Kulturampulle, sind diese Sporen bereit, ein Substrat zu beimpfen, was den Anbau f\u00fcr Enthusiasten vereinfacht. Diese Sorte rangiert ganz oben auf der Potenzskala und verspricht lebhafte Halluzinationen, gesch\u00e4rfte Sinne und eine tiefe Verbindung zur Natur. Selbst kleine Dosen regen Kreativit\u00e4t und Introspektion an. Die Ampulle enth\u00e4lt 100%-Myzel, Vermiculite und Perlite f\u00fcr optimale Qualit\u00e4t. An einem dunklen Ort aufbewahren, um die Lebensf\u00e4higkeit zu erhalten. Diese Sporen sind ideal f\u00fcr Erwachsene, die ihr Bewusstsein in einer sicheren, kontrollierten Umgebung mit einem vertrauten Begleiter erforschen wollen. F\u00fcr eine erfolgreiche Kultivierung und eine transformative Erfahrung ist eine sorgf\u00e4ltige Handhabung und sterile Vorgehensweise erforderlich.<\/p>\n<h2 dir=\"auto\">Geschichte von Hawaiian Magic Mushroom Spores<\/h2>\n<p dir=\"auto\">Die aus den tropischen Landschaften Hawaiis stammenden Hawaiian Magic Mushroom Spores geh\u00f6ren zu einer potenten Psilocybe-Sorte, die von Z\u00fcchtern und Psychonauten verehrt wird. In der Vergangenheit wurden diese Pilze bei spirituellen und schamanischen Praktiken verwendet und erlangten durch ihre Kraft Ber\u00fchmtheit. Moderne Fortschritte in der Mykologie haben die sterile Verteilung in Kulturampullen erm\u00f6glicht, was den Heimanbau sicherer und einfacher macht. Die best\u00e4ndige Potenz und das zuverl\u00e4ssige Wachstum der Sorte haben sie zu einem Favoriten in der psychedelischen Gemeinschaft gemacht, die f\u00fcr ihre tiefgreifenden, bewusstseinserweiternden Erfahrungen gefeiert wird. Ihr Erbe, das in der Natur und der menschlichen Erforschung verwurzelt ist, wird durch die richtige Handhabung und Lagerung fortgesetzt, um die Qualit\u00e4t zu bewahren und ihr reiches Erbe zu ehren.<\/p>\n<h2 dir=\"auto\">Wie man Hawaiian Magic Mushroom Spores verwendet<\/h2>\n<p dir=\"auto\">Die Kultivierung von Hawaiian Magic Mushroom Spores erfordert Pr\u00e4zision und Sterilit\u00e4t. Waschen Sie sich gr\u00fcndlich die H\u00e4nde und reinigen Sie das \u00c4u\u00dfere der Kulturampulle mit einem sterilen Alkoholtupfer. \u00d6ffnen Sie in einer sauberen Umgebung die sterile Spritzenverpackung, l\u00f6sen Sie den Ampullendeckel leicht und f\u00fchren Sie die Nadel durch die Gummidichtung, um die Spritze mit der Sporenkultur zu f\u00fcllen. Impfen Sie das gew\u00e4hlte Substrat gleichm\u00e4\u00dfig an und lassen Sie es bei Raumtemperatur wachsen. Innerhalb weniger Tage sollte sichtbares Myzel erscheinen, was auf einen Erfolg hindeutet. Lagern Sie unbenutzte Sporen an einem dunklen Ort. Arbeiten Sie in einer kontrollierten Umgebung, um gedeihende Pilze und ein starkes, lohnendes Erlebnis mit dieser kraftvollen Sorte zu gew\u00e4hrleisten.<\/p>\n<h2 dir=\"auto\">Inhaltsstoffe von Hawaiian Magic Mushroom Spores<\/h2>\n<p dir=\"auto\">Jede 5 ML Kulturampulle enth\u00e4lt hochwertige Komponenten f\u00fcr eine erfolgreiche Kultivierung: 100%-Myzel, die Grundlage f\u00fcr das Pilzwachstum, Vermiculit f\u00fcr die Feuchtigkeitsspeicherung und Perlit f\u00fcr die Bel\u00fcftung und Drainage. Diese Bestandteile werden unter sterilen Bedingungen hergestellt und gew\u00e4hrleisten Reinheit und Wirksamkeit. Die einfache Zusammensetzung stellt die Qualit\u00e4t in den Vordergrund und unterst\u00fctzt das robuste Wachstum eines hochwirksamen Psilocybe-Stammes. Zur Aufrechterhaltung der Wirksamkeit an einem dunklen Ort lagern. Diese Komponenten erm\u00f6glichen es den Z\u00fcchtern, auf sichere und kontrollierte Weise Pilze zu z\u00fcchten, die tiefgreifende sensorische und kreative Wirkungen entfalten.<\/p>\n<p dir=\"auto\"><strong>Warnung<\/strong><\/p>\n<p dir=\"auto\">Bewahren Sie Hawaiian Magic Mushroom Spores au\u00dferhalb der Reichweite von Kindern auf. Nur in sicheren Innenr\u00e4umen und in Anwesenheit einer vertrauensw\u00fcrdigen Person verwenden. Nicht verwenden, wenn Sie schwanger sind oder stillen, da dies ein Gesundheitsrisiko darstellen kann. Der Konsum beeintr\u00e4chtigt die F\u00e4higkeit, Auto zu fahren oder Maschinen zu bedienen. Vermeiden Sie die Kombination mit Alkohol, Drogen oder Medikamenten, da es zu unvorhersehbaren Wechselwirkungen kommen kann. Nicht empfohlen f\u00fcr Personen unter 18 Jahren. Befolgen Sie beim Anbau sterile Verfahren, um Verunreinigungen zu vermeiden und die Sicherheit zu gew\u00e4hrleisten.<\/p>","protected":false},"excerpt":{"rendered":"<p>F\u00fcr jeden Psychonauten; Hawaiian Magic Mushrooms sind \u00fcber die Macht dieser grandiosen Sorte und was passiert mit ein paar Pilzen. Psilocybin ist bekannt f\u00fcr seine geistig erm\u00e4chtigenden, energetischen Trips. Dieser Pilz ist nicht wie die meisten, die man da drau\u00dfen findet, da sie ziemlich stark sind, wenn es um visuelle Eindr\u00fccke geht - aber wir empfehlen sie nur f\u00fcr erfahrenere Tripper aufgrund ihrer intensiven spirituellen, trippigen Effekte.<\/p>","protected":false},"featured_media":36150,"template":"","meta":[],"product_brand":[],"product_cat":[399,297,403,398,384],"product_tag":[978],"class_list":{"0":"post-36179","1":"product","2":"type-product","3":"status-publish","4":"has-post-thumbnail","6":"product_cat-shroomshop","7":"product_cat-all-products","8":"product_cat-magic-mushroom-spore-syringes","9":"product_cat-mushrooms","10":"product_cat-smartshop","11":"product_tag-shrdeal","12":"product_shipping_class-group-7","14":"first","15":"instock","16":"taxable","17":"shipping-taxable","18":"purchasable","19":"product-type-variable","20":"has-default-attributes"},"_links":{"self":[{"href":"https:\/\/www.headshop.nl\/de\/wp-json\/wp\/v2\/product\/36179","targetHints":{"allow":["GET"]}}],"collection":[{"href":"https:\/\/www.headshop.nl\/de\/wp-json\/wp\/v2\/product"}],"about":[{"href":"https:\/\/www.headshop.nl\/de\/wp-json\/wp\/v2\/types\/product"}],"wp:featuredmedia":[{"embeddable":true,"href":"https:\/\/www.headshop.nl\/de\/wp-json\/wp\/v2\/media\/36150"}],"wp:attachment":[{"href":"https:\/\/www.headshop.nl\/de\/wp-json\/wp\/v2\/media?parent=36179"}],"wp:term":[{"taxonomy":"product_brand","embeddable":true,"href":"https:\/\/www.headshop.nl\/de\/wp-json\/wp\/v2\/product_brand?post=36179"},{"taxonomy":"product_cat","embeddable":true,"href":"https:\/\/www.headshop.nl\/de\/wp-json\/wp\/v2\/product_cat?post=36179"},{"taxonomy":"product_tag","embeddable":true,"href":"https:\/\/www.headshop.nl\/de\/wp-json\/wp\/v2\/product_tag?post=36179"}],"curies":[{"name":"wp","href":"https:\/\/api.w.org\/{rel}","templated":true}]}}