{"id":36178,"date":"2021-08-24T07:57:10","date_gmt":"2021-08-24T07:57:10","guid":{"rendered":"https:\/\/www.headshop.nl\/?post_type=product&#038;p=36178"},"modified":"2025-10-16T07:04:00","modified_gmt":"2025-10-16T07:04:00","slug":"ecuadorian-magic-mushroom-spores","status":"publish","type":"product","link":"https:\/\/www.headshop.nl\/de\/ecuadorian-magic-mushroom-spores\/","title":{"rendered":"Ecuadorian Magische Pilzsporen"},"content":{"rendered":"<h2 dir=\"auto\">Was sind Ecuadorian Magic Mushroom Spores?<\/h2>\n<p dir=\"auto\">Ecuadorian Magic Mushroom Spores, eine widerstandsf\u00e4hige Psilocybe cubensis-Sorte aus den Anden, ist ideal f\u00fcr Anf\u00e4nger und erfahrene Z\u00fcchter. Die gebrauchsfertige Kultur in einer 5 ML Kulturampulle minimiert das Kontaminationsrisiko und vereinfacht die Kultivierung. Diese Sporen produzieren innerhalb weniger Tage ein robustes Myzel und sorgen so f\u00fcr eine lohnende Erfahrung mit best\u00e4ndigen Ergebnissen. Die Ampulle besteht aus 100%-Myzel, Vermiculit und Perlit und ist auf Effizienz und Wirksamkeit ausgelegt. Die Sorte ist perfekt f\u00fcr alle, die eine einzigartige psychedelische Reise erleben m\u00f6chten. Sie gedeiht unter verschiedenen Bedingungen und bleibt lebensf\u00e4hig, wenn sie in einer dunklen, gek\u00fchlten Umgebung (2-8\u00b0C) gelagert wird. Dieses anf\u00e4ngerfreundliche Produkt bietet einen einfachen Einstieg in die Mykologie und liefert lebendige, unvergessliche Ergebnisse.<\/p>\n<h2 dir=\"auto\">Geschichte von Ecuadorian Magic Mushroom Spores<\/h2>\n<p dir=\"auto\">Die Ecuadorian Magic Mushroom Spores stammen aus den hochgelegenen Anden Ecuadors und haben ihre Wurzeln in spirituellen Praktiken der Ureinwohner. Diese von modernen Mykologen entdeckte Psilocybe cubensis-Sorte wurde f\u00fcr ihre Anpassungsf\u00e4higkeit und ihre nachsichtige Natur ber\u00fchmt und gedeiht in unterschiedlichen Umgebungen. Die Entwicklung der Kulturampulle hat die Kultivierung revolutioniert, da sie eine sterile, benutzerfreundliche Alternative zu den traditionellen Sporenmethoden darstellt und das Kontaminationsrisiko verringert. Ihr starkes, optisch auff\u00e4lliges Myzel hat sie zu einem weltweiten Favoriten unter den Z\u00fcchtern gemacht. Diese Sorte, die alte Ehrfurcht mit modernen Techniken verbindet, symbolisiert Widerstandsf\u00e4higkeit und Zug\u00e4nglichkeit und l\u00e4dt die Nutzer ein, die Wunder der Mykologie zu erforschen und gleichzeitig ihr reiches kulturelles Erbe zu ehren.<\/p>\n<h2 dir=\"auto\">Wie man Ecuadorian Magic Mushroom Spores verwendet<\/h2>\n<p dir=\"auto\">Die Verwendung von Ecuadorian Magic Mushroom Spores ist mit der Kulturampulle einfach. Waschen Sie sich gr\u00fcndlich die H\u00e4nde und reinigen Sie das \u00c4u\u00dfere der Ampulle mit einem sterilen Alkoholtupfer. \u00d6ffnen Sie in einer sauberen Umgebung die sterile Spritzenverpackung, l\u00f6sen Sie den Ampullendeckel leicht und ziehen Sie die 5 ML Kultur durch die Gummidichtung. Beimpfen Sie Ihr Substrat, halten Sie es bei Raumtemperatur und erwarten Sie ein Myzelwachstum innerhalb weniger Tage. Lagern Sie unbenutzte Sporen bei 2-8\u00b0C in einem dunklen, gek\u00fchlten Raum. Arbeiten Sie in einer sterilen Umgebung, um den Erfolg zu gew\u00e4hrleisten. Dieses anf\u00e4ngerfreundliche Verfahren liefert lebendiges Myzel und ist damit eine effiziente und lohnende Wahl f\u00fcr den Heimanbau.<\/p>\n<h2 dir=\"auto\">Inhaltsstoffe von Ecuadorian Magic Mushroom Spores<\/h2>\n<p dir=\"auto\">Jede 5-ML-Kulturampulle enth\u00e4lt 100%-Myzel f\u00fcr eine schnelle Besiedlung des Substrats, Vermiculit f\u00fcr die Feuchtigkeitsspeicherung und Perlit f\u00fcr die Bel\u00fcftung und Drainage. Diese reine, zusatzstofffreie Mischung wird unter sterilen Bedingungen hergestellt und gew\u00e4hrleistet ein robustes Wachstum und hohe Qualit\u00e4t. Die Inhaltsstoffe wirken synergetisch, um den Anbau zu vereinfachen und gleichzeitig das Potenzial der Sorte zu maximieren, was sie ideal f\u00fcr Anf\u00e4nger und Enthusiasten macht. Lagern Sie es in einer dunklen, gek\u00fchlten Umgebung (2-8\u00b0C), um die Wirksamkeit zu erhalten. Diese zuverl\u00e4ssige, nat\u00fcrliche Zusammensetzung unterst\u00fctzt einen best\u00e4ndigen, erfolgreichen Anbau und liefert ein zuverl\u00e4ssiges Produkt f\u00fcr den Anbau von potenten Magic Mushrooms.<\/p>\n<p dir=\"auto\"><strong>Warnung<\/strong><\/p>\n<p dir=\"auto\">Bewahren Sie Ecuadorian Magic Mushroom Spores au\u00dferhalb der Reichweite von Kindern auf. Verwenden Sie es in einer sicheren Umgebung in geschlossenen R\u00e4umen und in Anwesenheit einer vertrauensw\u00fcrdigen Person. Nicht verwenden, wenn Sie schwanger sind oder stillen, wegen m\u00f6glicher Gesundheitsrisiken. Dieses Produkt beeintr\u00e4chtigt die Fahrt\u00fcchtigkeit und das Bedienen von Maschinen. Vermeiden Sie die Kombination mit Alkohol, Drogen oder Medikamenten, um unvorhersehbare Wechselwirkungen zu vermeiden. Nicht geeignet f\u00fcr Personen unter 18 Jahren. Befolgen Sie sterile Verfahren, um einen sicheren und erfolgreichen Anbau zu gew\u00e4hrleisten.<\/p>","protected":false},"excerpt":{"rendered":"<p>Diese Ecuadorian Magic Mushrooms sind eine potente Sorte, die f\u00fcr ihre erm\u00e4chtigende, energetische Erfahrung bekannt ist. Obwohl sie nicht so stark visuell sind, werden sie Dich mit vielen Verzerrungen versorgen und Deine spirituelle Reise durch den Geist bereichern. Wir empfehlen dieses Produkt nur f\u00fcr diejenigen, die eine gewisse Erfahrung mit Psychedelika haben, denn es ist ein ziemlich starkes Zeug!<\/p>","protected":false},"featured_media":36142,"template":"","meta":[],"product_brand":[],"product_cat":[399,297,403,398,384],"product_tag":[978],"class_list":{"0":"post-36178","1":"product","2":"type-product","3":"status-publish","4":"has-post-thumbnail","6":"product_cat-shroomshop","7":"product_cat-all-products","8":"product_cat-magic-mushroom-spore-syringes","9":"product_cat-mushrooms","10":"product_cat-smartshop","11":"product_tag-shrdeal","12":"product_shipping_class-group-7","14":"first","15":"instock","16":"taxable","17":"shipping-taxable","18":"purchasable","19":"product-type-variable","20":"has-default-attributes"},"_links":{"self":[{"href":"https:\/\/www.headshop.nl\/de\/wp-json\/wp\/v2\/product\/36178","targetHints":{"allow":["GET"]}}],"collection":[{"href":"https:\/\/www.headshop.nl\/de\/wp-json\/wp\/v2\/product"}],"about":[{"href":"https:\/\/www.headshop.nl\/de\/wp-json\/wp\/v2\/types\/product"}],"wp:featuredmedia":[{"embeddable":true,"href":"https:\/\/www.headshop.nl\/de\/wp-json\/wp\/v2\/media\/36142"}],"wp:attachment":[{"href":"https:\/\/www.headshop.nl\/de\/wp-json\/wp\/v2\/media?parent=36178"}],"wp:term":[{"taxonomy":"product_brand","embeddable":true,"href":"https:\/\/www.headshop.nl\/de\/wp-json\/wp\/v2\/product_brand?post=36178"},{"taxonomy":"product_cat","embeddable":true,"href":"https:\/\/www.headshop.nl\/de\/wp-json\/wp\/v2\/product_cat?post=36178"},{"taxonomy":"product_tag","embeddable":true,"href":"https:\/\/www.headshop.nl\/de\/wp-json\/wp\/v2\/product_tag?post=36178"}],"curies":[{"name":"wp","href":"https:\/\/api.w.org\/{rel}","templated":true}]}}