{"id":36177,"date":"2021-08-24T07:57:05","date_gmt":"2021-08-24T07:57:05","guid":{"rendered":"https:\/\/www.headshop.nl\/?post_type=product&#038;p=36177"},"modified":"2025-10-16T07:04:00","modified_gmt":"2025-10-16T07:04:00","slug":"cambodian-magic-mushroom-spores","status":"publish","type":"product","link":"https:\/\/www.headshop.nl\/de\/cambodian-magic-mushroom-spores\/","title":{"rendered":"Cambodian Magische Pilzsporen"},"content":{"rendered":"<h2 dir=\"auto\">Was sind Cambodian Magic Mushroom Spores?<\/h2>\n<p dir=\"auto\">Cambodian Magic Mushroom Spores, abgeleitet von der Sorte Cambodia Cubensis, ist ein Premiumprodukt f\u00fcr die Kultivierung von Psilocybe-Pilzen. Geliefert in einer sterilen 5 ML Kulturampulle, vereinfacht die gebrauchsfertige Kultur die Inokulation und minimiert das Kontaminationsrisiko, ideal f\u00fcr Anf\u00e4nger und erfahrene Z\u00fcchter. Die Sporen bestehen aus 100%-Myzel, Vermiculit und Perlit und gew\u00e4hrleisten bei korrekter Kultivierung ein robustes Wachstum. Lagern Sie sie in einer dunklen, gek\u00fchlten Umgebung (2-8\u00b0C), um die Lebensf\u00e4higkeit zu erhalten. Dieses f\u00fcr den Heimanbau zugeschnittene Produkt bietet einen kontrollierten, lohnenden Prozess mit sichtbarem Myzelwachstum innerhalb weniger Tage und ebnet den Weg f\u00fcr ein einzigartiges Mykologieerlebnis.<\/p>\n<h2 dir=\"auto\">Geschichte von Cambodian Magic Mushroom Spores<\/h2>\n<p dir=\"auto\">Die von dem Mykologen John Allen in Kambodscha entdeckte Sorte Cambodia Cubensis wurde f\u00fcr ihre Widerstandsf\u00e4higkeit und ihre lebendige Wirkung ber\u00fchmt. Die Einf\u00fchrung der Kulturampulle revolutionierte den Anbau und ersetzte weniger zuverl\u00e4ssige Sporenabdr\u00fccke durch ein steriles, benutzerfreundliches Format. Die Anpassungsf\u00e4higkeit und die best\u00e4ndigen Ergebnisse dieser Sorte haben sie zu einem Grundnahrungsmittel der Mykologie gemacht, das in den tropischen Landschaften Kambodschas verwurzelt ist. Seine Beliebtheit spiegelt eine Mischung aus nat\u00fcrlichem Erbe und modernen Techniken wider, die es Liebhabern erm\u00f6glicht, mykologische Geschichte zu Hause zu erforschen. Jahrelanges Fachwissen sorgt daf\u00fcr, dass jedes Fl\u00e4schchen eine zuverl\u00e4ssige, lohnende Anbauerfahrung bietet.<\/p>\n<h2 dir=\"auto\">Wie man Cambodian Magic Mushroom Spores verwendet<\/h2>\n<p dir=\"auto\">Die Verwendung von Cambodian Magic Mushroom Spores ist mit der Kulturampulle einfach. Waschen Sie sich gr\u00fcndlich die H\u00e4nde und reinigen Sie das \u00c4u\u00dfere der Ampulle mit einem sterilen Alkoholtupfer. \u00d6ffnen Sie in einer sauberen Umgebung die sterile Spritzenverpackung, l\u00f6sen Sie den Ampullendeckel leicht und ziehen Sie die Kultur durch die Gummidichtung. Beimpfen Sie Ihr Substrat gleichm\u00e4\u00dfig und halten Sie es bei Raumtemperatur. Innerhalb weniger Tage erscheint sichtbares Myzel, was den Erfolg anzeigt. Arbeiten Sie in einem sterilen Arbeitsbereich, f\u00fchren Sie jeden Schritt sorgf\u00e4ltig aus und sorgen Sie f\u00fcr ein geeignetes Substrat und eine geeignete Umgebung. Dieses einfache Verfahren erm\u00f6glicht es Anf\u00e4ngern und Experten, Pilze sicher zu z\u00fcchten.<\/p>\n<h2 dir=\"auto\">Inhaltsstoffe von Cambodian Magic Mushroom Spores<\/h2>\n<p dir=\"auto\">Jede 5 ML Kulturampulle enth\u00e4lt 100% Myzel, Vermiculite und Perlite, die f\u00fcr ein robustes Pilzwachstum entwickelt wurden. Das Myzel bildet die Grundlage, w\u00e4hrend Vermiculit die Feuchtigkeit speichert und die Luft durchl\u00e4sst und Perlit die Drainage und die Leichtigkeit des Substrats verbessert. Diese unter sterilen Bedingungen hergestellte Mischung ohne Zusatzstoffe gew\u00e4hrleistet Reinheit und Wirksamkeit und ist auf die Sorte Cambodia Cubensis zugeschnitten. Lagern Sie es in einer dunklen, gek\u00fchlten Umgebung (2-8\u00b0C), um die Qualit\u00e4t zu erhalten. Diese kompatiblen Inhaltsstoffe f\u00f6rdern ein gleichm\u00e4\u00dfiges Myzelwachstum und bieten ein zuverl\u00e4ssiges, effizientes Produkt f\u00fcr einen sicheren Anbau.<\/p>\n<p dir=\"auto\"><strong>Warnung<\/strong><\/p>\n<p dir=\"auto\">Bewahren Sie Cambodian Magic Mushroom Spores au\u00dferhalb der Reichweite von Kindern auf und verwenden Sie es in einer sicheren, kontrollierten Umgebung in Innenr\u00e4umen in Anwesenheit einer vertrauten Person. Aufgrund von Gesundheitsrisiken nicht f\u00fcr schwangere oder stillende Personen geeignet. Die Einnahme beeintr\u00e4chtigt die Fahrt\u00fcchtigkeit und das Bedienen von Maschinen. Vermeiden Sie die Kombination mit Alkohol, Drogen oder Medikamenten, um nachteilige Auswirkungen zu vermeiden. Nicht geeignet f\u00fcr Personen unter 18 Jahren. Richtig lagern und die Anweisungen des Anbaus zur sicheren Handhabung befolgen.<\/p>","protected":false},"excerpt":{"rendered":"<p>Kurz und b\u00fcndig, es k\u00f6nnte keine bessere Option f\u00fcr Neulinge geben als die Cambodian Magic Mushrooms. Dies ist eine mildere Pilzsorte, die garantiert so viele Effekte hat, wie erfahrene Enthusiasten f\u00fcr ihre psychedelische Erfahrung suchen - wenn der eigentliche Trip nicht zu intensiv wird, k\u00f6nnte es genau das sein, wonach Du suchst. Der perfekte Pilz f\u00fcr Anf\u00e4nger oder den ersten Trip!<\/p>","protected":false},"featured_media":36134,"template":"","meta":[],"product_brand":[],"product_cat":[399,297,403,398,384],"product_tag":[978],"class_list":{"0":"post-36177","1":"product","2":"type-product","3":"status-publish","4":"has-post-thumbnail","6":"product_cat-shroomshop","7":"product_cat-all-products","8":"product_cat-magic-mushroom-spore-syringes","9":"product_cat-mushrooms","10":"product_cat-smartshop","11":"product_tag-shrdeal","12":"product_shipping_class-group-7","14":"first","15":"instock","16":"taxable","17":"shipping-taxable","18":"purchasable","19":"product-type-variable","20":"has-default-attributes"},"_links":{"self":[{"href":"https:\/\/www.headshop.nl\/de\/wp-json\/wp\/v2\/product\/36177","targetHints":{"allow":["GET"]}}],"collection":[{"href":"https:\/\/www.headshop.nl\/de\/wp-json\/wp\/v2\/product"}],"about":[{"href":"https:\/\/www.headshop.nl\/de\/wp-json\/wp\/v2\/types\/product"}],"wp:featuredmedia":[{"embeddable":true,"href":"https:\/\/www.headshop.nl\/de\/wp-json\/wp\/v2\/media\/36134"}],"wp:attachment":[{"href":"https:\/\/www.headshop.nl\/de\/wp-json\/wp\/v2\/media?parent=36177"}],"wp:term":[{"taxonomy":"product_brand","embeddable":true,"href":"https:\/\/www.headshop.nl\/de\/wp-json\/wp\/v2\/product_brand?post=36177"},{"taxonomy":"product_cat","embeddable":true,"href":"https:\/\/www.headshop.nl\/de\/wp-json\/wp\/v2\/product_cat?post=36177"},{"taxonomy":"product_tag","embeddable":true,"href":"https:\/\/www.headshop.nl\/de\/wp-json\/wp\/v2\/product_tag?post=36177"}],"curies":[{"name":"wp","href":"https:\/\/api.w.org\/{rel}","templated":true}]}}