{"id":36176,"date":"2021-08-24T07:57:02","date_gmt":"2021-08-24T07:57:02","guid":{"rendered":"https:\/\/www.headshop.nl\/?post_type=product&#038;p=36176"},"modified":"2025-10-16T07:04:01","modified_gmt":"2025-10-16T07:04:01","slug":"colombian-magic-mushroom-spores","status":"publish","type":"product","link":"https:\/\/www.headshop.nl\/de\/colombian-magic-mushroom-spores\/","title":{"rendered":"Colombian Magische Pilzsporen"},"content":{"rendered":"<h2 dir=\"auto\">Was sind Colombian Magic Mushroom Spores?<\/h2>\n<p dir=\"auto\">Colombian Magic Mushroom Spores, eine potente Psilocybe Cubensis-Sorte aus Kolumbien, sind bekannt f\u00fcr ihre gelb-blassbraunen \"Colombian Rust\"-Kappen und ihre intensive psychedelische Wirkung. Sie sind st\u00e4rker als die Sorten Mexican oder Thai und werden von erfahrenen Konsumenten bevorzugt. Diese Sporen werden in einer sterilen 5-ML-Kulturampulle mit 100%-Myzel, Vermiculite und Perlite geliefert und verringern das Kontaminationsrisiko im Vergleich zu herk\u00f6mmlichen Sporenabdr\u00fccken oder Spritzen. Sie sind ideal f\u00fcr einen zuverl\u00e4ssigen, potenten Anbau und eignen sich sowohl f\u00fcr erfahrene Z\u00fcchter als auch f\u00fcr Enthusiasten. Lagern Sie sie in einer dunklen, gek\u00fchlten Umgebung (2-8\u00b0C), um Langlebigkeit und Qualit\u00e4t f\u00fcr eine tiefgreifende psychedelische Erfahrung zu gew\u00e4hrleisten.<\/p>\n<h2 dir=\"auto\">Geschichte von Colombian Magic Mushroom Spores<\/h2>\n<p dir=\"auto\">Die aus den \u00fcppigen Regionen Kolumbiens stammenden Colombian Magic Mushroom Spores werden von den indigenen Gemeinschaften f\u00fcr ihre spirituelle und medizinische Verwendung verehrt. Die Sorte \"Colombian Rust\", die f\u00fcr ihr robustes Wachstum und ihre starke Wirkung bekannt ist, erlangte trotz langer Anbauzeiten weltweite Popularit\u00e4t. Die Entwicklung der Kulturampulle revolutionierte den Heimanbau, indem sie das Kontaminationsrisiko minimierte. Diese Sporen, die f\u00fcr ihre lebendigen Erfahrungen und ihre Zuverl\u00e4ssigkeit gefeiert werden, vereinen ein reiches kulturelles Erbe mit moderner Mykologie. Bei sachgem\u00e4\u00dfer Lagerung unter k\u00fchlen, dunklen Bedingungen (2-8\u00b0C) bleiben ihre Potenz und historische Bedeutung f\u00fcr Anbauer, die tiefe psychedelische Verbindungen suchen, erhalten.<\/p>\n<h2 dir=\"auto\">Wie man Colombian Magic Mushroom Spores verwendet<\/h2>\n<p dir=\"auto\">Die Verwendung von Colombian Magic Mushroom Spores ist mit der sterilen Kulturampulle einfach. Waschen Sie sich gr\u00fcndlich die H\u00e4nde und reinigen Sie das \u00c4u\u00dfere der Ampulle mit einem sterilen Alkoholtupfer. \u00d6ffnen Sie in einer sauberen Umgebung die sterile Spritzenverpackung, l\u00f6sen Sie den Ampullendeckel leicht und ziehen Sie die Kultur durch die Gummidichtung. Spritzen Sie die Kultur in Ihr Substrat und lagern Sie sie bei Raumtemperatur. Das Wachstum des Myzels erfolgt innerhalb weniger Tage und zeigt den Erfolg an. Achten Sie auf einen sterilen Arbeitsbereich, um optimale Ergebnisse zu erzielen. Bei sorgf\u00e4ltiger \u00dcberwachung bringt dieser Prozess potente Pilze hervor, die Pr\u00e4zision und Geduld beim Anbau belohnen.<\/p>\n<h2 dir=\"auto\">Inhaltsstoffe von Colombian Magic Mushroom Spores<\/h2>\n<p dir=\"auto\">Jede 5 ML Kulturampulle enth\u00e4lt 100% Myzel, Vermiculite und Perlite, die unter sterilen Bedingungen f\u00fcr eine zuverl\u00e4ssige Kultivierung hergestellt wurden. Das Myzel treibt das Pilzwachstum an, das Vermiculit speichert die Feuchtigkeit f\u00fcr die Ausbreitung des Myzels, und das Perlit verbessert die Bel\u00fcftung, um eine Verdichtung des Substrats zu verhindern. Diese gebrauchsfertige Kultur vereinfacht die Kultivierung im Vergleich zu Sporenabdr\u00fccken oder Spritzen. Lagern Sie sie in einer dunklen, gek\u00fchlten Umgebung (2-8\u00b0C), um die Qualit\u00e4t zu erhalten. Diese nat\u00fcrlichen Komponenten sorgen f\u00fcr ein best\u00e4ndiges Wachstum und liefern potente Pilze, die sich sowohl f\u00fcr Anf\u00e4nger als auch f\u00fcr erfahrene Z\u00fcchter eignen, die eine hochwertige psychedelische Erfahrung suchen.<\/p>\n<p dir=\"auto\"><strong>Warnung<\/strong><\/p>\n<p dir=\"auto\">Bewahren Sie Colombian Magic Mushroom Spores au\u00dferhalb der Reichweite von Kindern auf und verwenden Sie es in einer sicheren, kontrollierten Umgebung in Anwesenheit einer vertrauten Person. Nicht verwenden, wenn Sie schwanger sind oder stillen, da die Auswirkungen nicht vorhersehbar sind. Dieses Produkt beeintr\u00e4chtigt die Fahrt\u00fcchtigkeit und das Bedienen von Maschinen. Vermeiden Sie die Kombination mit Alkohol, Drogen oder Medikamenten, um ein erh\u00f6htes Risiko zu vermeiden. Nicht geeignet f\u00fcr Personen unter 18 Jahren. Priorisieren Sie Sicherheit und Verantwortung w\u00e4hrend des Gebrauchs.<\/p>","protected":false},"excerpt":{"rendered":"<p>Colombian Magic Mushroom Spores sind die perfekte Wahl, wenn Du auf der Suche nach einem Trip bist, ohne Dir allzu viele Gedanken dar\u00fcber zu machen, was Du sehen wirst. Die Colombian Psilocybe Colobienscens Magic Mushrooms werden von vielen gesucht, da sie eine entspannte Einstellung haben und philosophische Reisen genie\u00dfen. Fang an, sie zu z\u00fcchten!<\/p>","protected":false},"featured_media":36138,"template":"","meta":[],"product_brand":[],"product_cat":[399,297,403,398,384],"product_tag":[978],"class_list":{"0":"post-36176","1":"product","2":"type-product","3":"status-publish","4":"has-post-thumbnail","6":"product_cat-shroomshop","7":"product_cat-all-products","8":"product_cat-magic-mushroom-spore-syringes","9":"product_cat-mushrooms","10":"product_cat-smartshop","11":"product_tag-shrdeal","12":"product_shipping_class-group-7","14":"first","15":"instock","16":"taxable","17":"shipping-taxable","18":"purchasable","19":"product-type-variable","20":"has-default-attributes"},"_links":{"self":[{"href":"https:\/\/www.headshop.nl\/de\/wp-json\/wp\/v2\/product\/36176","targetHints":{"allow":["GET"]}}],"collection":[{"href":"https:\/\/www.headshop.nl\/de\/wp-json\/wp\/v2\/product"}],"about":[{"href":"https:\/\/www.headshop.nl\/de\/wp-json\/wp\/v2\/types\/product"}],"wp:featuredmedia":[{"embeddable":true,"href":"https:\/\/www.headshop.nl\/de\/wp-json\/wp\/v2\/media\/36138"}],"wp:attachment":[{"href":"https:\/\/www.headshop.nl\/de\/wp-json\/wp\/v2\/media?parent=36176"}],"wp:term":[{"taxonomy":"product_brand","embeddable":true,"href":"https:\/\/www.headshop.nl\/de\/wp-json\/wp\/v2\/product_brand?post=36176"},{"taxonomy":"product_cat","embeddable":true,"href":"https:\/\/www.headshop.nl\/de\/wp-json\/wp\/v2\/product_cat?post=36176"},{"taxonomy":"product_tag","embeddable":true,"href":"https:\/\/www.headshop.nl\/de\/wp-json\/wp\/v2\/product_tag?post=36176"}],"curies":[{"name":"wp","href":"https:\/\/api.w.org\/{rel}","templated":true}]}}