{"id":36174,"date":"2021-08-24T07:56:55","date_gmt":"2021-08-24T07:56:55","guid":{"rendered":"https:\/\/www.headshop.nl\/?post_type=product&#038;p=36174"},"modified":"2025-10-16T07:04:02","modified_gmt":"2025-10-16T07:04:02","slug":"mexican-magic-mushroom-spores","status":"publish","type":"product","link":"https:\/\/www.headshop.nl\/de\/mexican-magic-mushroom-spores\/","title":{"rendered":"Mexican Magische Pilzsporen"},"content":{"rendered":"<h2 dir=\"auto\">Was sind Mexican Magic Mushroom Spores?<\/h2>\n<p dir=\"auto\">Mexican Magic Mushroom Spores, die von Psilocybe mexicana stammen, sind f\u00fcr ihre historische und kulturelle Bedeutung bekannt. Diese Sporen werden in einer sterilen 5-ML-Kulturampulle geliefert und vereinfachen die Kultivierung, indem sie das Kontaminationsrisiko im Vergleich zu herk\u00f6mmlichen Sporenabdr\u00fccken oder Spritzen verringern. Sie sind ideal f\u00fcr Anf\u00e4nger und erfahrene Mykologen und bieten eine zuverl\u00e4ssige, sichere M\u00f6glichkeit, lebendiges Myzel zu z\u00fcchten und kn\u00fcpfen damit an eine jahrhundertealte Mexican-Tradition an. Die gebrauchsfertige Kultur der Ampulle f\u00f6rdert eine lohnende Kultivierungserfahrung, die Wissenschaft und Spiritualit\u00e4t miteinander verbindet. Lagern Sie die Ampulle in einer dunklen, gek\u00fchlten Umgebung (2-8\u00b0C), um die Qualit\u00e4t zu erhalten und eine tiefgreifende Reise in die nat\u00fcrliche Sch\u00f6nheit der Mykologie zu gew\u00e4hrleisten.<\/p>\n<h2 dir=\"auto\">Geschichte von Mexican Magic Mushroom Spores<\/h2>\n<p dir=\"auto\">Psilocybe mexicana-Pilze sind in den spirituellen Praktiken der Ureinwohner verwurzelt und waren in vorkolonialen Ritualen heilig und wurden von Schamanen zur g\u00f6ttlichen Kommunikation verwendet. Ihre Bedeutung blieb bis in die 1950er Jahre erhalten, als die Entdeckung des Psilocybins in diesen Pilzen weltweites wissenschaftliches Interesse weckte und eine Br\u00fccke zwischen alten Traditionen und moderner Mykologie schlug. Heute erm\u00f6glichen die Mexican Magic Mushroom Spores, die in sterilen Kulturampullen aufbewahrt werden, den Heimz\u00fcchtern, dieses Erbe zu ehren. Gefeiert f\u00fcr ihre historische Tiefe, erm\u00f6glichen sie es Enthusiasten, sich mit einer verehrten Praxis zu besch\u00e4ftigen und die Authentizit\u00e4t und kulturelle Verehrung der Sorte durch sorgf\u00e4ltige Kultivierung zu erhalten.<\/p>\n<h2 dir=\"auto\">Wie man Mexican Magic Mushroom Spores verwendet<\/h2>\n<p dir=\"auto\">Die Verwendung von Mexican Magic Mushroom Spores ist mit der sterilen Kulturampulle ganz einfach. Waschen Sie sich gr\u00fcndlich die H\u00e4nde und reinigen Sie das \u00c4u\u00dfere der Ampulle mit einem sterilen Alkoholtupfer. \u00d6ffnen Sie in einer sauberen Umgebung die sterile Spritzenverpackung, l\u00f6sen Sie leicht den Ampullendeckel und ziehen Sie die 5 ML Kultur durch die Gummidichtung. Ein Substrat beimpfen (z. B. eine Mischung aus Vermiculit und Perlit) und bei Raumtemperatur lagern. Das Wachstum des Myzels erfolgt innerhalb weniger Tage und zeigt den Erfolg an. Um optimale Ergebnisse zu erzielen, sollte der Arbeitsbereich steril gehalten werden. Lagern Sie unbenutzte Sporen bei 2-8 \u00b0C in einem dunklen, gek\u00fchlten Raum, um ihre Lebensf\u00e4higkeit zu gew\u00e4hrleisten.<\/p>\n<h2 dir=\"auto\">Inhaltsstoffe von Mexican Magic Mushroom Spores<\/h2>\n<p dir=\"auto\">Jede 5 ML Kulturampulle enth\u00e4lt eine sterile Psilocybe mexicana Sporenkultur, die auf Reinheit und Einfachheit ausgelegt ist. Das empfohlene Substrat besteht aus Myzel, Vermiculite f\u00fcr die Feuchtigkeitsspeicherung und Perlite f\u00fcr die Bel\u00fcftung, um optimale Wachstumsbedingungen zu schaffen. Diese kontaminationsfreie Mischung wird unter streng sterilen Bedingungen hergestellt und gew\u00e4hrleistet eine zuverl\u00e4ssige Kultivierung. Die minimalen, hochwertigen Inhaltsstoffe sorgen f\u00fcr ein ausgewogenes Verh\u00e4ltnis zwischen Einfachheit und Wirksamkeit und unterst\u00fctzen die dynamische Entwicklung von Pilzen. Diese Rezeptur erm\u00f6glicht sowohl Anf\u00e4ngern als auch Experten eine erfolgreiche Kultivierung. Sie ehrt die alten Urspr\u00fcnge der Sorte und nutzt gleichzeitig moderne Techniken f\u00fcr eine nahtlose Mykologie-Erfahrung.<\/p>\n<p dir=\"auto\"><strong>Warnung<\/strong><\/p>\n<p dir=\"auto\">Gehen Sie verantwortungsbewusst mit Mexican Magic Mushroom Spores um und bewahren Sie es au\u00dferhalb der Reichweite von Kindern auf. Verwenden Sie es in einer sicheren, kontrollierten Umgebung und in Anwesenheit einer vertrauensw\u00fcrdigen Person. Nicht verwenden, wenn Sie schwanger sind oder stillen, da dies zu Gesundheitsrisiken f\u00fchren kann. Dieses Produkt beeintr\u00e4chtigt die Fahrt\u00fcchtigkeit und das Bedienen von Maschinen. Vermeiden Sie die Kombination mit Alkohol, Drogen oder Medikamenten, um unerw\u00fcnschte Wirkungen zu vermeiden. Nicht geeignet f\u00fcr Personen unter 18 Jahren. Dunkel und gek\u00fchlt lagern (2-8\u00b0C). Befolgen Sie die Anbauanweisungen sorgf\u00e4ltig, um eine sichere, positive Erfahrung zu gew\u00e4hrleisten.<\/p>","protected":false},"excerpt":{"rendered":"<p>Gr\u00fc\u00dfe, Pilzkopf. Lust auf ein bisschen Magie? F\u00fcr diesen Perspektivwechsel musst du nicht in eine weit entfernte Galaxie reisen: Hol dir Mexican Magic Mushroom Spores und lass deinen Gedanken freien Lauf. Diese kleinen Kerlchen sind mild wirksam und schonend f\u00fcr Dein Gehirn. Ein perfekter Einstieg in die Psychedelik, garantiert!<\/p>","protected":false},"featured_media":36160,"template":"","meta":[],"product_brand":[],"product_cat":[399,297,403,398,384],"product_tag":[978],"class_list":{"0":"post-36174","1":"product","2":"type-product","3":"status-publish","4":"has-post-thumbnail","6":"product_cat-shroomshop","7":"product_cat-all-products","8":"product_cat-magic-mushroom-spore-syringes","9":"product_cat-mushrooms","10":"product_cat-smartshop","11":"product_tag-shrdeal","12":"product_shipping_class-group-7","14":"first","15":"instock","16":"taxable","17":"shipping-taxable","18":"purchasable","19":"product-type-variable","20":"has-default-attributes"},"_links":{"self":[{"href":"https:\/\/www.headshop.nl\/de\/wp-json\/wp\/v2\/product\/36174","targetHints":{"allow":["GET"]}}],"collection":[{"href":"https:\/\/www.headshop.nl\/de\/wp-json\/wp\/v2\/product"}],"about":[{"href":"https:\/\/www.headshop.nl\/de\/wp-json\/wp\/v2\/types\/product"}],"wp:featuredmedia":[{"embeddable":true,"href":"https:\/\/www.headshop.nl\/de\/wp-json\/wp\/v2\/media\/36160"}],"wp:attachment":[{"href":"https:\/\/www.headshop.nl\/de\/wp-json\/wp\/v2\/media?parent=36174"}],"wp:term":[{"taxonomy":"product_brand","embeddable":true,"href":"https:\/\/www.headshop.nl\/de\/wp-json\/wp\/v2\/product_brand?post=36174"},{"taxonomy":"product_cat","embeddable":true,"href":"https:\/\/www.headshop.nl\/de\/wp-json\/wp\/v2\/product_cat?post=36174"},{"taxonomy":"product_tag","embeddable":true,"href":"https:\/\/www.headshop.nl\/de\/wp-json\/wp\/v2\/product_tag?post=36174"}],"curies":[{"name":"wp","href":"https:\/\/api.w.org\/{rel}","templated":true}]}}