{"id":36173,"date":"2021-08-24T07:56:53","date_gmt":"2021-08-24T07:56:53","guid":{"rendered":"https:\/\/www.headshop.nl\/?post_type=product&#038;p=36173"},"modified":"2025-10-16T07:04:02","modified_gmt":"2025-10-16T07:04:02","slug":"mckennaii-magic-mushroom-spores","status":"publish","type":"product","link":"https:\/\/www.headshop.nl\/de\/mckennaii-magic-mushroom-spores\/","title":{"rendered":"McKennaii Magische Pilzsporen"},"content":{"rendered":"<h2 dir=\"auto\">Geschichte von McKennaii Magic Mushroom Spores<\/h2>\n<p dir=\"auto\">McKennaii Magic Mushroom Spores wurde zu Ehren von Terence McKenna, einer Schl\u00fcsselfigur der psychedelischen Bewegung, entwickelt und entstand im sp\u00e4ten 20. Jahrhundert als widerstandsf\u00e4hige, potente Psilocybe Cubensis-Sorte. Inspiriert von McKennas Lehren \u00fcber das spirituelle Potenzial von Psilocybin, erlangte diese Sorte aufgrund ihrer intensiven Wirkung gro\u00dfe Popularit\u00e4t, obwohl sie schwieriger zu kultivieren ist als andere wie Hawaiian. Die Einf\u00fchrung der Culture Ampoule revolutionierte den Heimanbau, indem sie das Kontaminationsrisiko reduzierte. Die McKennaii-Sporen, die McKennas Erbe mit moderner Mykologie verbinden, sind weltweit begehrt und spiegeln die wachsende Akzeptanz von Psychedelika als Mittel zur pers\u00f6nlichen Erforschung und kulturellen Verehrung wider.<\/p>\n<h2 dir=\"auto\">Wie man McKennaii Magic Mushroom Spores verwendet<\/h2>\n<p dir=\"auto\">Die Verwendung von McKennaii Magic Mushroom Spores ist mit der sterilen Kulturampulle einfach. Waschen Sie sich gr\u00fcndlich die H\u00e4nde und reinigen Sie das \u00c4u\u00dfere der Ampulle mit einem sterilen Alkoholtupfer. \u00d6ffnen Sie in einer sauberen Umgebung die sterile Spritzenverpackung, l\u00f6sen Sie leicht den Ampullendeckel und ziehen Sie die Kultur durch die Gummidichtung. Beimpfen Sie Ihr Substrat und lagern Sie es bei Raumtemperatur. Das Wachstum des Myzels zeigt sich innerhalb weniger Tage und signalisiert den Erfolg. Halten Sie die Sterilit\u00e4t aufrecht und kultivieren Sie in einem kontrollierten Raum. Diese Methode vereinfacht die Kultivierung im Vergleich zu Sporenabdr\u00fccken und erm\u00f6glicht es den Nutzern, potente Pilze sicher und mit pr\u00e4ziser Sorgfalt zu z\u00fcchten.<\/p>\n<h2 dir=\"auto\">Inhaltsstoffe von McKennaii Magic Mushroom Spores<\/h2>\n<p dir=\"auto\">Jede 5 ML Kulturampulle enth\u00e4lt 100% Myzel, Vermiculite und Perlite, die unter sterilen Bedingungen f\u00fcr eine zuverl\u00e4ssige Kultivierung hergestellt wurden. Das Myzel bildet die Grundlage f\u00fcr das Pilzwachstum, das Vermiculit h\u00e4lt die Feuchtigkeit zur\u00fcck und f\u00f6rdert die Bel\u00fcftung, und das Perlit verbessert die Drainage und die Feuchtigkeit. Diese Mischung ohne Zusatzstoffe gew\u00e4hrleistet einen nat\u00fcrlichen, wirksamen Anbauprozess. Lagern Sie es in einer dunklen, gek\u00fchlten Umgebung (2-8\u00b0C), um die Qualit\u00e4t zu erhalten. Diese synergistischen Inhaltsstoffe unterst\u00fctzen die robuste Entwicklung des Pilzes und machen die Sporen von McKennaii f\u00fcr Z\u00fcchter, die die tiefgreifende psychedelische Wirkung der Sorte suchen, zug\u00e4nglich und leistungsstark.<\/p>\n<p dir=\"auto\"><strong>Warnung<\/strong><\/p>\n<p dir=\"auto\">Bewahren Sie McKennaii Magic Mushroom Spores au\u00dferhalb der Reichweite von Kindern auf und verwenden Sie es in einer sicheren Umgebung in Innenr\u00e4umen in Anwesenheit einer vertrauten Person. Wegen m\u00f6glicher Gesundheitsrisiken nicht in der Schwangerschaft oder Stillzeit verwenden. Der Konsum beeintr\u00e4chtigt die Fahrt\u00fcchtigkeit und das Bedienen von Maschinen. Nicht mit Alkohol, Drogen oder Medikamenten kombinieren, um Wechselwirkungen zu vermeiden. Nicht geeignet f\u00fcr Personen unter 18 Jahren. An einem dunklen, gek\u00fchlten Ort (2-8\u00b0C) aufbewahren und die Anbauanweisungen sorgf\u00e4ltig befolgen, um eine sichere und verantwortungsvolle Erfahrung zu machen.<\/p>","protected":false},"excerpt":{"rendered":"<p>Es handelt sich um McKennaii Magic Mushroom Spores, aber lassen Sie sich nicht von ihrem niedlichen Namen t\u00e4uschen. Diese m\u00e4chtigen kleinen Kerle sind intensiv. Du wirst die bewusstseinsver\u00e4ndernde Wirkung von Cubensis sofort sp\u00fcren und von da an wirst Du Dich in Deinem eigenen Rummelplatz befinden, der sich durch ein berauschendes Kaleidoskop dreht, w\u00e4hrend Deine Gedanken immer verdrehter werden. Klingt verr\u00fcckt? Das ist es auch, denn das ist es!<\/p>","protected":false},"featured_media":36156,"template":"","meta":[],"product_brand":[],"product_cat":[399,297,403,398,384],"product_tag":[978],"class_list":{"0":"post-36173","1":"product","2":"type-product","3":"status-publish","4":"has-post-thumbnail","6":"product_cat-shroomshop","7":"product_cat-all-products","8":"product_cat-magic-mushroom-spore-syringes","9":"product_cat-mushrooms","10":"product_cat-smartshop","11":"product_tag-shrdeal","12":"product_shipping_class-group-7","14":"first","15":"instock","16":"taxable","17":"shipping-taxable","18":"purchasable","19":"product-type-variable","20":"has-default-attributes"},"_links":{"self":[{"href":"https:\/\/www.headshop.nl\/de\/wp-json\/wp\/v2\/product\/36173","targetHints":{"allow":["GET"]}}],"collection":[{"href":"https:\/\/www.headshop.nl\/de\/wp-json\/wp\/v2\/product"}],"about":[{"href":"https:\/\/www.headshop.nl\/de\/wp-json\/wp\/v2\/types\/product"}],"wp:featuredmedia":[{"embeddable":true,"href":"https:\/\/www.headshop.nl\/de\/wp-json\/wp\/v2\/media\/36156"}],"wp:attachment":[{"href":"https:\/\/www.headshop.nl\/de\/wp-json\/wp\/v2\/media?parent=36173"}],"wp:term":[{"taxonomy":"product_brand","embeddable":true,"href":"https:\/\/www.headshop.nl\/de\/wp-json\/wp\/v2\/product_brand?post=36173"},{"taxonomy":"product_cat","embeddable":true,"href":"https:\/\/www.headshop.nl\/de\/wp-json\/wp\/v2\/product_cat?post=36173"},{"taxonomy":"product_tag","embeddable":true,"href":"https:\/\/www.headshop.nl\/de\/wp-json\/wp\/v2\/product_tag?post=36173"}],"curies":[{"name":"wp","href":"https:\/\/api.w.org\/{rel}","templated":true}]}}