{"id":36172,"date":"2021-08-24T07:56:52","date_gmt":"2021-08-24T07:56:52","guid":{"rendered":"https:\/\/www.headshop.nl\/?post_type=product&#038;p=36172"},"modified":"2026-03-29T01:26:22","modified_gmt":"2026-03-29T01:26:22","slug":"b-magic-mushroom-spores","status":"publish","type":"product","link":"https:\/\/www.headshop.nl\/de\/b-magic-mushroom-spores\/","title":{"rendered":"B+ Magische Pilzsporen"},"content":{"rendered":"<h2 dir=\"auto\">Was sind B+ Magic Mushroom Spores?<\/h2>\n<p dir=\"auto\">B+ Magic Mushroom Spores, ein vielseitiger Psilocybe cubensis Stamm, wird f\u00fcr sein kr\u00e4ftiges Wachstum und seine Anpassungsf\u00e4higkeit an verschiedene Substrate und Temperaturen gesch\u00e4tzt. Die in einer sterilen 5-ML-Kulturampulle gelieferte gebrauchsfertige Fl\u00fcssigkultur reduziert das Kontaminationsrisiko im Vergleich zu Sporenabdr\u00fccken oder Spritzen und gew\u00e4hrleistet hohe Erfolgsquoten. Die Sporen enthalten 100%-Myzel, Vermiculite und Perlite und erzeugen innerhalb weniger Tage sichtbares Myzel, ideal f\u00fcr Anf\u00e4nger und erfahrene Z\u00fcchter. Lagern Sie die Sporen in einer dunklen, gek\u00fchlten Umgebung (2-8\u00b0C), um die Lebensf\u00e4higkeit zu erhalten. Diese zuverl\u00e4ssige Sorte bietet eine zug\u00e4ngliche, lebendige Anbau-Erfahrung und verspricht eine bemerkenswerte psychedelische Reise.<\/p>\n<h2 dir=\"auto\">Geschichte von B+ Magic Mushroom Spores<\/h2>\n<p dir=\"auto\">Die in den 1990er Jahren, wahrscheinlich in den Vereinigten Staaten, entstandenen B+ Magic Mushroom Spores verdienten sich ihren Namen durch ihre \u00fcberdurchschnittliche Kultivierungsleistung. Dieser Psilocybe cubensis-Stamm wurde aufgrund seiner schnellen Substratbesiedlung und Kontaminationsresistenz zu einem Grundnahrungsmittel. Die Einf\u00fchrung der Kulturampulle revolutionierte die Zug\u00e4nglichkeit und bot eine sterile Alternative zu den traditionellen Methoden, die Hobbyisten und Experten gleicherma\u00dfen ansprach. Ihre anhaltende Beliebtheit ist auf ihr best\u00e4ndiges, robustes Wachstum zur\u00fcckzuf\u00fchren, das eine reiche Geschichte der Mykologie mit modernen Fortschritten verbindet. Heute sind B+-Sporen nach wie vor eine vertrauensw\u00fcrdige Wahl, die Vielseitigkeit und Zuverl\u00e4ssigkeit f\u00fcr Z\u00fcchter weltweit verk\u00f6rpert.<\/p>\n<h2 dir=\"auto\">Wie man B+ Magic Mushroom Spores verwendet<\/h2>\n<p dir=\"auto\">Die Verwendung von B+ Magic Mushroom Spores ist mit der sterilen Kulturampulle einfach. Waschen Sie sich gr\u00fcndlich die H\u00e4nde und reinigen Sie das \u00c4u\u00dfere der Ampulle mit einem sterilen Alkoholtupfer. \u00d6ffnen Sie in einer sauberen Umgebung die sterile Spritzenverpackung, l\u00f6sen Sie leicht den Ampullendeckel und ziehen Sie die 5 ML Kultur durch die Gummidichtung. Beimpfen Sie Ihr Substrat und lagern Sie es bei Raumtemperatur. Das Wachstum des Myzels zeigt sich innerhalb weniger Tage und signalisiert den Erfolg. Arbeiten Sie in einem kontrollierten, sterilen Raum und lagern Sie nicht verwendete Sporen bei 2-8\u00b0C. Dieses benutzerfreundliche Verfahren gew\u00e4hrleistet eine lebendige, zuverl\u00e4ssige Kultivierung f\u00fcr alle Erfahrungsstufen.<\/p>\n<h2 dir=\"auto\">Inhaltsstoffe von B+ Magic Mushroom Spores<\/h2>\n<p dir=\"auto\">Jede 5-ML-Kulturampulle enth\u00e4lt 100%-Myzel, Vermiculite und Perlite, die unter sterilen Bedingungen f\u00fcr eine robuste Kultivierung hergestellt wurden. Das Myzel treibt das Pilzwachstum an, das Vermiculite speichert die Feuchtigkeit und das Perlite verbessert die Bel\u00fcftung und Drainage und unterst\u00fctzt so die aggressive Besiedlung durch den Stamm B+. Diese additivfreie Mischung gew\u00e4hrleistet Reinheit und Zuverl\u00e4ssigkeit bei allen Substraten. Lagern Sie es dunkel und gek\u00fchlt (2-8\u00b0C), um die Qualit\u00e4t zu erhalten. Diese nat\u00fcrlichen Komponenten bieten eine ausgewogene, wirksame Grundlage und machen B+-Sporen zu einer vielseitigen, qualitativ hochwertigen Wahl f\u00fcr Z\u00fcchter, die best\u00e4ndige, lebendige Ergebnisse erzielen wollen.<\/p>\n<p dir=\"auto\"><strong>Warnung<\/strong><\/p>\n<p dir=\"auto\">Bewahren Sie B+ Magic Mushroom Spores au\u00dferhalb der Reichweite von Kindern auf und verwenden Sie es in einer sicheren Umgebung in Innenr\u00e4umen in Anwesenheit einer vertrauten Person. Aufgrund von Gesundheitsrisiken nicht verwenden, wenn Sie schwanger sind oder stillen. Dieses Produkt beeintr\u00e4chtigt die Fahrt\u00fcchtigkeit und das Bedienen von Maschinen. Vermeiden Sie die Kombination mit Alkohol, Drogen oder Medikamenten, um nachteilige Wechselwirkungen zu vermeiden. Nicht geeignet f\u00fcr Personen unter 18 Jahren. Dunkel und gek\u00fchlt lagern (2-8\u00b0C) und die Anbauanweisungen befolgen, um eine sichere und verantwortungsvolle Erfahrung zu machen.<\/p>","protected":false},"excerpt":{"rendered":"<p>B+ Magic Mushroom Sporen sind die besten Pilze \u00fcberhaupt. Egal, ob du ein neuer oder ein erfahrener Psychonaut bist, diese freudigen Pilze werden dir all das trippige Gl\u00fcck bescheren, nach dem du gesucht hast. Diese Sorten von Cubensis werden riesig und wenn die Gr\u00f6\u00dfe f\u00fcr Dich wichtig ist, dann suche nicht weiter!<\/p>","protected":false},"featured_media":36130,"template":"","meta":[],"product_brand":[],"product_cat":[399,297,403,398,384],"product_tag":[978],"class_list":{"0":"post-36172","1":"product","2":"type-product","3":"status-publish","4":"has-post-thumbnail","6":"product_cat-shroomshop","7":"product_cat-all-products","8":"product_cat-magic-mushroom-spore-syringes","9":"product_cat-mushrooms","10":"product_cat-smartshop","11":"product_tag-shrdeal","12":"product_shipping_class-group-7","14":"first","15":"instock","16":"taxable","17":"shipping-taxable","18":"purchasable","19":"product-type-variable","20":"has-default-attributes"},"_links":{"self":[{"href":"https:\/\/www.headshop.nl\/de\/wp-json\/wp\/v2\/product\/36172","targetHints":{"allow":["GET"]}}],"collection":[{"href":"https:\/\/www.headshop.nl\/de\/wp-json\/wp\/v2\/product"}],"about":[{"href":"https:\/\/www.headshop.nl\/de\/wp-json\/wp\/v2\/types\/product"}],"wp:featuredmedia":[{"embeddable":true,"href":"https:\/\/www.headshop.nl\/de\/wp-json\/wp\/v2\/media\/36130"}],"wp:attachment":[{"href":"https:\/\/www.headshop.nl\/de\/wp-json\/wp\/v2\/media?parent=36172"}],"wp:term":[{"taxonomy":"product_brand","embeddable":true,"href":"https:\/\/www.headshop.nl\/de\/wp-json\/wp\/v2\/product_brand?post=36172"},{"taxonomy":"product_cat","embeddable":true,"href":"https:\/\/www.headshop.nl\/de\/wp-json\/wp\/v2\/product_cat?post=36172"},{"taxonomy":"product_tag","embeddable":true,"href":"https:\/\/www.headshop.nl\/de\/wp-json\/wp\/v2\/product_tag?post=36172"}],"curies":[{"name":"wp","href":"https:\/\/api.w.org\/{rel}","templated":true}]}}