{"id":36127,"date":"2021-08-24T07:33:39","date_gmt":"2021-08-24T07:33:39","guid":{"rendered":"https:\/\/www.headshop.nl\/?post_type=product&#038;p=36127"},"modified":"2025-10-16T07:04:04","modified_gmt":"2025-10-16T07:04:04","slug":"mazatapec-magic-mushroom-spores","status":"publish","type":"product","link":"https:\/\/www.headshop.nl\/de\/mazatapec-magic-mushroom-spores\/","title":{"rendered":"Mazatapec Magische Pilzsporen"},"content":{"rendered":"<h2 dir=\"auto\">Was sind Mazatapec Magic Mushroom Spores?<\/h2>\n<p dir=\"auto\">Mazatapec Magic Mushroom Spores, ein potenter Psilocybe cubensis Stamm aus Mazatapec, Mexico, werden f\u00fcr ihre spirituellen und visuellen Effekte gesch\u00e4tzt. Geliefert in einer sterilen 5 ML Kulturampulle mit 100% Mycelium, Vermiculite und Perlite, minimieren diese Sporen das Kontaminationsrisiko und machen den Anbau f\u00fcr Anf\u00e4nger und Experten zug\u00e4nglich. Verwurzelt in alten Mexican Ritualen, bieten sie tiefe, introspektive psychedelische Erfahrungen. Lagern Sie sie dunkel und gek\u00fchlt (2-8\u00b0C), um ihre Lebensf\u00e4higkeit zu erhalten. Die Mazatapec-Sporen sind bekannt f\u00fcr ihre Ausgewogenheit zwischen Leichtigkeit und Potenz und sind eine beliebte Wahl f\u00fcr transformative Reisen in der psychedelischen Gemeinschaft.<\/p>\n<h2 dir=\"auto\">Geschichte von Mazatapec Magic Mushroom Spores<\/h2>\n<p dir=\"auto\">Die Sporen des Mazatapec-Zauberpilzes stammen urspr\u00fcnglich aus der N\u00e4he von Mexico und waren in spirituellen Ritualen der Ureinwohner von zentraler Bedeutung, da sie die Nutzer mit g\u00f6ttlichen Bereichen in Verbindung brachten. W\u00e4hrend des psychedelischen Aufschwungs im 20. Jahrhundert wurden sie bekannt, und ihre Widerstandsf\u00e4higkeit und leichte Kultivierbarkeit machten sie zu einem Favoriten unter Mykologen. Die Entwicklung der Kulturampulle verbesserte ihre Zug\u00e4nglichkeit, indem sie die Sterilit\u00e4t sicherstellte. Diese Sorte, die f\u00fcr ihre konsistenten visuellen und spirituellen Effekte gefeiert wird, verbindet das kulturelle Erbe von Mexico mit moderner Mykologie und bleibt eine gesch\u00e4tzte Wahl f\u00fcr diejenigen, die bedeutungsvolle psychedelische Erfahrungen suchen, die mit alten Traditionen verbunden sind.<\/p>\n<h2 dir=\"auto\">Wie man Mazatapec Magic Mushroom Spores verwendet<\/h2>\n<p dir=\"auto\">Die Verwendung von Mazatapec Magic Mushroom Spores ist mit der sterilen Kulturampulle einfach. Waschen Sie sich gr\u00fcndlich die H\u00e4nde und reinigen Sie das \u00c4u\u00dfere der Ampulle mit einem sterilen Alkoholtupfer. \u00d6ffnen Sie in einer sauberen Umgebung die sterile Spritzenverpackung, l\u00f6sen Sie leicht den Ampullendeckel und ziehen Sie die 5 ML Kultur durch die Gummidichtung. Beimpfen Sie Ihr Substrat gleichm\u00e4\u00dfig und lagern Sie es bei Raumtemperatur. Das Myzel erscheint innerhalb weniger Tage, obwohl Mazatapec aufgrund eines l\u00e4ngeren Wachstumszyklus Geduld erfordert. Halten Sie die Sterilit\u00e4t aufrecht und konsumieren Sie es in einer sicheren Umgebung mit einem vertrauten Begleiter, indem Sie mit einer niedrigen Dosis beginnen.<\/p>\n<h2 dir=\"auto\">Inhaltsstoffe von Mazatapec Magic Mushroom Spores<\/h2>\n<p dir=\"auto\">Jede 5 ML Kulturampulle enth\u00e4lt 100% Myzel, Vermiculite und Perlite, die unter sterilen Bedingungen aufbereitet wurden, um Reinheit und robustes Wachstum zu gew\u00e4hrleisten. Das Mycelium f\u00f6rdert die Entwicklung der Pilze, das Vermiculit speichert die Feuchtigkeit und das Perlit verbessert die Bel\u00fcftung und Drainage. Diese Mischung ohne Zusatzstoffe unterst\u00fctzt die Wirksamkeit und Zug\u00e4nglichkeit des Stammes Mazatapec. Lagern Sie es dunkel und gek\u00fchlt (2-8\u00b0C), um die Lebensf\u00e4higkeit zu erhalten. Diese hochwertigen Komponenten schaffen ein optimales Anbauumfeld und liefern ein zuverl\u00e4ssiges, effektives Produkt f\u00fcr Anf\u00e4nger und erfahrene Z\u00fcchter, die eine lohnende psychedelische Erfahrung suchen.<\/p>\n<p dir=\"auto\"><strong>Warnung<\/strong><\/p>\n<p dir=\"auto\">Bewahren Sie Mazatapec Magic Mushroom Spores au\u00dferhalb der Reichweite von Kindern auf und verwenden Sie es in einer sicheren Umgebung in Innenr\u00e4umen in Anwesenheit einer vertrauten Person. Nicht verwenden, wenn Sie schwanger sind oder stillen, wegen m\u00f6glicher Risiken. Der Verzehr beeintr\u00e4chtigt die Fahrt\u00fcchtigkeit und das Bedienen von Maschinen. Vermeiden Sie die Kombination mit Alkohol, Drogen oder Medikamenten, um unvorhersehbare Auswirkungen zu vermeiden. Nicht geeignet f\u00fcr Personen unter 18 Jahren. Dunkel und gek\u00fchlt aufbewahren (2-8\u00b0C) und die Anbauanweisungen f\u00fcr einen sicheren und verantwortungsvollen Gebrauch befolgen.<\/p>","protected":false},"excerpt":{"rendered":"<p>Mazatapec Magic Mushrooms bieten nicht nur ein positiveres, ausgeglicheneres Erlebnis als einige andere psychedelische Sorten, sondern sie steigern auch die Kreativit\u00e4t. Mit unserer Sporenl\u00f6sung f\u00fcr kolonisierte Magic Mushrooms kannst Du so viele Magic Mushrooms anbauen, wie Du willst! Toll, nicht wahr?<\/p>","protected":false},"featured_media":36180,"template":"","meta":[],"product_brand":[],"product_cat":[399,297,403,398,384],"product_tag":[978],"class_list":{"0":"post-36127","1":"product","2":"type-product","3":"status-publish","4":"has-post-thumbnail","6":"product_cat-shroomshop","7":"product_cat-all-products","8":"product_cat-magic-mushroom-spore-syringes","9":"product_cat-mushrooms","10":"product_cat-smartshop","11":"product_tag-shrdeal","12":"product_shipping_class-group-7","14":"first","15":"instock","16":"taxable","17":"shipping-taxable","18":"purchasable","19":"product-type-variable","20":"has-default-attributes"},"_links":{"self":[{"href":"https:\/\/www.headshop.nl\/de\/wp-json\/wp\/v2\/product\/36127","targetHints":{"allow":["GET"]}}],"collection":[{"href":"https:\/\/www.headshop.nl\/de\/wp-json\/wp\/v2\/product"}],"about":[{"href":"https:\/\/www.headshop.nl\/de\/wp-json\/wp\/v2\/types\/product"}],"wp:featuredmedia":[{"embeddable":true,"href":"https:\/\/www.headshop.nl\/de\/wp-json\/wp\/v2\/media\/36180"}],"wp:attachment":[{"href":"https:\/\/www.headshop.nl\/de\/wp-json\/wp\/v2\/media?parent=36127"}],"wp:term":[{"taxonomy":"product_brand","embeddable":true,"href":"https:\/\/www.headshop.nl\/de\/wp-json\/wp\/v2\/product_brand?post=36127"},{"taxonomy":"product_cat","embeddable":true,"href":"https:\/\/www.headshop.nl\/de\/wp-json\/wp\/v2\/product_cat?post=36127"},{"taxonomy":"product_tag","embeddable":true,"href":"https:\/\/www.headshop.nl\/de\/wp-json\/wp\/v2\/product_tag?post=36127"}],"curies":[{"name":"wp","href":"https:\/\/api.w.org\/{rel}","templated":true}]}}