{"id":36023,"date":"2021-08-23T11:55:13","date_gmt":"2021-08-23T11:55:13","guid":{"rendered":"https:\/\/www.headshop.nl\/?post_type=product&#038;p=36023"},"modified":"2025-10-16T07:02:46","modified_gmt":"2025-10-16T07:02:46","slug":"thai-magic-mushroom-grow-kit","status":"publish","type":"product","link":"https:\/\/www.headshop.nl\/de\/thai-magic-mushroom-grow-kit\/","title":{"rendered":"Thai Magic Mushroom Grow Kit"},"content":{"rendered":"<h2 class=\"\" dir=\"auto\">Was sind Thai Magic Mushrooms?<\/h2>\n<p class=\"break-words\" dir=\"auto\">Thai Magic Mushrooms sind bekannt f\u00fcr ihre euphorische, fr\u00f6hliche Wirkung, die an die vibrierende Energie der ber\u00fchmten Milchshakes von Thailand erinnert. Bekannt f\u00fcr hohe Ertr\u00e4ge und eine \u00e4hnliche Potenz wie die Mexican-Sorten, lassen sich diese Pilze mit dem All-in-One-GrowKit, das einen Grow-Beutel, Luftfilter und B\u00fcroklammern enth\u00e4lt, leicht anbauen und ben\u00f6tigen nur Wasser und eine einfache Anleitung.<\/p>\n<p class=\"break-words\" dir=\"auto\">Jedes 1200cc-Kit kann bis zu 500 Gramm im ersten Flush erbringen, wobei drei Ernten m\u00f6glich sind und ein magisches Erlebnis bieten, das an sonnenbeschienene Str\u00e4nde erinnert. Im K\u00fchlschrank aufbewahrt, bleibt das Kit sechs Monate lang haltbar und ist damit eine zuverl\u00e4ssige Wahl f\u00fcr Enthusiasten, die eine potente, lohnende Anbaureise suchen.<\/p>\n<h2 class=\"\" dir=\"auto\">Geschichte von Thai Magic Mushrooms<\/h2>\n<p class=\"break-words\" dir=\"auto\">Verwurzelt in Thailands tropischen Traditionen, wurden Thai Magic Mushrooms in spirituellen und freizeitlichen Umgebungen verwendet und erlangten Ber\u00fchmtheit durch \"Happy Milkshakes\", die bei Strandfesten serviert wurden. Ihre erhebende Wirkung, die von Reisenden entdeckt wurde, l\u00f6ste weltweites Interesse aus, was zur Entwicklung des All-in-One GrowKits f\u00fchrte, um diese Sorte f\u00fcr den Heimanbau weltweit zug\u00e4nglich zu machen.<\/p>\n<p class=\"break-words\" dir=\"auto\">Diese Pilze werden seit jeher in den warmen, feuchten Klimazonen Thailands gesammelt und gedeihen unter optimalen Bedingungen, die jetzt mit dem Growkit reproduzierbar sind. Das Kit spiegelt das fortschrittliche Wissen \u00fcber den Anbau wider, gew\u00e4hrleistet eine gleichbleibende Qualit\u00e4t und ehrt weiterhin das kulturelle Erbe von Thailands freigeistigem Erbe, w\u00e4hrend es moderne Z\u00fcchter mit seinem lebendigen Potenzial fesselt.<\/p>\n<h2 class=\"\" dir=\"auto\">Wie verwendet man Thai Magic Mushrooms?<\/h2>\n<p class=\"break-words\" dir=\"auto\">Um Thai Magic Mushrooms zu z\u00fcchten, reinigen Sie zun\u00e4chst Ihre H\u00e4nde und das \u00c4u\u00dfere des Kits, dann weichen Sie das Kit f\u00fcnf Minuten lang in lauwarmem Wasser (20\u00b0C) ein, wobei Sie darauf achten, dass es nicht l\u00e4nger als eine Stunde steht. Abtropfen lassen, mit 200-250 ml Wasser in den Anzuchtbeutel geben, mit B\u00fcroklammern verschlie\u00dfen und bei 20-25 \u00b0C lagern, bis sich innerhalb von 10-20 Tagen Stecknadelk\u00f6pfe bilden, wobei Sonnenlicht zu vermeiden ist.<\/p>\n<p class=\"break-words\" dir=\"auto\">Sobald Stecknadelk\u00f6pfe erscheinen, den Beutel t\u00e4glich l\u00fcften und leicht bespr\u00fchen. Ernten Sie kurz bevor der Schleier rei\u00dft, indem Sie die Pilze herausdrehen und dies bis zu drei Mal wiederholen. Frisch verzehrt bieten diese Pilze ein sommerliches, starkes Erlebnis, wenn sie unter sorgf\u00e4ltiger Beachtung der Anweisungen angebaut werden.<\/p>\n<h2 class=\"\" dir=\"auto\">Zutaten von Thai Magic Mushrooms<\/h2>\n<p class=\"break-words\" dir=\"auto\">Das All-in-One GrowKit f\u00fcr Thai Magic Mushrooms enth\u00e4lt ein n\u00e4hrstoffreiches Substrat, das bereits mit Myzelium durchsetzt ist, einen Anzuchtbeutel mit Luftfiltern und zwei B\u00fcroklammern, so dass f\u00fcr die Kultivierung nur Wasser ben\u00f6tigt wird. Das Substrat unterst\u00fctzt ein robustes Wachstum und produziert auf nat\u00fcrliche Weise Psilocybin, das sich f\u00fcr die halluzinogene Wirkung der Pilze in Psilocin umwandelt, frei von k\u00fcnstlichen Zusatzstoffen.<\/p>\n<p class=\"break-words\" dir=\"auto\">Dieses stromlinienf\u00f6rmige Design macht komplexe Ausr\u00fcstung \u00fcberfl\u00fcssig und macht die Kultivierung f\u00fcr alle F\u00e4higkeitsstufen zug\u00e4nglich. Richtig gelagert, sorgt das Kit f\u00fcr mehrere ertragreiche Ernten und liefert die authentische, erhebende Erfahrung von Thai Magic Mushrooms, w\u00e4hrend ihre kulturelle und nat\u00fcrliche Reinheit bewahrt wird.<\/p>\n<p dir=\"auto\"><strong>Warnung<\/strong><\/p>\n<p class=\"break-words\" dir=\"auto\">Thai Magic Mushrooms enthalten Psilocybin und Psilocin, starke Halluzinogene, die die Stimmung, die Wahrnehmung und den Schlaf ver\u00e4ndern, indem sie den Serotoninspiegel beeinflussen. Konsumieren Sie mit Vorsicht, da die Wirkung je nach individueller Empfindlichkeit variiert, und stellen Sie sicher, dass der Konsum in einer sicheren Umgebung stattfindet.<\/p>\n<p class=\"break-words\" dir=\"auto\">Bewahren Sie Pilze und das Growkit aufgrund ihrer starken psychoaktiven Eigenschaften au\u00dferhalb der Reichweite von Kindern auf. Ein verantwortungsvoller Umgang ist unerl\u00e4sslich, um sicher in den Genuss der pulsierenden Wirkung dieser kulturell bedeutenden Pilze zu kommen.<\/p>","protected":false},"excerpt":{"rendered":"<p>Suchst du nach einem lustigen Weg, um deine Komfortzone zu verlassen und eine andere Realit\u00e4t zu erleben? Diese Magic Mushrooms sind perfekt! Dank ihrer Potenz k\u00f6nnen sie auch in einer geselligen Runde konsumiert werden, ohne dass man sich Gedanken \u00fcber m\u00f6gliche Schwierigkeiten machen muss. Der perfekte magische Pilz f\u00fcr Partys!<\/p>","protected":false},"featured_media":36061,"template":"","meta":[],"product_brand":[],"product_cat":[399,297,833,400,398,384],"product_tag":[978],"class_list":{"0":"post-36023","1":"product","2":"type-product","3":"status-publish","4":"has-post-thumbnail","6":"product_cat-shroomshop","7":"product_cat-all-products","8":"product_cat-beginner-magic-mushrooms","9":"product_cat-magic-mushroom-grow-kits","10":"product_cat-mushrooms","11":"product_cat-smartshop","12":"product_tag-shrdeal","13":"product_shipping_class-group-7","15":"first","16":"instock","17":"taxable","18":"shipping-taxable","19":"purchasable","20":"product-type-variable","21":"has-default-attributes"},"_links":{"self":[{"href":"https:\/\/www.headshop.nl\/de\/wp-json\/wp\/v2\/product\/36023","targetHints":{"allow":["GET"]}}],"collection":[{"href":"https:\/\/www.headshop.nl\/de\/wp-json\/wp\/v2\/product"}],"about":[{"href":"https:\/\/www.headshop.nl\/de\/wp-json\/wp\/v2\/types\/product"}],"wp:featuredmedia":[{"embeddable":true,"href":"https:\/\/www.headshop.nl\/de\/wp-json\/wp\/v2\/media\/36061"}],"wp:attachment":[{"href":"https:\/\/www.headshop.nl\/de\/wp-json\/wp\/v2\/media?parent=36023"}],"wp:term":[{"taxonomy":"product_brand","embeddable":true,"href":"https:\/\/www.headshop.nl\/de\/wp-json\/wp\/v2\/product_brand?post=36023"},{"taxonomy":"product_cat","embeddable":true,"href":"https:\/\/www.headshop.nl\/de\/wp-json\/wp\/v2\/product_cat?post=36023"},{"taxonomy":"product_tag","embeddable":true,"href":"https:\/\/www.headshop.nl\/de\/wp-json\/wp\/v2\/product_tag?post=36023"}],"curies":[{"name":"wp","href":"https:\/\/api.w.org\/{rel}","templated":true}]}}