{"id":36015,"date":"2021-08-23T11:55:06","date_gmt":"2021-08-23T11:55:06","guid":{"rendered":"https:\/\/www.headshop.nl\/?post_type=product&#038;p=36015"},"modified":"2025-12-06T01:27:06","modified_gmt":"2025-12-06T01:27:06","slug":"mazatapec-magic-mushroom-grow-kit","status":"publish","type":"product","link":"https:\/\/www.headshop.nl\/de\/mazatapec-magic-mushroom-grow-kit\/","title":{"rendered":"Mazatapec Magic Mushroom Grow Kit"},"content":{"rendered":"<h2 dir=\"auto\">Was sind Mazatapec Growkits?<\/h2>\n<p dir=\"auto\">Das Mazatapec Growkit ist eine Komplettl\u00f6sung f\u00fcr die Kultivierung von Magic Mushrooms zu Hause und bietet eine spirituelle und visuell reiche Erfahrung, die im Mexican-Erbe verwurzelt ist. Dieses Kit enth\u00e4lt einen Grow-Beutel mit Luftfiltern und B\u00fcroklammern und ben\u00f6tigt nur Wasser und eine einfache Anleitung, um bis zu drei Ernten zu erzielen, wobei die erste etwa 400 Gramm aus einem 1200cc-Kit produziert.<\/p>\n<p dir=\"auto\">Das Kit ist ideal f\u00fcr Anf\u00e4nger und Enthusiasten und bleibt gek\u00fchlt sechs Monate lang haltbar, ansonsten ist die Haltbarkeit begrenzt. Sein benutzerfreundliches Design macht spezielle Ger\u00e4te \u00fcberfl\u00fcssig und sorgt f\u00fcr eine gleichbleibend hohe Qualit\u00e4t der Pilze, w\u00e4hrend alte Anbautraditionen mit modernem Komfort verbunden werden.<\/p>\n<h2 dir=\"auto\">Geschichte der Mazatapec Growkits<\/h2>\n<p dir=\"auto\">Benannt nach dem Mexico Volk der Mazatec, werden Mazatapec Pilze seit Jahrhunderten in spirituellen Zeremonien verwendet, um sich mit dem G\u00f6ttlichen zu verbinden. Ihre kulturelle Bedeutung inspirierte die Entwicklung des Mazatapec Growkits im sp\u00e4ten 20. Jahrhundert, als Fortschritte in der Mykologie den Heimanbau f\u00fcr ein globales Publikum zug\u00e4nglich machten.<\/p>\n<p dir=\"auto\">Das All-in-One-Kit kombiniert Substrat, Sporen und eine kontrollierte Umgebung, wodurch die starken Eigenschaften der Sorte erhalten bleiben und der Prozess vereinfacht wird. Heute verbindet sie historische Ehrfurcht mit wissenschaftlicher Innovation und spricht alle an, die eine tiefgreifende Erfahrung suchen, die mit alten Traditionen und moderner psychedelischer Erforschung verbunden ist.<\/p>\n<h2 dir=\"auto\">Verwendung der Mazatapec Growkits<\/h2>\n<p dir=\"auto\">Um das Mazatapec Growkit zu verwenden, reinigen Sie Ihre H\u00e4nde und das \u00c4u\u00dfere des Kits, dann weichen Sie das Kit f\u00fcnf Minuten lang in lauwarmem Wasser (20\u00b0C) ein, nicht l\u00e4nger als eine Stunde. Abtropfen lassen, mit 200-250ml Wasser in den Growbeutel geben, mit B\u00fcroklammern verschlie\u00dfen und bei 20-25\u00b0C lagern, bis sich innerhalb von 10-20 Tagen Stecknadelk\u00f6pfe bilden, wobei Sonnenlicht vermieden werden sollte.<\/p>\n<p dir=\"auto\">Sobald Stecknadelk\u00f6pfe erscheinen, den Beutel t\u00e4glich l\u00fcften und leicht bespr\u00fchen. Ernten Sie die Pilze, kurz bevor der Schleier rei\u00dft, indem Sie sie herausdrehen, und wiederholen Sie dies f\u00fcr bis zu drei Flushes. Diese einfache Methode, die durch das Design des Kits unterst\u00fctzt wird, sorgt f\u00fcr optimales Wachstum und eine lohnende, spirituelle Erfahrung mit minimalem Aufwand.<\/p>\n<h2 dir=\"auto\">Inhaltsstoffe von Mazatapec Growkits<\/h2>\n<p dir=\"auto\">Das Mazatapec Growkit enth\u00e4lt ein sterilisiertes Substrat aus organischen Materialien wie Getreide, Vermiculite und Perlite, das mit Mazatapec-Sporen versetzt ist, um ein robustes Wachstum zu f\u00f6rdern. Ein Anzuchtbeutel mit Luftfiltern und zwei B\u00fcroklammern h\u00e4lt die Luftfeuchtigkeit und den CO2-Gehalt aufrecht und erfordert nur lauwarmes Wasser, um die Kultivierung ohne zus\u00e4tzliche Chemikalien einzuleiten.<\/p>\n<p dir=\"auto\">Die Sporen enthalten von Natur aus Psilocybin, das f\u00fcr die psychoaktive Wirkung der Pilze verantwortlich ist. Dieses nat\u00fcrliche, stromlinienf\u00f6rmige Design sorgt f\u00fcr authentische, potente Ertr\u00e4ge, die die historische Bedeutung der Sorte widerspiegeln und gleichzeitig den Anbau f\u00fcr Nutzer, die eine echte, hochwertige Erfahrung suchen, zug\u00e4nglich und effektiv machen.<\/p>\n<p dir=\"auto\"><strong>Warnung<\/strong><\/p>\n<p dir=\"auto\">Mazatapec-Pilze enthalten Psilocybin und Psilocin, starke Halluzinogene, die die Stimmung, Wahrnehmung und Kognition durch Beeinflussung des Serotoninspiegels ver\u00e4ndern. Aufgrund ihrer starken Wirkungen sollten sie mit Vorsicht in einer sicheren Umgebung konsumiert werden.<\/p>\n<p dir=\"auto\">Bewahren Sie die Pilze und das Growkit au\u00dferhalb der Reichweite von Kindern auf, um ein versehentliches Verschlucken zu verhindern. Konsultieren Sie vor dem Gebrauch einen Arzt, insbesondere wenn Sie gesundheitliche Probleme haben oder Medikamente einnehmen, um einen sicheren und verantwortungsvollen Gebrauch zu gew\u00e4hrleisten.<\/p>","protected":false},"excerpt":{"rendered":"<p>Eine psychedelische Erfahrung mit Mazatapec-Zauberpilzen ist ausgewogener, als man zun\u00e4chst erwarten k\u00f6nnte. Sie neigen dazu, starke visuelle Eindr\u00fccke zu vermitteln, ohne dass sich der Konsument verwirrt f\u00fchlt, wie es bei einigen anderen Psilocybin-Sorten der Fall ist. Eine gro\u00dfartige, starke Option f\u00fcr alle, die eine ultimative visuelle psychedelische Erfahrung suchen!<\/p>","protected":false},"featured_media":36105,"template":"","meta":[],"product_brand":[],"product_cat":[399,297,400,398,384,834],"product_tag":[978],"class_list":{"0":"post-36015","1":"product","2":"type-product","3":"status-publish","4":"has-post-thumbnail","6":"product_cat-shroomshop","7":"product_cat-all-products","8":"product_cat-magic-mushroom-grow-kits","9":"product_cat-mushrooms","10":"product_cat-smartshop","11":"product_cat-strong-magic-mushrooms","12":"product_tag-shrdeal","13":"product_shipping_class-group-7","15":"first","16":"instock","17":"taxable","18":"shipping-taxable","19":"purchasable","20":"product-type-variable","21":"has-default-attributes"},"_links":{"self":[{"href":"https:\/\/www.headshop.nl\/de\/wp-json\/wp\/v2\/product\/36015","targetHints":{"allow":["GET"]}}],"collection":[{"href":"https:\/\/www.headshop.nl\/de\/wp-json\/wp\/v2\/product"}],"about":[{"href":"https:\/\/www.headshop.nl\/de\/wp-json\/wp\/v2\/types\/product"}],"wp:featuredmedia":[{"embeddable":true,"href":"https:\/\/www.headshop.nl\/de\/wp-json\/wp\/v2\/media\/36105"}],"wp:attachment":[{"href":"https:\/\/www.headshop.nl\/de\/wp-json\/wp\/v2\/media?parent=36015"}],"wp:term":[{"taxonomy":"product_brand","embeddable":true,"href":"https:\/\/www.headshop.nl\/de\/wp-json\/wp\/v2\/product_brand?post=36015"},{"taxonomy":"product_cat","embeddable":true,"href":"https:\/\/www.headshop.nl\/de\/wp-json\/wp\/v2\/product_cat?post=36015"},{"taxonomy":"product_tag","embeddable":true,"href":"https:\/\/www.headshop.nl\/de\/wp-json\/wp\/v2\/product_tag?post=36015"}],"curies":[{"name":"wp","href":"https:\/\/api.w.org\/{rel}","templated":true}]}}