{"id":36007,"date":"2021-08-22T11:55:02","date_gmt":"2021-08-22T11:55:02","guid":{"rendered":"https:\/\/www.headshop.nl\/?post_type=product&#038;p=36007"},"modified":"2025-10-21T06:36:16","modified_gmt":"2025-10-21T06:36:16","slug":"b-magic-mushroom-grow-kit","status":"publish","type":"product","link":"https:\/\/www.headshop.nl\/de\/b-magic-mushroom-grow-kit\/","title":{"rendered":"B+ Magic Mushroom Grow Kit"},"content":{"rendered":"<h2 dir=\"auto\">Was sind B+ Magic Mushrooms?<\/h2>\n<p dir=\"auto\">Das B+ All-in-One GrowKit ist eine benutzerfreundliche L\u00f6sung f\u00fcr den Anbau von B+ Magic Mushrooms, die f\u00fcr ihre gro\u00dfe Gr\u00f6\u00dfe und ihre starke psychedelische Wirkung bekannt sind. Das Kit enth\u00e4lt ein vorbereitetes Substrat, einen Anzuchtbeutel mit Luftfiltern und zwei B\u00fcroklammern. Das Kit ben\u00f6tigt nur Wasser und eine einfache Anleitung, um bis zu 400 Gramm im ersten Durchgang aus einem 1200cc-Kit zu gewinnen, wobei drei Ernten m\u00f6glich sind.<\/p>\n<p dir=\"auto\">Im K\u00fchlschrank aufbewahrt, bleibt das Kit sechs Monate lang haltbar, obwohl die Haltbarkeit au\u00dferhalb der K\u00fchlung begrenzt ist. Die Sorte B+ ist ideal f\u00fcr Anf\u00e4nger und erfahrene Z\u00fcchter. Das robuste Wachstum und die lebendigen, psilocybinhaltigen Erfahrungen machen dieses Kit zu einer zuverl\u00e4ssigen Wahl f\u00fcr eine lohnende Anbaureise.<\/p>\n<h2 dir=\"auto\">Geschichte von B+ Magic Mushrooms<\/h2>\n<p dir=\"auto\">Die in den 1990er Jahren entstandene Sorte B+ wurde wegen ihrer Widerstandsf\u00e4higkeit und hohen Ertr\u00e4ge entwickelt und verdiente sich ihren Namen aufgrund ihrer \"gr\u00f6\u00dferen\" und \"besseren\" Pilze. Ihre nachsichtige Natur und ihre F\u00e4higkeit, unter verschiedenen Bedingungen zu gedeihen, machten sie schnell zu einem Favoriten unter den Heimanbauern und festigten ihren Platz in der psychedelischen Gemeinschaft.<\/p>\n<p dir=\"auto\">Das B+ All-in-One GrowKit baut auf diesem Erbe auf und bietet modernen Z\u00fcchtern eine zug\u00e4ngliche M\u00f6glichkeit, diese ikonische Sorte zu z\u00fcchten. Die B+ verbindet historischen Pilzanbau mit zeitgem\u00e4\u00dfem Komfort und bleibt ein Symbol f\u00fcr Qualit\u00e4t, das die Nutzer dazu einl\u00e4dt, ihre intensive, introspektive Wirkung und ihr reiches psychedelisches Erbe zu entdecken.<\/p>\n<h2 dir=\"auto\">Verwendung des B+ All-in-One GrowKit<\/h2>\n<p dir=\"auto\">Um das B+ All-in-One GrowKit zu verwenden, waschen Sie Ihre H\u00e4nde und reinigen Sie das \u00c4u\u00dfere des Kits, dann weichen Sie es mit geschlossenem Deckel f\u00fcnf Minuten lang in lauwarmem Wasser (20\u00b0C) ein, jedoch nicht l\u00e4nger als eine Stunde. Zehn Sekunden lang abtropfen lassen, mit 200-250 ml Wasser in den Growbeutel geben, mit B\u00fcroklammern verschlie\u00dfen und bei 20-25 \u00b0C lagern, bis sich in 10-20 Tagen Stecknadelk\u00f6pfe bilden.<\/p>\n<p dir=\"auto\">Sobald Stecknadelk\u00f6pfe erscheinen, den Beutel t\u00e4glich l\u00fcften und leicht bespr\u00fchen. Ernten Sie kurz bevor der Schleier rei\u00dft, indem Sie die Pilze herausdrehen, und wiederholen Sie dies f\u00fcr bis zu drei Durchg\u00e4nge. Diese unkomplizierte Methode sorgt f\u00fcr mehrere Ernten potenter B+-Pilze mit minimalem Aufwand und optimalen Ergebnissen.<\/p>\n<h2 dir=\"auto\">Bestandteile des B+ All-in-One GrowKit<\/h2>\n<p dir=\"auto\">Das B+ All-in-One GrowKit enth\u00e4lt ein vorgeimpftes Substrat aus organischen Materialien wie K\u00f6rnern, das ein robustes B+-Myzelwachstum f\u00f6rdert. Ein Anzuchtbeutel mit Luftfiltern und zwei B\u00fcroklammern h\u00e4lt die Luftfeuchtigkeit und den Luftaustausch aufrecht und erfordert nur Wasser zur Aktivierung, ohne zus\u00e4tzliche Chemikalien oder D\u00fcngemittel.<\/p>\n<p dir=\"auto\">Das nat\u00fcrliche Psilocybin und Psilocin der Sorte B+ sorgen f\u00fcr die psychedelische Wirkung, die den Pilzen eigen ist. Dieses in sich geschlossene, hochwertige System unterst\u00fctzt mehrere Flushes und sorgt f\u00fcr konsistente, potente Ertr\u00e4ge, w\u00e4hrend es den Anbau f\u00fcr Z\u00fcchter vereinfacht, die eine authentische, effiziente Erfahrung suchen.<\/p>\n<p dir=\"auto\"><strong>Warnung<\/strong><\/p>\n<p dir=\"auto\">B+ Zauberpilze enthalten Psilocybin und Psilocin, starke Halluzinogene, die die Wahrnehmung, Stimmung und Kognition ver\u00e4ndern und m\u00f6glicherweise lebhafte Halluzinationen hervorrufen. Konsumiere sie mit Vorsicht in einer sicheren Umgebung und vermeide den Konsum, wenn du an psychischen Erkrankungen leidest oder Medikamente einnimmst, die das Serotonin beeinflussen.<\/p>\n<p dir=\"auto\">Bewahre das Kit und die Pilze au\u00dferhalb der Reichweite von Kindern und Haustieren auf, um ein versehentliches Verschlucken zu verhindern. Ein verantwortungsvoller Umgang und das Wissen um die Wirkung dieser psychoaktiven Substanzen sind entscheidend f\u00fcr eine sichere und kontrollierte Erfahrung.<\/p>","protected":false},"excerpt":{"rendered":"<p>Die Popularit\u00e4t dieser Sorte ist st\u00e4ndig wachsende B+ Stamm kommt vor allem wegen seiner schieren Massivit\u00e4t! Dieser magische Pilz wird von vielen wegen der verr\u00fcckten Menge und Gr\u00f6\u00dfe geliebt, die man beim Anbau erh\u00e4lt. Die St\u00e4rke reicht von mittel bis stark, aber mit dem zus\u00e4tzlichen Vorteil, dass es einen gro\u00dfen Flush nach der Ernte gibt, der niemandem schaden kann!<\/p>","protected":false},"featured_media":36067,"template":"","meta":[],"product_brand":[],"product_cat":[399,297,833,400,398,384],"product_tag":[978],"class_list":{"0":"post-36007","1":"product","2":"type-product","3":"status-publish","4":"has-post-thumbnail","6":"product_cat-shroomshop","7":"product_cat-all-products","8":"product_cat-beginner-magic-mushrooms","9":"product_cat-magic-mushroom-grow-kits","10":"product_cat-mushrooms","11":"product_cat-smartshop","12":"product_tag-shrdeal","13":"product_shipping_class-group-7","15":"first","16":"instock","17":"taxable","18":"shipping-taxable","19":"purchasable","20":"product-type-variable","21":"has-default-attributes"},"_links":{"self":[{"href":"https:\/\/www.headshop.nl\/de\/wp-json\/wp\/v2\/product\/36007","targetHints":{"allow":["GET"]}}],"collection":[{"href":"https:\/\/www.headshop.nl\/de\/wp-json\/wp\/v2\/product"}],"about":[{"href":"https:\/\/www.headshop.nl\/de\/wp-json\/wp\/v2\/types\/product"}],"wp:featuredmedia":[{"embeddable":true,"href":"https:\/\/www.headshop.nl\/de\/wp-json\/wp\/v2\/media\/36067"}],"wp:attachment":[{"href":"https:\/\/www.headshop.nl\/de\/wp-json\/wp\/v2\/media?parent=36007"}],"wp:term":[{"taxonomy":"product_brand","embeddable":true,"href":"https:\/\/www.headshop.nl\/de\/wp-json\/wp\/v2\/product_brand?post=36007"},{"taxonomy":"product_cat","embeddable":true,"href":"https:\/\/www.headshop.nl\/de\/wp-json\/wp\/v2\/product_cat?post=36007"},{"taxonomy":"product_tag","embeddable":true,"href":"https:\/\/www.headshop.nl\/de\/wp-json\/wp\/v2\/product_tag?post=36007"}],"curies":[{"name":"wp","href":"https:\/\/api.w.org\/{rel}","templated":true}]}}