{"id":35985,"date":"2021-08-19T10:52:41","date_gmt":"2021-08-19T10:52:41","guid":{"rendered":"https:\/\/www.headshop.nl\/?post_type=product&#038;p=35985"},"modified":"2025-06-06T06:35:55","modified_gmt":"2025-06-06T06:35:55","slug":"yopo-seeds","status":"publish","type":"product","link":"https:\/\/www.headshop.nl\/de\/yopo-seeds\/","title":{"rendered":"Yopo Saatgut"},"content":{"rendered":"<h2 data-start=\"0\" data-end=\"42\">Was ist Yopo (Anadenanthera Peregrina)?<\/h2>\n<p data-start=\"44\" data-end=\"473\">Yopo, wissenschaftlich bekannt als <em data-start=\"74\" data-end=\"99\">Anadenanthera Peregrina<\/em>ist eine in der Karibik und S\u00fcdamerika beheimatete Pflanze. Die Samen von Yopo enthalten starke nat\u00fcrlich vorkommende Halluzinogene, darunter DMT, und sind daf\u00fcr bekannt, dass sie ver\u00e4nderte Bewusstseinszust\u00e4nde hervorrufen. Indigene St\u00e4mme verwenden diese Samen seit Jahrhunderten, vor allem in schamanischen Ritualen, um spirituelle Einsichten zu gewinnen, die Selbstwahrnehmung zu verbessern und sogar zuk\u00fcnftige Ereignisse vorherzusagen.<\/p>\n<p data-start=\"475\" data-end=\"820\">Die Wirkung von Yopo-Samen ist intensiv, aber kurzlebig und h\u00e4lt im Allgemeinen etwa 90 Minuten an. Die Konsumenten berichten von lebhaften visuellen Halluzinationen, verst\u00e4rkten Emotionen und einem gesteigerten Bewusstseinsempfinden. Aufgrund seiner Potenz wird Yopo in der Regel f\u00fcr Personen empfohlen, die Erfahrung mit psychoaktiven Substanzen und ein gutes Verst\u00e4ndnis der Zubereitungsmethoden haben.<\/p>\n<p data-start=\"822\" data-end=\"1104\">Yopo wird in der Regel als Schnupftabak konsumiert, was eine sorgf\u00e4ltige Verarbeitung der Samen erfordert. Dazu geh\u00f6rt das R\u00f6sten, Mahlen und Mischen mit alkalischen Substanzen, bevor das daraus resultierende Pulver inhaliert wird. Diese Methode gew\u00e4hrleistet die volle Potenz der psychoaktiven Verbindungen in den Samen.<\/p>\n<h2 data-start=\"1106\" data-end=\"1150\">Geschichte von Yopo (Anadenanthera Peregrina)<\/h2>\n<p data-start=\"1152\" data-end=\"1449\">Yopo wird seit langem verwendet, insbesondere von den alten s\u00fcdamerikanischen Zivilisationen. Es gibt Hinweise darauf, dass \u00e4hnliche psychoaktive Pflanzen von fr\u00fchen Kulturen wie den \u00c4gyptern erforscht wurden, obwohl die prominenteste Verwendung auf die Inka und andere indigene St\u00e4mme S\u00fcdamerikas zur\u00fcckgef\u00fchrt wird.<\/p>\n<p data-start=\"1451\" data-end=\"1872\">Das Volk der Inka und verschiedene indigene Gruppen verehrten Yopo wegen seiner spirituellen und medizinischen Eigenschaften. Schamanen und spirituelle F\u00fchrer nutzten die Samen, um in ver\u00e4nderte Bewusstseinszust\u00e4nde zu gelangen, Weisheit zu erlangen, Zugang zu g\u00f6ttlicher Kommunikation zu erhalten und manchmal zuk\u00fcnftige Ereignisse vorherzusehen. Diese Erfahrungen wurden oft in einer Gemeinschaft gemacht, in der der Schamane die Teilnehmer durch die vision\u00e4re Reise f\u00fchrte.<\/p>\n<p data-start=\"1874\" data-end=\"2196\">Das Verfahren zur Zubereitung der Yopo-Samen wurde von den indigenen St\u00e4mmen \u00fcber Generationen hinweg verfeinert, um ihre Potenz zu maximieren und gleichzeitig m\u00f6gliche Unannehmlichkeiten zu minimieren. Trotz seiner uralten Wurzeln ist Yopo auch heute noch ein wichtiger Bestandteil bestimmter Stammesrituale, insbesondere bei Kulturen, die ihre traditionellen Praktiken beibehalten.<\/p>\n<p data-start=\"2198\" data-end=\"2465\">Mit dem modernen Wiederaufleben des Interesses an nat\u00fcrlichen psychoaktiven Substanzen wird Yopo von modernen Konsumenten, den so genannten Psychonauten, auf der Suche nach tiefen, bedeutungsvollen Erfahrungen erforscht. Die Substanz bleibt jedoch stark und muss mit Respekt und Sorgfalt behandelt werden.<\/p>\n<h2 data-start=\"2467\" data-end=\"2511\">Wie verwendet man Yopo (Anadenanthera Peregrina)?<\/h2>\n<p data-start=\"2513\" data-end=\"2738\">Yopo-Samen werden in erster Linie als Schnupftabak konsumiert, eine Praxis, die seit Jahrhunderten von indigenen St\u00e4mmen in S\u00fcdamerika angewandt wird. Um die Samen f\u00fcr die Inhalation geeignet zu machen, m\u00fcssen sie sorgf\u00e4ltig aufbereitet werden.<\/p>\n<p data-start=\"2740\" data-end=\"2804\">Die traditionelle Zubereitungsmethode umfasst die folgenden Schritte:<\/p>\n<ol data-start=\"2806\" data-end=\"3248\">\n<li data-start=\"2806\" data-end=\"2854\"><strong data-start=\"2809\" data-end=\"2828\">Reinigen Sie die Samen<\/strong> um eventuelle Verunreinigungen zu entfernen.<\/li>\n<li data-start=\"2855\" data-end=\"2946\"><strong data-start=\"2858\" data-end=\"2877\">Die Samen r\u00f6sten<\/strong> in einer hei\u00dfen Pfanne, bis die \u00e4u\u00dfere Schale Risse bekommt und sich leicht entfernen l\u00e4sst.<\/li>\n<li data-start=\"2947\" data-end=\"3000\"><strong data-start=\"2950\" data-end=\"2967\">Trocknen Sie die Samen<\/strong> bis sie fest und hart werden.<\/li>\n<li data-start=\"3001\" data-end=\"3043\"><strong data-start=\"3004\" data-end=\"3023\">Die Samen mahlen<\/strong> zu einem feinen Pulver.<\/li>\n<li data-start=\"3044\" data-end=\"3164\"><strong data-start=\"3047\" data-end=\"3065\">Mischen Sie das Pulver<\/strong> mit alkalischen Substanzen wie Backpulver oder Kalk, wobei eine kleine Menge Wasser hinzugef\u00fcgt wird, um eine Paste zu bilden.<\/li>\n<li data-start=\"3165\" data-end=\"3248\"><strong data-start=\"3168\" data-end=\"3185\">Trocknen der Paste<\/strong> und mahlen Sie es zu einem feinen Pulver, das sich zum Inhalieren eignet.<\/li>\n<\/ol>\n<p data-start=\"3250\" data-end=\"3536\">Die Wirkung von Yopo ist bereits bei einer kleinen Dosis von 1-3 Samen sp\u00fcrbar. Gr\u00f6\u00dfere Dosen intensivieren die Erfahrung, die oft als tief vision\u00e4r und immersiv beschrieben wird. Erstkonsumenten sollten mit der kleinstm\u00f6glichen Dosis beginnen und diese schrittweise an ihre Erfahrungen anpassen.<\/p>\n<p data-start=\"3538\" data-end=\"3736\">Obwohl die Inhalation die traditionelle Methode ist, haben einige moderne Konsumenten mit verschiedenen M\u00f6glichkeiten des Konsums von Yopo experimentiert, obwohl das Schnupfen die effektivste und historisch korrekteste Methode bleibt.<\/p>\n<p data-start=\"3738\" data-end=\"3748\"><strong>Warnung<\/strong><\/p>\n<p data-start=\"3750\" data-end=\"4286\" data-is-last-node=\"\">Yopo (Anadenanthera Peregrina) ist eine starke psychoaktive Substanz, die mit Vorsicht genossen werden sollte. Es ist nicht f\u00fcr Personen unter 18 Jahren geeignet. Schwangere oder stillende Frauen, Personen mit vorbestehenden medizinischen Problemen oder Personen, die Medikamente einnehmen, sollten vor der Einnahme einen Arzt konsultieren. Unsachgem\u00e4\u00dfe Zubereitung oder \u00fcberm\u00e4\u00dfiger Gebrauch kann zu \u00dcbelkeit, Schwindel oder Unwohlsein f\u00fchren. Dieses Produkt ist nur f\u00fcr verantwortungsbewusste, erfahrene Benutzer bestimmt. Bewahren Sie es immer an einem k\u00fchlen, trockenen Ort und au\u00dferhalb der Reichweite von Kindern auf.<\/p>","protected":false},"excerpt":{"rendered":"<p>Yopo (Anadenanthera Peregrina) ist eine traditionelle s\u00fcdamerikanische Pflanze, die f\u00fcr ihre psychoaktiven Wirkungen bekannt ist. Die Samen dieser Pflanze werden seit Jahrhunderten von indigenen Kulturen f\u00fcr spirituelle und vision\u00e4re Praktiken verwendet. Yopo l\u00f6st eine starke, aber kurz anhaltende Erfahrung aus, die in der Regel etwa 90 Minuten anh\u00e4lt, und wird \u00fcblicherweise in rituellen oder introspektiven Situationen verwendet. Diese nat\u00fcrliche Substanz ist ideal f\u00fcr diejenigen, die tiefgreifende mentale und emotionale Zust\u00e4nde in einer kontrollierten Umgebung erforschen wollen.<\/p>\n<p>15 Saatgut<\/p>","protected":false},"featured_media":81941,"template":"","meta":[],"product_brand":[],"product_cat":[388,297,818,406,384],"product_tag":[],"class_list":{"0":"post-35985","1":"product","2":"type-product","3":"status-publish","4":"has-post-thumbnail","6":"product_cat-lsa-seeds","7":"product_cat-all-products","8":"product_cat-mcmystic","9":"product_cat-psychedelic-herbs","10":"product_cat-smartshop","11":"product_shipping_class-not-allowed-group-3","13":"first","14":"instock","15":"taxable","16":"shipping-taxable","17":"purchasable","18":"product-type-variable","19":"has-default-attributes"},"_links":{"self":[{"href":"https:\/\/www.headshop.nl\/de\/wp-json\/wp\/v2\/product\/35985","targetHints":{"allow":["GET"]}}],"collection":[{"href":"https:\/\/www.headshop.nl\/de\/wp-json\/wp\/v2\/product"}],"about":[{"href":"https:\/\/www.headshop.nl\/de\/wp-json\/wp\/v2\/types\/product"}],"wp:featuredmedia":[{"embeddable":true,"href":"https:\/\/www.headshop.nl\/de\/wp-json\/wp\/v2\/media\/81941"}],"wp:attachment":[{"href":"https:\/\/www.headshop.nl\/de\/wp-json\/wp\/v2\/media?parent=35985"}],"wp:term":[{"taxonomy":"product_brand","embeddable":true,"href":"https:\/\/www.headshop.nl\/de\/wp-json\/wp\/v2\/product_brand?post=35985"},{"taxonomy":"product_cat","embeddable":true,"href":"https:\/\/www.headshop.nl\/de\/wp-json\/wp\/v2\/product_cat?post=35985"},{"taxonomy":"product_tag","embeddable":true,"href":"https:\/\/www.headshop.nl\/de\/wp-json\/wp\/v2\/product_tag?post=35985"}],"curies":[{"name":"wp","href":"https:\/\/api.w.org\/{rel}","templated":true}]}}