{"id":35978,"date":"2021-08-19T10:34:51","date_gmt":"2021-08-19T10:34:51","guid":{"rendered":"https:\/\/www.headshop.nl\/?post_type=product&#038;p=35978"},"modified":"2025-10-16T07:05:24","modified_gmt":"2025-10-16T07:05:24","slug":"san-pedro-peruvianus-cactus-seeds","status":"publish","type":"product","link":"https:\/\/www.headshop.nl\/de\/san-pedro-peruvianus-cactus-seeds\/","title":{"rendered":"San Pedro Peruvianus Kaktus-Samen"},"content":{"rendered":"<h2>100 San Pedro Peruvianus Kaktussamen f\u00fcr den Anbau<\/h2>\n<p>Die Kakteen, die man aus den Samen dieser erstaunlichen Pflanze z\u00fcchten kann, sollen in der Lage sein, Wirkungen wie LSD, Zauberpilze und sogar die K\u00f6nigin Ayahuasca zu erzeugen. Der darin enthaltene Kaktus wird Meskalin genannt, das den oben genannten Substanzen chemisch so \u00e4hnlich ist, dass es \u00e4hnliche Wirkungen hervorruft, wenn es von Menschen konsumiert wird.<\/p>\n<p>Der San Pedro Mescaline Kaktus wird seit Jahrhunderten in verschiedenen Ritualen und Zeremonien verwendet, da er viele verschiedene Alkaloide enth\u00e4lt, wie das beliebte Mescaline, das \u00e4hnliche Wirkungen wie LSD haben kann.<\/p>\n<p>Einigen Schamanen aus Peru oder Ecuador zufolge gilt der San-Pedro-Kaktus als eigenst\u00e4ndiger Gott. Gut, dass Sie ihn zu Hause anbauen k\u00f6nnen!<\/p>","protected":false},"excerpt":{"rendered":"<p>Der alte San-Pedro-Kaktus ist in S\u00fcdamerika seit Jahrhunderten ein heiliges Objekt. Er wird haupts\u00e4chlich als Zierpflanze verwendet, aber auch wegen seiner nat\u00fcrlichen medizinischen Eigenschaften, zu denen psychoaktive Verbindungen wie Mescaline geh\u00f6ren. San Pedro-Samen sind jetzt erh\u00e4ltlich, damit Sie Ihre eigenen zu Hause anbauen k\u00f6nnen!<\/p>","protected":false},"featured_media":38151,"template":"","meta":[],"product_brand":[],"product_cat":[394,297,384],"product_tag":[],"class_list":{"0":"post-35978","1":"product","2":"type-product","3":"status-publish","4":"has-post-thumbnail","6":"product_cat-mescaline-cacti","7":"product_cat-all-products","8":"product_cat-smartshop","9":"product_shipping_class-group-7","11":"first","12":"instock","13":"taxable","14":"shipping-taxable","15":"purchasable","16":"product-type-variable","17":"has-default-attributes"},"_links":{"self":[{"href":"https:\/\/www.headshop.nl\/de\/wp-json\/wp\/v2\/product\/35978","targetHints":{"allow":["GET"]}}],"collection":[{"href":"https:\/\/www.headshop.nl\/de\/wp-json\/wp\/v2\/product"}],"about":[{"href":"https:\/\/www.headshop.nl\/de\/wp-json\/wp\/v2\/types\/product"}],"wp:featuredmedia":[{"embeddable":true,"href":"https:\/\/www.headshop.nl\/de\/wp-json\/wp\/v2\/media\/38151"}],"wp:attachment":[{"href":"https:\/\/www.headshop.nl\/de\/wp-json\/wp\/v2\/media?parent=35978"}],"wp:term":[{"taxonomy":"product_brand","embeddable":true,"href":"https:\/\/www.headshop.nl\/de\/wp-json\/wp\/v2\/product_brand?post=35978"},{"taxonomy":"product_cat","embeddable":true,"href":"https:\/\/www.headshop.nl\/de\/wp-json\/wp\/v2\/product_cat?post=35978"},{"taxonomy":"product_tag","embeddable":true,"href":"https:\/\/www.headshop.nl\/de\/wp-json\/wp\/v2\/product_tag?post=35978"}],"curies":[{"name":"wp","href":"https:\/\/api.w.org\/{rel}","templated":true}]}}