{"id":35976,"date":"2021-08-19T10:34:49","date_gmt":"2021-08-19T10:34:49","guid":{"rendered":"https:\/\/www.headshop.nl\/?post_type=product&#038;p=35976"},"modified":"2025-10-16T07:05:24","modified_gmt":"2025-10-16T07:05:24","slug":"san-pedro-bridgesii-cactus-seeds","status":"publish","type":"product","link":"https:\/\/www.headshop.nl\/de\/san-pedro-bridgesii-cactus-seeds\/","title":{"rendered":"San Pedro Bridgesii Kaktus-Samen"},"content":{"rendered":"<h2>100 San Pedro Bridgesii Kaktussamen f\u00fcr den Anbau<\/h2>\n<p>Der San Pedro Mescaline-Kaktus wird von einigen Schamanen aus Peru oder Ecuador als eigenst\u00e4ndige Gottheit angesehen, aber Sie k\u00f6nnen ihn auch zu Hause anbauen!<\/p>\n<p>Einigen Schamanen aus Peru oder Ecuador zufolge gilt der San-Pedro-Kaktus als eigenst\u00e4ndiger Gott. Gut, dass Sie ihn zu Hause anbauen k\u00f6nnen!<\/p>\n<p>Holen Sie sich 100 Samen dieser magischen Pflanze und sehen Sie, was passiert, wenn Sie sich an der Aufzucht von Meskalin-Kakteen versuchen. Diese erstaunliche Kreatur wird seit Jahrhunderten von Menschen aus beiden L\u00e4ndern wegen all der Alkaloide im Inneren verwendet - wie Meskalin, das chemisch LSD \u00e4hnelt und \u00e4hnliche Wirkungen hervorruft wie Magic Mushrooms, LSD, sogar die K\u00f6nigin Ayahuasca selbst.<\/p>","protected":false},"excerpt":{"rendered":"<p>San Pedro ist ein Kaktus, der aufgrund der verschiedenen Alkaloide, die er enth\u00e4lt, seit Jahrhunderten in Ritualen und Zeremonien verwendet wird. Das bekannteste ist das Meskalin, das seine Beliebtheit bei Schamanen, die aus anderen psychoaktiven oder medizinischen Pflanzen zusammengesetzte Gebr\u00e4ue trinken, um w\u00e4hrend ihrer spirituellen Arbeit Visionen zu erzeugen, noch gesteigert hat.<\/p>","protected":false},"featured_media":38153,"template":"","meta":[],"product_brand":[],"product_cat":[394,297,384],"product_tag":[],"class_list":{"0":"post-35976","1":"product","2":"type-product","3":"status-publish","4":"has-post-thumbnail","6":"product_cat-mescaline-cacti","7":"product_cat-all-products","8":"product_cat-smartshop","9":"product_shipping_class-group-7","11":"first","12":"instock","13":"taxable","14":"shipping-taxable","15":"purchasable","16":"product-type-variable","17":"has-default-attributes"},"_links":{"self":[{"href":"https:\/\/www.headshop.nl\/de\/wp-json\/wp\/v2\/product\/35976","targetHints":{"allow":["GET"]}}],"collection":[{"href":"https:\/\/www.headshop.nl\/de\/wp-json\/wp\/v2\/product"}],"about":[{"href":"https:\/\/www.headshop.nl\/de\/wp-json\/wp\/v2\/types\/product"}],"wp:featuredmedia":[{"embeddable":true,"href":"https:\/\/www.headshop.nl\/de\/wp-json\/wp\/v2\/media\/38153"}],"wp:attachment":[{"href":"https:\/\/www.headshop.nl\/de\/wp-json\/wp\/v2\/media?parent=35976"}],"wp:term":[{"taxonomy":"product_brand","embeddable":true,"href":"https:\/\/www.headshop.nl\/de\/wp-json\/wp\/v2\/product_brand?post=35976"},{"taxonomy":"product_cat","embeddable":true,"href":"https:\/\/www.headshop.nl\/de\/wp-json\/wp\/v2\/product_cat?post=35976"},{"taxonomy":"product_tag","embeddable":true,"href":"https:\/\/www.headshop.nl\/de\/wp-json\/wp\/v2\/product_tag?post=35976"}],"curies":[{"name":"wp","href":"https:\/\/api.w.org\/{rel}","templated":true}]}}