{"id":35974,"date":"2021-08-19T10:28:43","date_gmt":"2021-08-19T10:28:43","guid":{"rendered":"https:\/\/www.headshop.nl\/?post_type=product&#038;p=35974"},"modified":"2025-10-16T07:05:25","modified_gmt":"2025-10-16T07:05:25","slug":"san-pedro-pachanoi-cactus-seeds","status":"publish","type":"product","link":"https:\/\/www.headshop.nl\/de\/san-pedro-pachanoi-cactus-seeds\/","title":{"rendered":"San Pedro Pachanoi Kaktus-Samen"},"content":{"rendered":"<h2>100 San Pedro Pachanoi Kaktussamen f\u00fcr den Anbau<\/h2>\n<p>Der San Pedro Mescaline Kaktus wird seit Jahrhunderten in verschiedenen Ritualen und Zeremonien verwendet, da er viele verschiedene Alkaloide enth\u00e4lt, wie das beliebte Mescaline, das \u00e4hnliche Wirkungen wie LSD haben kann.<\/p>\n<p>Einigen Schamanen aus Peru oder Ecuador zufolge gilt der San-Pedro-Kaktus als eigenst\u00e4ndiger Gott. Gut, dass Sie ihn zu Hause anbauen k\u00f6nnen!<\/p>\n<p>Holen Sie sich 100 Samen dieser magischen Pflanze und sehen Sie, was passiert, wenn Sie sich an der Aufzucht von Meskalin-Kakteen versuchen. Diese erstaunliche Kreatur wird seit Jahrhunderten von Menschen aus beiden L\u00e4ndern wegen all der Alkaloide im Inneren verwendet - wie Meskalin, das chemisch LSD \u00e4hnelt und \u00e4hnliche Wirkungen hervorruft wie Magic Mushrooms, LSD, sogar die K\u00f6nigin Ayahuasca selbst.<\/p>","protected":false},"excerpt":{"rendered":"<p>Dieser magische Kaktus wird von einigen Schamanen aus Peru oder Ecuador als eigener Gott betrachtet. Z\u00fcchten Sie Ihre eigene Meskalin-gebende Pflanze mit 100 Samen des San Pedro-Kaktus!<\/p>","protected":false},"featured_media":38155,"template":"","meta":[],"product_brand":[],"product_cat":[394,297,384],"product_tag":[],"class_list":{"0":"post-35974","1":"product","2":"type-product","3":"status-publish","4":"has-post-thumbnail","6":"product_cat-mescaline-cacti","7":"product_cat-all-products","8":"product_cat-smartshop","9":"product_shipping_class-group-7","11":"first","12":"instock","13":"taxable","14":"shipping-taxable","15":"purchasable","16":"product-type-variable","17":"has-default-attributes"},"_links":{"self":[{"href":"https:\/\/www.headshop.nl\/de\/wp-json\/wp\/v2\/product\/35974","targetHints":{"allow":["GET"]}}],"collection":[{"href":"https:\/\/www.headshop.nl\/de\/wp-json\/wp\/v2\/product"}],"about":[{"href":"https:\/\/www.headshop.nl\/de\/wp-json\/wp\/v2\/types\/product"}],"wp:featuredmedia":[{"embeddable":true,"href":"https:\/\/www.headshop.nl\/de\/wp-json\/wp\/v2\/media\/38155"}],"wp:attachment":[{"href":"https:\/\/www.headshop.nl\/de\/wp-json\/wp\/v2\/media?parent=35974"}],"wp:term":[{"taxonomy":"product_brand","embeddable":true,"href":"https:\/\/www.headshop.nl\/de\/wp-json\/wp\/v2\/product_brand?post=35974"},{"taxonomy":"product_cat","embeddable":true,"href":"https:\/\/www.headshop.nl\/de\/wp-json\/wp\/v2\/product_cat?post=35974"},{"taxonomy":"product_tag","embeddable":true,"href":"https:\/\/www.headshop.nl\/de\/wp-json\/wp\/v2\/product_tag?post=35974"}],"curies":[{"name":"wp","href":"https:\/\/api.w.org\/{rel}","templated":true}]}}