{"id":35940,"date":"2021-08-19T10:05:59","date_gmt":"2021-08-19T10:05:59","guid":{"rendered":"https:\/\/www.headshop.nl\/?post_type=product&#038;p=35940"},"modified":"2025-10-16T07:05:25","modified_gmt":"2025-10-16T07:05:25","slug":"peyote-cactus-seeds","status":"publish","type":"product","link":"https:\/\/www.headshop.nl\/de\/peyote-cactus-seeds\/","title":{"rendered":"Peyote Kaktus-Samen"},"content":{"rendered":"<h2>10 Peyote Kaktussamen f\u00fcr den Anbau<\/h2>\n<p>Mescaline ist vor allem daf\u00fcr bekannt, dass es eine \u00e4hnliche chemische Struktur wie LSD aufweist, aber auch Wirkungen hervorruft, die denen von Magic Mushrooms oder psychedelischen Drogen wie LSD selbst sehr \u00e4hnlich sind. Manche sagen, dass sie ihre Erfahrungen mit dieser Pflanze allein aufgrund dieser Eigenschaften geerdeter und leichter zu kontrollieren finden als andere Psychedelika, die heute auf dem Markt sind.<\/p>\n<p>Dieser magische Kaktus wird von einigen Schamanen als eigener Gott betrachtet... Und jetzt k\u00f6nnen Sie ihn auch zu Hause anbauen! Holen Sie sich 10 Samen des Kaktus Peyote und z\u00fcchten Sie Ihre eigene meskalinproduzierende Pflanze in Ihrem Garten.<\/p>\n<p>Dieses fantastische Exemplar wird seit Jahrhunderten in verschiedenen Ritualen der amerikanischen Ureinwohner verwendet - und das alles nur, weil es so viele verschiedene Alkaloide gibt. Das beliebteste ist: Mescaline, das chemische \u00c4hnlichkeiten mit LSD aufweist, w\u00e4hrend es fast identische Wirkungen hat, wie wir sie von Magic Mushrooms oder sogar der K\u00f6nigin Ayahuasca selbst kennen.<\/p>\n<p>Manche sagen, dass sich dieser Trip nach der Einnahme dieser Pflanzen aufgrund ihres hohen psychedelischen Gehalts geerdeter anf\u00fchlen kann als andere.<\/p>","protected":false},"excerpt":{"rendered":"<p>Seit Jahrtausenden gilt der Peyote-Kaktus in einigen schamanistischen Ritualen der amerikanischen Ureinwohner als Gott. Jetzt k\u00f6nnen Sie ihn auch zu Hause anbauen! Holen Sie sich 10 Samen und bauen Sie noch heute Ihre eigenen Meskalin produzierenden Kakteen an!<\/p>","protected":false},"featured_media":38187,"template":"","meta":[],"product_brand":[],"product_cat":[394,297,384],"product_tag":[],"class_list":{"0":"post-35940","1":"product","2":"type-product","3":"status-publish","4":"has-post-thumbnail","6":"product_cat-mescaline-cacti","7":"product_cat-all-products","8":"product_cat-smartshop","9":"product_shipping_class-group-7","11":"first","12":"instock","13":"taxable","14":"shipping-taxable","15":"purchasable","16":"product-type-variable","17":"has-default-attributes"},"_links":{"self":[{"href":"https:\/\/www.headshop.nl\/de\/wp-json\/wp\/v2\/product\/35940","targetHints":{"allow":["GET"]}}],"collection":[{"href":"https:\/\/www.headshop.nl\/de\/wp-json\/wp\/v2\/product"}],"about":[{"href":"https:\/\/www.headshop.nl\/de\/wp-json\/wp\/v2\/types\/product"}],"wp:featuredmedia":[{"embeddable":true,"href":"https:\/\/www.headshop.nl\/de\/wp-json\/wp\/v2\/media\/38187"}],"wp:attachment":[{"href":"https:\/\/www.headshop.nl\/de\/wp-json\/wp\/v2\/media?parent=35940"}],"wp:term":[{"taxonomy":"product_brand","embeddable":true,"href":"https:\/\/www.headshop.nl\/de\/wp-json\/wp\/v2\/product_brand?post=35940"},{"taxonomy":"product_cat","embeddable":true,"href":"https:\/\/www.headshop.nl\/de\/wp-json\/wp\/v2\/product_cat?post=35940"},{"taxonomy":"product_tag","embeddable":true,"href":"https:\/\/www.headshop.nl\/de\/wp-json\/wp\/v2\/product_tag?post=35940"}],"curies":[{"name":"wp","href":"https:\/\/api.w.org\/{rel}","templated":true}]}}