{"id":35938,"date":"2021-08-19T09:44:39","date_gmt":"2021-08-19T09:44:39","guid":{"rendered":"https:\/\/www.headshop.nl\/?post_type=product&#038;p=35938"},"modified":"2025-02-04T14:50:20","modified_gmt":"2025-02-04T14:50:20","slug":"speedx-partypills","status":"publish","type":"product","link":"https:\/\/www.headshop.nl\/de\/speedx-partypills\/","title":{"rendered":"SpeedX Partypills"},"content":{"rendered":"<h2>Was ist SpeedX?<\/h2>\n<p>SpeedX ist ein hochenergetisches Party-Supplement, das f\u00fcr einen intensiven und anhaltenden Energieschub sorgt. Egal, ob Sie die ganze Nacht durchfeiern, hart arbeiten oder einfach nur einen zus\u00e4tzlichen Schub brauchen, SpeedX hilft Ihnen, mit unerbittlicher Ausdauer durchzuhalten. Mit seiner potenten Kombination aus nat\u00fcrlichen Stimulanzien steigert SpeedX Wachsamkeit, Konzentration und Ausdauer und sorgt daf\u00fcr, dass M\u00fcdigkeit Sie nicht ausbremst.<\/p>\n<p>Diese Partykappe ist f\u00fcr alle gedacht, die nach dem Motto \"hart arbeiten, noch h\u00e4rter spielen\" leben. Wenn es nicht Ihr Stil ist, es ruhig angehen zu lassen, ist SpeedX der perfekte Begleiter, um Sie bei voller Intensit\u00e4t zu halten. Im Gegensatz zu synthetischen Stimulanzien verwendet SpeedX nat\u00fcrliche Inhaltsstoffe, um das Energieniveau zu optimieren und gleichzeitig die kognitiven Funktionen und die k\u00f6rperliche Leistungsf\u00e4higkeit zu unterst\u00fctzen. Das Ergebnis? Sie f\u00fchlen sich wach, energiegeladen und bereit, sich jeder Herausforderung zu stellen, die die Nacht - oder der Tag - f\u00fcr Sie bereith\u00e4lt. Ob Sie auf einem Festival, in einem Club oder bei einer hochintensiven Trainingseinheit sind, SpeedX sorgt daf\u00fcr, dass Sie in Bewegung bleiben, ohne einen Takt zu verpassen.<\/p>\n<h2>Geschichte von SpeedX<\/h2>\n<p>Der Wunsch nach energief\u00f6rdernden Nahrungserg\u00e4nzungsmitteln reicht Jahrhunderte zur\u00fcck, und viele Kulturen verwendeten nat\u00fcrliche Stimulanzien, um Leistung und Ausdauer zu steigern. Alte Zivilisationen verlie\u00dfen sich auf pflanzliche Heilmittel und Pflanzenextrakte, um die Ausdauer w\u00e4hrend Schlachten, Ritualen und Feiern aufrechtzuerhalten. Inhaltsstoffe wie Citrus aurantium und Koffein werden seit langem f\u00fcr ihre stimulierenden Eigenschaften gesch\u00e4tzt, die sowohl geistige als auch k\u00f6rperliche Impulse geben, wenn sie am meisten gebraucht werden.<\/p>\n<p>Im Laufe der Zeit hat der wissenschaftliche Fortschritt diese nat\u00fcrlichen Energieverst\u00e4rker verfeinert und zur Entwicklung gezielterer Formeln gef\u00fchrt. SpeedX ist das Ergebnis dieser Entwicklung - eine Kombination aus traditionellem Wissen und moderner Wissenschaft, um ein leistungsstarkes und dennoch nat\u00fcrliches Party-Supplement zu liefern. Im Gegensatz zu Stimulanzien auf chemischer Basis konzentriert sich SpeedX auf eine ausgewogene und anhaltende Energiefreisetzung und verhindert so pl\u00f6tzliche Abst\u00fcrze oder unerw\u00fcnschte Nebenwirkungen. Durch die sorgf\u00e4ltige Auswahl und Mischung der wichtigsten Inhaltsstoffe sorgt SpeedX f\u00fcr einen sauberen, effektiven Energieschub, der Sie l\u00e4nger durchhalten l\u00e4sst.<\/p>\n<p>Die Nachfrage nach sicheren und nat\u00fcrlichen Energieverst\u00e4rkern hat zugenommen, und SpeedX erf\u00fcllt diese Nachfrage mit einer Formel, die entwickelt wurde, um sowohl die Leistung als auch den Genuss zu maximieren. Ob f\u00fcr energiereiche Veranstaltungen oder um einen langen Tag durchzustehen, SpeedX bietet eine optimierte L\u00f6sung f\u00fcr diejenigen, die sich weigern, langsamer zu werden.<\/p>\n<h2>So verwenden Sie SpeedX<\/h2>\n<p>Um die volle Wirkung von SpeedX zu erfahren, nehmen Sie 1 bis 2 Kapseln etwa 30 Minuten vor der gew\u00fcnschten Wirkung ein. Erh\u00f6hen Sie die Dosis bei Bedarf auf 3 oder 4 Kapseln, aber \u00fcberschreiten Sie nicht die maximale Tagesdosis von 4 Kapseln pro 24 Stunden. Der Zeitpunkt der Einnahme ist entscheidend, um sicherzustellen, dass der Energieschub genau dann einsetzt, wenn Sie ihn am meisten brauchen.<\/p>\n<p>F\u00fcr beste Ergebnisse nehmen Sie SpeedX mit einem Glas Wasser oder Fruchtsaft ein. Die Formel wurde entwickelt, um das Energieniveau allm\u00e4hlich zu erh\u00f6hen, was eine sanfte und anhaltende Steigerung der Ausdauer und Wachsamkeit erm\u00f6glicht. Die Wirkung h\u00e4lt in der Regel mehrere Stunden lang an, je nach individueller Vertr\u00e4glichkeit und Aktivit\u00e4tsniveau. Wenn Sie SpeedX f\u00fcr eine Veranstaltung oder ein Training verwenden, achten Sie darauf, dass Sie ausreichend Fl\u00fcssigkeit zu sich nehmen und sich ausgewogen ern\u00e4hren, um die Leistung Ihres K\u00f6rpers zu unterst\u00fctzen.<\/p>\n<p>SpeedX ist perfekt f\u00fcr energiegeladene Aktivit\u00e4ten wie Clubbing, Raven, Sport und lange Arbeitsschichten. Egal, ob Sie die ganze Nacht durchtanzen, ein intensives Workout absolvieren oder w\u00e4hrend einer anspruchsvollen Aufgabe aufmerksam bleiben m\u00fcssen, SpeedX gibt Ihnen den n\u00f6tigen Schub, damit Sie Ihr Bestes geben k\u00f6nnen. Es ist jedoch wichtig, die Dosierungsempfehlungen zu befolgen, um eine \u00dcberstimulation zu vermeiden.<\/p>\n<h2>Inhaltsstoffe von SpeedX<\/h2>\n<p>SpeedX enth\u00e4lt eine einzigartige Mischung aus nat\u00fcrlichen Stimulanzien, die aufgrund ihrer energie- und leistungssteigernden Wirkung sorgf\u00e4ltig ausgew\u00e4hlt wurden. Jeder Inhaltsstoff spielt eine wichtige Rolle bei der Bereitstellung von anhaltender Energie, Konzentration und Ausdauer.<\/p>\n<ul>\n<li><strong>DL-Phenylalanin (DLPA):<\/strong> Diese Aminos\u00e4ure ist bekannt f\u00fcr ihre F\u00e4higkeit, die Stimmung zu verbessern und M\u00fcdigkeit zu lindern. Sie beeinflusst Neurotransmitter wie Dopamin und Endorphine, die dazu beitragen, Wachsamkeit und geistige Klarheit zu f\u00f6rdern. DLPA verbessert auch die k\u00f6rperliche Ausdauer, was sie zu einem wesentlichen Bestandteil von SpeedX macht.<\/li>\n<li><strong>Koffein:<\/strong> Als bekanntes Stimulans steigert Koffein die Energie und Wachsamkeit und verringert die M\u00fcdigkeit. Das in verschiedenen Pflanzen nat\u00fcrlich vorkommende Koffein verst\u00e4rkt die Wirkung der anderen Inhaltsstoffe und sorgt so f\u00fcr einen st\u00e4rkeren und lang anhaltenden Schub.<\/li>\n<li><strong>Citrus Aurantium:<\/strong> Dieser auch als Bitterorange bekannte Extrakt enth\u00e4lt Synephrin, eine Verbindung, die das Energieniveau und die geistige Konzentration steigert. Es hilft, die Ausdauer zu steigern und f\u00f6rdert das Wohlbefinden, was es zu einem wichtigen Bestandteil von SpeedX macht.<\/li>\n<li><strong>Higenamin:<\/strong> Higenamin ist ein nat\u00fcrliches Alkaloid, das in Lotus- und Eisenhutpflanzen vorkommt und als Stimulans vor dem Training wirkt. Es steigert den Adrenalinspiegel, unterst\u00fctzt die kardiovaskul\u00e4re Funktion und verbessert die Atmungseffizienz, wodurch es f\u00fcr energiereiche Aktivit\u00e4ten von Vorteil ist.<\/li>\n<li><strong>Octopamin:<\/strong> Diese nat\u00fcrliche Verbindung spielt eine Rolle im Fettstoffwechsel und bei der Energieproduktion. Sie unterst\u00fctzt geistige Klarheit, Wachsamkeit und allgemeine Ausdauer und hilft den Anwendern, \u00fcber l\u00e4ngere Zeitr\u00e4ume konzentriert und energiegeladen zu bleiben.<\/li>\n<\/ul>\n<p>Zusammen bilden diese Inhaltsstoffe eine ausgewogene Formel, die darauf ausgelegt ist, Energie und Leistung zu maximieren und gleichzeitig geistige Klarheit und Ausdauer zu erhalten.<\/p>\n<p><strong>Warnung:<\/strong><\/p>\n<p>Verwenden Sie dieses Nahrungserg\u00e4nzungsmittel nicht als Ersatz f\u00fcr eine abwechslungsreiche Ern\u00e4hrung. Au\u00dferhalb der Reichweite von Kindern aufbewahren. Nur verwenden, wenn Sie \u00fcber 18 Jahre alt sind. Nicht in Kombination mit Medikamenten oder anderen Stimulanzien verwenden, insbesondere wenn Sie unter hohem oder niedrigem Blutdruck, Herzproblemen, Schilddr\u00fcsenerkrankungen, Nierenerkrankungen, Depressionen, Nervosit\u00e4t oder psychischen\/physischen Gesundheitsproblemen leiden. Vermeiden Sie \u00fcberm\u00e4\u00dfigen Alkoholkonsum w\u00e4hrend der Einnahme dieses Produkts. Im Zweifelsfall konsultieren Sie Ihren Arzt.<\/p>","protected":false},"excerpt":{"rendered":"<p>SpeedX ist der ultimative Energieschub f\u00fcr alle, die gerne in die Vollen gehen. Diese nat\u00fcrliche und kraftvolle Formel wurde f\u00fcr Personen mit hohem Energiebedarf entwickelt und verbessert Ausdauer, Fokus und Wachsamkeit, damit du stundenlang tanzen, raven und dich mit voller Kraft bewegen kannst. Mit einer einzigartigen Mischung aus stimulierenden Inhaltsstoffen sorgt SpeedX daf\u00fcr, dass Sie energiegeladen bleiben und bereit sind, die Party am Laufen zu halten. Keine Zeit zu verlieren - tanken Sie Energie mit SpeedX und erleben Sie unaufhaltsame Energie.<\/p>","protected":false},"featured_media":35924,"template":"","meta":[],"product_brand":[],"product_cat":[386,297,707,408,411,397,384],"product_tag":[],"class_list":{"0":"post-35938","1":"product","2":"type-product","3":"status-publish","4":"has-post-thumbnail","6":"product_cat-party-pills","7":"product_cat-all-products","8":"product_cat-buy-xtc","9":"product_cat-dnx","10":"product_cat-energy-pills","11":"product_cat-party","12":"product_cat-smartshop","14":"first","15":"instock","16":"taxable","17":"shipping-taxable","18":"purchasable","19":"product-type-variable","20":"has-default-attributes"},"_links":{"self":[{"href":"https:\/\/www.headshop.nl\/de\/wp-json\/wp\/v2\/product\/35938","targetHints":{"allow":["GET"]}}],"collection":[{"href":"https:\/\/www.headshop.nl\/de\/wp-json\/wp\/v2\/product"}],"about":[{"href":"https:\/\/www.headshop.nl\/de\/wp-json\/wp\/v2\/types\/product"}],"wp:featuredmedia":[{"embeddable":true,"href":"https:\/\/www.headshop.nl\/de\/wp-json\/wp\/v2\/media\/35924"}],"wp:attachment":[{"href":"https:\/\/www.headshop.nl\/de\/wp-json\/wp\/v2\/media?parent=35938"}],"wp:term":[{"taxonomy":"product_brand","embeddable":true,"href":"https:\/\/www.headshop.nl\/de\/wp-json\/wp\/v2\/product_brand?post=35938"},{"taxonomy":"product_cat","embeddable":true,"href":"https:\/\/www.headshop.nl\/de\/wp-json\/wp\/v2\/product_cat?post=35938"},{"taxonomy":"product_tag","embeddable":true,"href":"https:\/\/www.headshop.nl\/de\/wp-json\/wp\/v2\/product_tag?post=35938"}],"curies":[{"name":"wp","href":"https:\/\/api.w.org\/{rel}","templated":true}]}}