{"id":35904,"date":"2021-08-19T09:18:08","date_gmt":"2021-08-19T09:18:08","guid":{"rendered":"https:\/\/www.headshop.nl\/?post_type=product&#038;p=35904"},"modified":"2025-02-04T14:52:58","modified_gmt":"2025-02-04T14:52:58","slug":"zenx-partypills","status":"publish","type":"product","link":"https:\/\/www.headshop.nl\/de\/zenx-partypills\/","title":{"rendered":"ZenX Partypills"},"content":{"rendered":"<h2 data-pm-slice=\"1 1 []\">Was ist Zen X?<\/h2>\n<p>Zen X ist ein pflanzliches Erg\u00e4nzungsmittel zur Unterst\u00fctzung von Entspannung und Wohlbefinden. Es besteht aus nat\u00fcrlichen Pflanzenextrakten und essentiellen N\u00e4hrstoffen und hilft dem K\u00f6rper und dem Geist, in einen friedlichen Zustand zu gelangen. Durch den Abbau von Stress und Anspannung verbessert Zen X Ihre F\u00e4higkeit, sich zu entspannen und einen Moment der Ruhe zu genie\u00dfen.<\/p>\n<p>Die Formel wirkt, indem sie das Nervensystem beruhigt, die Unruhe lindert und ein Gef\u00fchl der inneren Ruhe f\u00f6rdert. Viele Anwender beschreiben die Wirkung als beruhigend und ausgleichend, was Zen X zu einer hervorragenden Erg\u00e4nzung f\u00fcr einen achtsamen und entspannten Lebensstil macht.<\/p>\n<h2>Die Geschichte von Zen X<\/h2>\n<p>Zen X wurde als moderne L\u00f6sung zum Stressabbau entwickelt, die sich an traditionellen, seit Jahrhunderten verwendeten pflanzlichen Heilmitteln orientiert. Herbs wie Baldrianwurzel und Passionsblume sind seit langem f\u00fcr ihre beruhigenden Eigenschaften bekannt.<\/p>\n<p>Im Laufe der Zeit erm\u00f6glichte der wissenschaftliche Fortschritt die perfekte Kombination dieser Inhaltsstoffe, um ein leistungsstarkes und dennoch sanftes Erg\u00e4nzungsmittel zu schaffen. Heute unterst\u00fctzt Zen X Menschen, die auf der Suche nach einem nat\u00fcrlichen Weg zur Entspannung sind, indem es historische Weisheit mit moderner Forschung verbindet.<\/p>\n<h2>So verwenden Sie Zen X<\/h2>\n<p>Um die volle Wirkung von Zen X zu erleben, nehmen Sie eine Kapsel mit Wasser oder Saft etwa 30 bis 45 Minuten vor der gew\u00fcnschten Wirkung ein. Die empfohlene Tagesdosis betr\u00e4gt zwei Kapseln, und es ist wichtig, die maximale Dosis innerhalb von 24 Stunden nicht zu \u00fcberschreiten.<\/p>\n<p>Die besten Ergebnisse erzielen Sie, wenn Sie Zen X in einer ruhigen Umgebung verwenden, in der Sie sich vollkommen entspannen k\u00f6nnen. Egal, ob Sie meditieren, Achtsamkeit \u00fcben oder einfach eine Pause von einem stressigen Tag einlegen, Zen X verbessert Ihre F\u00e4higkeit, sich von Sorgen zu l\u00f6sen und den gegenw\u00e4rtigen Moment zu genie\u00dfen.<\/p>\n<h2>Inhaltsstoffe von Zen X<\/h2>\n<p>Zen X wird aus einer Mischung nat\u00fcrlicher Inhaltsstoffe hergestellt, die f\u00fcr ihre beruhigende Wirkung bekannt sind:<\/p>\n<ul data-spread=\"false\">\n<li><strong>Damiana (200 mg)<\/strong> - Wird traditionell zur Entspannung und Stimmungsaufhellung verwendet.<\/li>\n<li><strong>DL-Phenylalanin (75 mg)<\/strong> - Eine Aminos\u00e4ure, die das geistige Wohlbefinden f\u00f6rdert.<\/li>\n<li><strong>GABA (200 mg)<\/strong> - Ein Neurotransmitter, der Gelassenheit und Entspannung f\u00f6rdert.<\/li>\n<li><strong>Zitronenmelisse (50 mg)<\/strong> - Es ist bekannt f\u00fcr seine beruhigenden und stressabbauenden Eigenschaften.<\/li>\n<li><strong>Passionsblume (100 mg)<\/strong> - Hilft bei Unruhe und Anspannung.<\/li>\n<li><strong>Valerian Wurzel (100 mg)<\/strong> - Ein bekanntes Kraut zur F\u00f6rderung der Tiefenentspannung.<\/li>\n<li><strong>Vitamin B6 (1 mg, 66% ADH)<\/strong> - Unterst\u00fctzt die Funktion des Nervensystems und das allgemeine Wohlbefinden.<\/li>\n<\/ul>\n<p>Jeder Inhaltsstoff tr\u00e4gt dazu bei, K\u00f6rper und Geist in einen ausgeglichenen, stressfreien Zustand zu versetzen, was Zen X zu einer zuverl\u00e4ssigen Wahl f\u00fcr nat\u00fcrliche Entspannung macht.<\/p>\n<p><strong>Warnung:<\/strong><\/p>\n<p>Zen X ist ein Nahrungserg\u00e4nzungsmittel und sollte nicht als Ersatz f\u00fcr eine ausgewogene Ern\u00e4hrung verwendet werden. Au\u00dferhalb der Reichweite von Kindern aufbewahren. Dieses Produkt ist f\u00fcr Personen ab 18 Jahren bestimmt. Nicht in Kombination mit Medikamenten, Stimulanzien oder bei hohem\/niedrigem Blutdruck, Herzerkrankungen, Schilddr\u00fcsenerkrankungen, Nierenerkrankungen, Depressionen, Angstzust\u00e4nden oder anderen k\u00f6rperlichen oder geistigen Gesundheitsproblemen verwenden. Bei der Einnahme von MAO-Hemmern ist die Einnahme zu vermeiden. Vorsicht bei der Einnahme von Alkohol. Im Zweifelsfall konsultieren Sie vor der Einnahme Ihren Arzt.<\/p>","protected":false},"excerpt":{"rendered":"<p data-pm-slice=\"1 1 []\">Zen X ist eine einzigartige Kr\u00e4uterformel, die Ihnen hilft, einen tiefen Zustand der Entspannung zu erreichen. Mit einer Mischung sorgf\u00e4ltig ausgew\u00e4hlter nat\u00fcrlicher Inhaltsstoffe f\u00f6rdert es sowohl die k\u00f6rperliche als auch die geistige Gelassenheit und ist somit perfekt geeignet, um sich nach einem langen Tag zu entspannen. Ob Sie meditieren, nachdenken oder einfach nur den Alltagsstress loslassen wollen, Zen X bietet Ihnen die Gelassenheit, die Sie brauchen.<\/p>","protected":false},"featured_media":35932,"template":"","meta":[],"product_brand":[],"product_cat":[413,297,707,408,386,396,384],"product_tag":[],"class_list":{"0":"post-35904","1":"product","2":"type-product","3":"status-publish","4":"has-post-thumbnail","6":"product_cat-relax-pills","7":"product_cat-all-products","8":"product_cat-buy-xtc","9":"product_cat-dnx","10":"product_cat-party-pills","11":"product_cat-relax","12":"product_cat-smartshop","14":"first","15":"instock","16":"taxable","17":"shipping-taxable","18":"purchasable","19":"product-type-variable","20":"has-default-attributes"},"_links":{"self":[{"href":"https:\/\/www.headshop.nl\/de\/wp-json\/wp\/v2\/product\/35904","targetHints":{"allow":["GET"]}}],"collection":[{"href":"https:\/\/www.headshop.nl\/de\/wp-json\/wp\/v2\/product"}],"about":[{"href":"https:\/\/www.headshop.nl\/de\/wp-json\/wp\/v2\/types\/product"}],"wp:featuredmedia":[{"embeddable":true,"href":"https:\/\/www.headshop.nl\/de\/wp-json\/wp\/v2\/media\/35932"}],"wp:attachment":[{"href":"https:\/\/www.headshop.nl\/de\/wp-json\/wp\/v2\/media?parent=35904"}],"wp:term":[{"taxonomy":"product_brand","embeddable":true,"href":"https:\/\/www.headshop.nl\/de\/wp-json\/wp\/v2\/product_brand?post=35904"},{"taxonomy":"product_cat","embeddable":true,"href":"https:\/\/www.headshop.nl\/de\/wp-json\/wp\/v2\/product_cat?post=35904"},{"taxonomy":"product_tag","embeddable":true,"href":"https:\/\/www.headshop.nl\/de\/wp-json\/wp\/v2\/product_tag?post=35904"}],"curies":[{"name":"wp","href":"https:\/\/api.w.org\/{rel}","templated":true}]}}