{"id":35900,"date":"2021-08-19T09:18:01","date_gmt":"2021-08-19T09:18:01","guid":{"rendered":"https:\/\/www.headshop.nl\/?post_type=product&#038;p=35900"},"modified":"2026-02-11T13:26:17","modified_gmt":"2026-02-11T13:26:17","slug":"ultimatex-partypills","status":"publish","type":"product","link":"https:\/\/www.headshop.nl\/de\/ultimatex-partypills\/","title":{"rendered":"UltimateX Partypills"},"content":{"rendered":"<h2 data-pm-slice=\"1 1 []\">Was ist UltimateX?<\/h2>\n<p>UltimateX ist ein nat\u00fcrlicher Energiebooster, der dein Partyerlebnis verbessern soll. Egal, ob du auf einem Festival, in einem Club oder auf einer Hausparty bist, diese Pillen liefern die perfekte Mischung aus Energie und Euphorie, um dich in Schwung zu halten. Inspiriert von klassischen \"Salmiak\"-Bonbons, liefert UltimateX einen starken Kick ohne die unerw\u00fcnschten Nebenwirkungen herk\u00f6mmlicher Stimulanzien. Mit einer sorgf\u00e4ltig ausgew\u00e4hlten Mischung nat\u00fcrlicher Inhaltsstoffe sorgt diese legale Alternative zu XTC daf\u00fcr, dass Sie energiegeladen, konzentriert und im Hier und Jetzt bleiben und jede Nacht unvergesslich wird.<\/p>\n<h2>Die Geschichte von UltimateX<\/h2>\n<p>UltimateX wurde f\u00fcr diejenigen entwickelt, die das Leben in vollen Z\u00fcgen genie\u00dfen und einen zus\u00e4tzlichen Schub brauchen, um mit dem Tempo mitzuhalten. Inspiriert von Kr\u00e4utertraditionen und moderner Partykultur hat DNX diese Formel entwickelt, um einen legalen und nat\u00fcrlichen Weg zur Steigerung von Energie und Stimmung zu bieten. Im Laufe der Zeit ist die Nachfrage nach pflanzlichen Stimulanzien gestiegen, was zu Innovationen im Bereich der energiesteigernden Nahrungserg\u00e4nzungsmittel gef\u00fchrt hat. Durch die Kombination uralter Superfoods wie Maca und Kratom mit modernen Nootropika schlie\u00dft UltimateX die L\u00fccke zwischen nat\u00fcrlicher Wellness und energiegeladenem Nachtleben und schafft so ein Produkt, das auf Partyliebhaber weltweit zugeschnitten ist.<\/p>\n<h2>So verwenden Sie UltimateX<\/h2>\n<p>Um die besten Ergebnisse zu erzielen, nehmen Sie 1 bis 2 Tabletten 30 Minuten vor dem gew\u00fcnschten Wirkungseintritt ein. Falls gew\u00fcnscht, k\u00f6nnen Sie die Dosierung bis zu einem Maximum von 4 Tabletten innerhalb von 24 Stunden erh\u00f6hen. Die Wirkung ist von Person zu Person unterschiedlich, h\u00e4lt aber im Allgemeinen mehrere Stunden lang an und sorgt f\u00fcr anhaltende Energie und ein gesteigertes Gef\u00fchl der Euphorie. Vermeiden Sie es, die empfohlene Dosierung zu \u00fcberschreiten, um eine sichere und angenehme Erfahrung zu gew\u00e4hrleisten. Nehmen Sie UltimateX immer mit Wasser ein und mischen Sie es nie mit anderen Stimulanzien, Alkohol oder Medikamenten, um unerw\u00fcnschte Wechselwirkungen zu vermeiden.<\/p>\n<h2>Inhaltsstoffe von UltimateX<\/h2>\n<p>UltimateX enth\u00e4lt eine einzigartige Mischung aus nat\u00fcrlichen Inhaltsstoffen, die zusammenwirken, um Energie, Konzentration und Stimmung zu verbessern.<\/p>\n<ul data-spread=\"false\">\n<li><strong>Maca<\/strong>: Ein starkes Adaptogen, das daf\u00fcr bekannt ist, die Ausdauer zu erh\u00f6hen, den Hormonhaushalt auszugleichen und die Libido zu steigern.<\/li>\n<li><strong>Ingwer<\/strong>: F\u00f6rdert die Verdauung, lindert \u00dcbelkeit und unterst\u00fctzt das Energieniveau.<\/li>\n<li><strong>DL-Phenylalanin<\/strong>: Eine Aminos\u00e4ure, die zur Stimmungsregulierung beitr\u00e4gt und die Wachsamkeit steigert, indem sie die Dopamin- und Endorphinproduktion beeinflusst.<\/li>\n<li><strong>Koffein<\/strong>: Ein bekanntes Stimulans, das die Energie und die Wachsamkeit steigert, so dass Sie l\u00e4nger aktiv bleiben k\u00f6nnen.<\/li>\n<li><strong>Kratom<\/strong>: Eine tropische Pflanze mit nat\u00fcrlichen, energiespendenden und schmerzlindernden Eigenschaften, die ausgleichend und belebend wirkt.<\/li>\n<\/ul>\n<p>Diese sorgf\u00e4ltig ausgew\u00e4hlten Inhaltsstoffe wirken in Synergie, um eine kraftvolle und dennoch nat\u00fcrliche Formel zu schaffen, die Ausdauer, Wachsamkeit und Stimmungsaufhellung unterst\u00fctzt und UltimateX zur perfekten Erg\u00e4nzung Ihrer Party-Routine macht.<\/p>\n<p><strong>Warnung:<\/strong> UltimateX ist ein Nahrungserg\u00e4nzungsmittel und sollte nicht als Ersatz f\u00fcr eine ausgewogene Ern\u00e4hrung verwendet werden. Au\u00dferhalb der Reichweite von Kindern aufbewahren. Nur zur Verwendung durch Personen ab 18 Jahren. Nicht verwenden bei hohem\/niedrigem Blutdruck, Herzleiden, Schilddr\u00fcsenerkrankungen, Nierenerkrankungen, Depressionen, nerv\u00f6sen St\u00f6rungen oder wenn Sie MAO-Hemmer einnehmen. Vermeiden Sie \u00fcberm\u00e4\u00dfigen Alkoholkonsum w\u00e4hrend der Einnahme dieses Produkts. Konsultieren Sie im Zweifelsfall einen Arzt.<\/p>","protected":false},"excerpt":{"rendered":"<p data-pm-slice=\"1 1 []\">Suchst du nach einem intensiven Energieschub, der deine Party unvergesslich macht? UltimateX ist die nat\u00fcrliche Power-Ecstasy-Pille, die Sie bis zum Sonnenaufgang tanzen l\u00e4sst. Mit seiner einzigartigen Mischung aus Inhaltsstoffen steigert UltimateX Ihre Ausdauer und Euphorie und sorgt daf\u00fcr, dass jede Veranstaltung zu einem unvergesslichen Erlebnis wird.<\/p>","protected":false},"featured_media":35928,"template":"","meta":[],"product_brand":[],"product_cat":[386,297,707,408,411,397,384],"product_tag":[],"class_list":{"0":"post-35900","1":"product","2":"type-product","3":"status-publish","4":"has-post-thumbnail","6":"product_cat-party-pills","7":"product_cat-all-products","8":"product_cat-buy-xtc","9":"product_cat-dnx","10":"product_cat-energy-pills","11":"product_cat-party","12":"product_cat-smartshop","14":"first","15":"instock","16":"taxable","17":"shipping-taxable","18":"purchasable","19":"product-type-variable","20":"has-default-attributes"},"_links":{"self":[{"href":"https:\/\/www.headshop.nl\/de\/wp-json\/wp\/v2\/product\/35900","targetHints":{"allow":["GET"]}}],"collection":[{"href":"https:\/\/www.headshop.nl\/de\/wp-json\/wp\/v2\/product"}],"about":[{"href":"https:\/\/www.headshop.nl\/de\/wp-json\/wp\/v2\/types\/product"}],"wp:featuredmedia":[{"embeddable":true,"href":"https:\/\/www.headshop.nl\/de\/wp-json\/wp\/v2\/media\/35928"}],"wp:attachment":[{"href":"https:\/\/www.headshop.nl\/de\/wp-json\/wp\/v2\/media?parent=35900"}],"wp:term":[{"taxonomy":"product_brand","embeddable":true,"href":"https:\/\/www.headshop.nl\/de\/wp-json\/wp\/v2\/product_brand?post=35900"},{"taxonomy":"product_cat","embeddable":true,"href":"https:\/\/www.headshop.nl\/de\/wp-json\/wp\/v2\/product_cat?post=35900"},{"taxonomy":"product_tag","embeddable":true,"href":"https:\/\/www.headshop.nl\/de\/wp-json\/wp\/v2\/product_tag?post=35900"}],"curies":[{"name":"wp","href":"https:\/\/api.w.org\/{rel}","templated":true}]}}