{"id":35879,"date":"2021-08-19T08:40:16","date_gmt":"2021-08-19T08:40:16","guid":{"rendered":"https:\/\/www.headshop.nl\/?post_type=product&#038;p=35879"},"modified":"2025-02-11T07:37:23","modified_gmt":"2025-02-11T07:37:23","slug":"mdnx-partypills","status":"publish","type":"product","link":"https:\/\/www.headshop.nl\/de\/mdnx-partypills\/","title":{"rendered":"MDNX Partypills"},"content":{"rendered":"<h2 data-pm-slice=\"1 1 []\">Was ist MDNX?<\/h2>\n<p>MDNX ist ein nat\u00fcrliches Erg\u00e4nzungsmittel f\u00fcr Partyliebhaber, die ihre Erfahrungen verst\u00e4rken wollen. Es sorgt f\u00fcr einen Energieschub, steigert die Gl\u00fccksgef\u00fchle und verbessert die sozialen Interaktionen. Im Gegensatz zu k\u00fcnstlichen Stimulanzien ist MDNX mit nat\u00fcrlichen Inhaltsstoffen formuliert, die harmonisch mit Ihrem K\u00f6rper zusammenarbeiten. Egal, ob Sie auf einem Festival tanzen oder ein intimes Beisammensein genie\u00dfen, MDNX sorgt daf\u00fcr, dass Sie energiegeladen und engagiert bleiben.<\/p>\n<p>Die Wirkung von MDNX wird oft als intensiver Energieschub, erh\u00f6hte emotionale Verbundenheit und ein insgesamt euphorischer Zustand beschrieben. Seine einzigartige Mischung aus Kr\u00e4uterextrakten und Aminos\u00e4uren unterst\u00fctzt sowohl die geistige als auch die k\u00f6rperliche Ausdauer und hilft Ihnen, im Moment zu bleiben, ohne sp\u00e4ter abzust\u00fcrzen. Mit MDNX werden Ihre N\u00e4chte zu unvergesslichen Erlebnissen voller Freude und Vitalit\u00e4t.<\/p>\n<h2>Die Geschichte von MDNX<\/h2>\n<p>Das Konzept von MDNX geht auf die Suche nach nat\u00fcrlichen Alternativen zu synthetischen Stimulanzien zur\u00fcck. Im Laufe der Jahre haben viele Partyg\u00e4nger nach M\u00f6glichkeiten gesucht, ihre Erfahrungen ohne die negativen Nebenwirkungen k\u00fcnstlicher Substanzen zu verbessern.<\/p>\n<p>MDNX wurde durch die Kombination alter pflanzlicher Heilmittel mit moderner wissenschaftlicher Forschung entwickelt. Zutaten wie Maca, Kanna und Ingwer werden seit Jahrhunderten in der traditionellen Medizin wegen ihrer energie- und stimmungsaufhellenden Eigenschaften verwendet. Die Formulierung von MDNX vereint diese kraftvollen Inhaltsstoffe auf eine Weise, die sowohl den Geist als auch den K\u00f6rper unterst\u00fctzt, so dass die Benutzer ihre Nacht genie\u00dfen k\u00f6nnen, ohne sich Sorgen \u00fcber einen Absturz am n\u00e4chsten Tag zu machen.<\/p>\n<h2>So verwenden Sie MDNX<\/h2>\n<p>Um die besten Ergebnisse zu erzielen, nehmen Sie 1 bis 2 Kapseln etwa 30 Minuten vor der gew\u00fcnschten Wirkung ein. Falls erforderlich, k\u00f6nnen Sie die Einnahme auf maximal 4 Kapseln innerhalb von 24 Stunden erh\u00f6hen. \u00dcberschreiten Sie nicht die empfohlene Dosierung.<\/p>\n<p>MDNX ist f\u00fcr einen verantwortungsvollen Gebrauch konzipiert. Es wirkt am besten in Kombination mit Fl\u00fcssigkeitszufuhr und einer ausgewogenen Ern\u00e4hrung. Egal, ob Sie die Tanzfl\u00e4che st\u00fcrmen, ein Musikfestival genie\u00dfen oder sich mit Freunden treffen, MDNX sorgt daf\u00fcr, dass Sie sich von Ihrer besten Seite zeigen. H\u00f6ren Sie immer auf Ihren K\u00f6rper und verwenden Sie MDNX in Ma\u00dfen f\u00fcr das ultimative Party-Erlebnis.<\/p>\n<h2>Inhaltsstoffe von MDNX<\/h2>\n<p>MDNX enth\u00e4lt eine sorgf\u00e4ltig ausgew\u00e4hlte Mischung aus nat\u00fcrlichen Inhaltsstoffen, die zusammenwirken, um Ihre Energie und Stimmung zu verbessern:<\/p>\n<ul data-spread=\"true\">\n<li><strong>Maca:<\/strong> Maca ist eine peruanische Wurzel, die f\u00fcr ihre adaptogenen Eigenschaften bekannt ist. Sie steigert das Durchhalteverm\u00f6gen, hebt die Stimmung und verbessert das allgemeine Wohlbefinden. Sie hilft auch, den Hormonhaushalt auszugleichen, was zu einer stabileren und angenehmeren Erfahrung f\u00fchren kann.<\/li>\n<li><strong>Ingwer:<\/strong> Diese kraftvolle Wurzel unterst\u00fctzt die Verdauung, lindert \u00dcbelkeit und hat entz\u00fcndungshemmende Eigenschaften. Au\u00dferdem hilft sie, das Energieniveau und die Wachsamkeit w\u00e4hrend der Nacht aufrechtzuerhalten.<\/li>\n<li><strong>DL-Phenylalanin (DLPA):<\/strong> Eine Aminos\u00e4ure, die eine entscheidende Rolle bei der Stimmungsregulierung spielt, indem sie Neurotransmitter wie Dopamin und Endorphine beeinflusst. DLPA tr\u00e4gt dazu bei, die Konzentration zu verbessern, die Wachsamkeit zu steigern und das allgemeine Gl\u00fccksgef\u00fchl zu erh\u00f6hen.<\/li>\n<li><strong>Koffein:<\/strong> Als nat\u00fcrliches Stimulans, das Energie und Wachsamkeit steigert, verl\u00e4ngert Koffein Ihre Ausdauer und verst\u00e4rkt die Wirkung der anderen Inhaltsstoffe. Es hilft, M\u00fcdigkeit vorzubeugen, damit Sie l\u00e4nger aktiv bleiben.<\/li>\n<li><strong>Kanna:<\/strong> Eine s\u00fcdafrikanische Pflanze, die f\u00fcr ihre stimmungsaufhellenden Eigenschaften bekannt ist. Kanna erh\u00f6ht den Serotoninspiegel, reduziert \u00c4ngste und f\u00f6rdert die soziale Verbundenheit, wodurch Interaktionen angenehmer und m\u00fcheloser werden.<\/li>\n<\/ul>\n<p><strong>Warnung:<\/strong> MDNX ist ein Nahrungserg\u00e4nzungsmittel und sollte nicht als Ersatz f\u00fcr eine abwechslungsreiche Ern\u00e4hrung verwendet werden. Au\u00dferhalb der Reichweite von Kindern aufbewahren. Nur zur Verwendung durch Personen \u00fcber 18 Jahren. Nicht in Kombination mit Medikamenten, anderen Stimulanzien oder bei Herzerkrankungen, hohem\/niedrigem Blutdruck, Schilddr\u00fcsenerkrankungen, Nierenerkrankungen, Depressionen, Angstzust\u00e4nden oder anderen k\u00f6rperlichen oder geistigen Beschwerden verwenden. Vermeiden Sie \u00fcberm\u00e4\u00dfigen Alkoholkonsum. Im Zweifelsfall konsultieren Sie vor der Einnahme Ihren Arzt.<\/p>","protected":false},"excerpt":{"rendered":"<p data-pm-slice=\"1 1 []\">Suchst du nach dem Extra-Schub, um deine Nacht zu verbessern? MDNX ist eine nat\u00fcrliche Party-Pille, die Ihre Energie steigert, Ihre Stimmung verbessert und Sie die ganze Nacht durchhalten l\u00e4sst. Mit sorgf\u00e4ltig ausgew\u00e4hlten nat\u00fcrlichen Inhaltsstoffen hilft MDNX Ihnen, euphorische Gef\u00fchle zu erleben und dabei die Kontrolle zu behalten. Kein Kater, nur pures Vergn\u00fcgen.<\/p>","protected":false},"featured_media":35920,"template":"","meta":[],"product_brand":[],"product_cat":[386,297,707,408,411,397,384],"product_tag":[],"class_list":{"0":"post-35879","1":"product","2":"type-product","3":"status-publish","4":"has-post-thumbnail","6":"product_cat-party-pills","7":"product_cat-all-products","8":"product_cat-buy-xtc","9":"product_cat-dnx","10":"product_cat-energy-pills","11":"product_cat-party","12":"product_cat-smartshop","14":"first","15":"instock","16":"taxable","17":"shipping-taxable","18":"purchasable","19":"product-type-variable","20":"has-default-attributes"},"_links":{"self":[{"href":"https:\/\/www.headshop.nl\/de\/wp-json\/wp\/v2\/product\/35879","targetHints":{"allow":["GET"]}}],"collection":[{"href":"https:\/\/www.headshop.nl\/de\/wp-json\/wp\/v2\/product"}],"about":[{"href":"https:\/\/www.headshop.nl\/de\/wp-json\/wp\/v2\/types\/product"}],"wp:featuredmedia":[{"embeddable":true,"href":"https:\/\/www.headshop.nl\/de\/wp-json\/wp\/v2\/media\/35920"}],"wp:attachment":[{"href":"https:\/\/www.headshop.nl\/de\/wp-json\/wp\/v2\/media?parent=35879"}],"wp:term":[{"taxonomy":"product_brand","embeddable":true,"href":"https:\/\/www.headshop.nl\/de\/wp-json\/wp\/v2\/product_brand?post=35879"},{"taxonomy":"product_cat","embeddable":true,"href":"https:\/\/www.headshop.nl\/de\/wp-json\/wp\/v2\/product_cat?post=35879"},{"taxonomy":"product_tag","embeddable":true,"href":"https:\/\/www.headshop.nl\/de\/wp-json\/wp\/v2\/product_tag?post=35879"}],"curies":[{"name":"wp","href":"https:\/\/api.w.org\/{rel}","templated":true}]}}