{"id":35836,"date":"2021-08-17T12:20:54","date_gmt":"2021-08-17T12:20:54","guid":{"rendered":"https:\/\/www.headshop.nl\/?post_type=product&#038;p=35836"},"modified":"2025-06-06T06:33:49","modified_gmt":"2025-06-06T06:33:49","slug":"mcsx-partypills","status":"publish","type":"product","link":"https:\/\/www.headshop.nl\/de\/mcsx-partypills\/","title":{"rendered":"MCSX Partypills"},"content":{"rendered":"<h2>6 MCSX Partypills ab HPA<\/h2>\n<p>K\u00f6nnen Sie das Schlafzimmer zu Ihrem Vorteil nutzen? Probieren Sie die nat\u00fcrlichen pflanzlichen Sexpillen von MCSX f\u00fcr Frauen, M\u00e4nner und alle dazwischen. Diese Produkte wurden speziell f\u00fcr die Steigerung der Libido und der Ausdauer entwickelt, so dass, wenn es an der Zeit ist, die ganze Nacht Liebe zu machen, niemand eine Ausrede daf\u00fcr hat, dass er nicht sein Bestes geben kann!<\/p>\n<p>Diese helfen nicht nur, die sexuelle Energie zu steigern, sondern auch, ohne dass Sie sich Sorgen machen m\u00fcssen, dass die Werkzeuge wieder versagen. Mach dich bereit f\u00fcr einen aufregenden Abend!<\/p>\n<p>&nbsp;<\/p>","protected":false},"excerpt":{"rendered":"<p>MCSX ist ein Sexual- und Libidostimulator auf pflanzlicher Basis. Es erh\u00f6ht den Blutfluss zu den ben\u00f6tigten Muskeln. Neben der Steigerung der Libido, gibt es Ihnen viel Energie, um eine l\u00e4ngere Nacht der Leidenschaft zu genie\u00dfen. Enth\u00e4lt 6 Kapseln.<\/p>","protected":false},"featured_media":35812,"template":"","meta":[],"product_brand":[],"product_cat":[395,297,707,411,494,386,705,384],"product_tag":[],"class_list":{"0":"post-35836","1":"product","2":"type-product","3":"status-publish","4":"has-post-thumbnail","6":"product_cat-aphrodisiacs","7":"product_cat-all-products","8":"product_cat-buy-xtc","9":"product_cat-energy-pills","10":"product_cat-hpa","11":"product_cat-party-pills","12":"product_cat-sex-shop","13":"product_cat-smartshop","14":"product_shipping_class-not-allowed-group-1","16":"first","17":"instock","18":"taxable","19":"shipping-taxable","20":"purchasable","21":"product-type-variable","22":"has-default-attributes"},"_links":{"self":[{"href":"https:\/\/www.headshop.nl\/de\/wp-json\/wp\/v2\/product\/35836","targetHints":{"allow":["GET"]}}],"collection":[{"href":"https:\/\/www.headshop.nl\/de\/wp-json\/wp\/v2\/product"}],"about":[{"href":"https:\/\/www.headshop.nl\/de\/wp-json\/wp\/v2\/types\/product"}],"wp:featuredmedia":[{"embeddable":true,"href":"https:\/\/www.headshop.nl\/de\/wp-json\/wp\/v2\/media\/35812"}],"wp:attachment":[{"href":"https:\/\/www.headshop.nl\/de\/wp-json\/wp\/v2\/media?parent=35836"}],"wp:term":[{"taxonomy":"product_brand","embeddable":true,"href":"https:\/\/www.headshop.nl\/de\/wp-json\/wp\/v2\/product_brand?post=35836"},{"taxonomy":"product_cat","embeddable":true,"href":"https:\/\/www.headshop.nl\/de\/wp-json\/wp\/v2\/product_cat?post=35836"},{"taxonomy":"product_tag","embeddable":true,"href":"https:\/\/www.headshop.nl\/de\/wp-json\/wp\/v2\/product_tag?post=35836"}],"curies":[{"name":"wp","href":"https:\/\/api.w.org\/{rel}","templated":true}]}}