{"id":35834,"date":"2021-08-17T12:20:50","date_gmt":"2021-08-17T12:20:50","guid":{"rendered":"https:\/\/www.headshop.nl\/?post_type=product&#038;p=35834"},"modified":"2025-10-10T01:26:26","modified_gmt":"2025-10-10T01:26:26","slug":"mdaa-partypills","status":"publish","type":"product","link":"https:\/\/www.headshop.nl\/de\/mdaa-partypills\/","title":{"rendered":"MDAA Partypills"},"content":{"rendered":"<h2>6 MDAA Partypills ab HPA<\/h2>\n<p>Was ist die perfekte Art zu feiern? HPA MDAA! Dieses pflanzliche Pr\u00e4parat hebt dein Erlebnis auf eine ganz neue Ebene, ohne dass es dir schaden k\u00f6nnte. Mit nat\u00fcrlichen Inhaltsstoffen und Kr\u00e4uterextrakten sorgt diese Pille daf\u00fcr, dass du mehr Energie als je zuvor hast, w\u00e4hrend du die wundervollen Momente des Lebens zu Soundtracks von au\u00dferirdischer Qualit\u00e4t genie\u00dft.<\/p>\n<p>HPA MDAA ist eine pflanzliche Alternative zu den Party-Pillen von der Stra\u00dfe! Es steigert die Vitalit\u00e4t und hilft Ihnen, die wunderbare Welt der Kl\u00e4nge zu genie\u00dfen. Gef\u00fcllt mit nat\u00fcrlichen Inhaltsstoffen, wird diese Pille Ihnen eine Nacht voller Wunder erm\u00f6glichen, ohne irgendwelche Nebenwirkungen am n\u00e4chsten Tag. Diese Pille ist f\u00fcr alle, die eine tolle Zeit beim Feiern haben wollen, aber nicht wollen, dass ihr Alkohol- oder Drogenkonsum etwas Schlechtes nach sich zieht.<\/p>","protected":false},"excerpt":{"rendered":"<p>HPA MDAA ist die pflanzliche Party-Pille, die Ihnen eine wunderbare Nacht ohne Nebenwirkungen bescheren wird. Dieses nat\u00fcrliche Produkt enth\u00e4lt Inhaltsstoffe, die Ihre Vitalit\u00e4t steigern und es Ihnen leichter machen, die Freuden des Lebens zu genie\u00dfen, wie zum Beispiel Musik! Seien Sie bereit, die ganze Nacht zu feiern!<\/p>","protected":false},"featured_media":35816,"template":"","meta":[],"product_brand":[],"product_cat":[386,297,707,411,494,397,384],"product_tag":[],"class_list":{"0":"post-35834","1":"product","2":"type-product","3":"status-publish","4":"has-post-thumbnail","6":"product_cat-party-pills","7":"product_cat-all-products","8":"product_cat-buy-xtc","9":"product_cat-energy-pills","10":"product_cat-hpa","11":"product_cat-party","12":"product_cat-smartshop","13":"product_shipping_class-not-allowed-group-1","15":"first","16":"instock","17":"taxable","18":"shipping-taxable","19":"purchasable","20":"product-type-variable","21":"has-default-attributes"},"_links":{"self":[{"href":"https:\/\/www.headshop.nl\/de\/wp-json\/wp\/v2\/product\/35834","targetHints":{"allow":["GET"]}}],"collection":[{"href":"https:\/\/www.headshop.nl\/de\/wp-json\/wp\/v2\/product"}],"about":[{"href":"https:\/\/www.headshop.nl\/de\/wp-json\/wp\/v2\/types\/product"}],"wp:featuredmedia":[{"embeddable":true,"href":"https:\/\/www.headshop.nl\/de\/wp-json\/wp\/v2\/media\/35816"}],"wp:attachment":[{"href":"https:\/\/www.headshop.nl\/de\/wp-json\/wp\/v2\/media?parent=35834"}],"wp:term":[{"taxonomy":"product_brand","embeddable":true,"href":"https:\/\/www.headshop.nl\/de\/wp-json\/wp\/v2\/product_brand?post=35834"},{"taxonomy":"product_cat","embeddable":true,"href":"https:\/\/www.headshop.nl\/de\/wp-json\/wp\/v2\/product_cat?post=35834"},{"taxonomy":"product_tag","embeddable":true,"href":"https:\/\/www.headshop.nl\/de\/wp-json\/wp\/v2\/product_tag?post=35834"}],"curies":[{"name":"wp","href":"https:\/\/api.w.org\/{rel}","templated":true}]}}