{"id":35832,"date":"2021-08-17T12:20:42","date_gmt":"2021-08-17T12:20:42","guid":{"rendered":"https:\/\/www.headshop.nl\/?post_type=product&#038;p=35832"},"modified":"2025-06-06T06:31:12","modified_gmt":"2025-06-06T06:31:12","slug":"xtcy-partypills","status":"publish","type":"product","link":"https:\/\/www.headshop.nl\/de\/xtcy-partypills\/","title":{"rendered":"XTCY Partypills"},"content":{"rendered":"<h2>6 XTCY Partypills ab HPA<\/h2>\n<p>Wenn Sie die ganze Nacht durchtanzen wollen, dann suchen Sie nicht weiter! Das Pillenset HPA XTCY Party enth\u00e4lt alles, was dein K\u00f6rper f\u00fcr eine tolle Zeit mit Freunden braucht. Wenn dir das Feiern an einem Tag zu viel ist und du es morgen wieder tun willst, dann hat dieses Pillenset auch daf\u00fcr eine L\u00f6sung parat.<\/p>\n<p>Erfinderische Partyg\u00e4nger, die einen Energiekick brauchen, sollten XTCY Energizer in Betracht ziehen. Die Formel kombiniert nat\u00fcrliche Inhaltsstoffe und gibt dir einen Energieschub, der perfekt f\u00fcr Partys ist und dich durch die Nacht bringt. Einige Benutzer finden, dass es echtem Ecstasy sehr \u00e4hnlich ist, aber ohne jegliche Nebenwirkungen!<\/p>\n<p>&nbsp;<\/p>","protected":false},"excerpt":{"rendered":"<p>Willst du die ganze Nacht mit deinen Freunden feiern? Das Pillenset HPA XTCY Party gibt dir einen nat\u00fcrlichen Energieschub, damit dich die intensiven Tanzbewegungen nicht ersch\u00f6pfen. Diese Pillen sind au\u00dferdem eine gesunde Alternative zu giftigen Stra\u00dfendrogen und werden aus v\u00f6llig legalen, nat\u00fcrlichen Zutaten hergestellt!<\/p>","protected":false},"featured_media":35824,"template":"","meta":[],"product_brand":[],"product_cat":[386,297,707,411,494,397,384],"product_tag":[],"class_list":{"0":"post-35832","1":"product","2":"type-product","3":"status-publish","4":"has-post-thumbnail","6":"product_cat-party-pills","7":"product_cat-all-products","8":"product_cat-buy-xtc","9":"product_cat-energy-pills","10":"product_cat-hpa","11":"product_cat-party","12":"product_cat-smartshop","13":"product_shipping_class-not-allowed-group-1","15":"first","16":"instock","17":"taxable","18":"shipping-taxable","19":"purchasable","20":"product-type-variable","21":"has-default-attributes"},"_links":{"self":[{"href":"https:\/\/www.headshop.nl\/de\/wp-json\/wp\/v2\/product\/35832","targetHints":{"allow":["GET"]}}],"collection":[{"href":"https:\/\/www.headshop.nl\/de\/wp-json\/wp\/v2\/product"}],"about":[{"href":"https:\/\/www.headshop.nl\/de\/wp-json\/wp\/v2\/types\/product"}],"wp:featuredmedia":[{"embeddable":true,"href":"https:\/\/www.headshop.nl\/de\/wp-json\/wp\/v2\/media\/35824"}],"wp:attachment":[{"href":"https:\/\/www.headshop.nl\/de\/wp-json\/wp\/v2\/media?parent=35832"}],"wp:term":[{"taxonomy":"product_brand","embeddable":true,"href":"https:\/\/www.headshop.nl\/de\/wp-json\/wp\/v2\/product_brand?post=35832"},{"taxonomy":"product_cat","embeddable":true,"href":"https:\/\/www.headshop.nl\/de\/wp-json\/wp\/v2\/product_cat?post=35832"},{"taxonomy":"product_tag","embeddable":true,"href":"https:\/\/www.headshop.nl\/de\/wp-json\/wp\/v2\/product_tag?post=35832"}],"curies":[{"name":"wp","href":"https:\/\/api.w.org\/{rel}","templated":true}]}}