{"id":35754,"date":"2021-08-17T09:22:54","date_gmt":"2021-08-17T09:22:54","guid":{"rendered":"https:\/\/www.headshop.nl\/?post_type=product&#038;p=35754"},"modified":"2026-01-20T13:52:31","modified_gmt":"2026-01-20T13:52:31","slug":"trip-e-happycaps","status":"publish","type":"product","link":"https:\/\/www.headshop.nl\/de\/trip-e-happycaps\/","title":{"rendered":"Trip E Happy Caps"},"content":{"rendered":"<h2>4 Partypills von Trip E von HappyCaps<\/h2>\n<p>Wenn Du auf der Suche nach einer psychedelischen und meditativen Erfahrung mit Deiner Party-Pille bist, dann ist diese Pille perfekt f\u00fcr Dich. Fang langsam an (max. 2 Kapseln), damit es Dich nicht gleich beim ersten Mal \u00fcberw\u00e4ltigt!<\/p>\n<p>Diese pflanzliche Alternative ist gro\u00dfartig, weil sie eine introspektive Reise erm\u00f6glicht, die jeder machen kann, der sich um seinen eigenen Geist k\u00fcmmert, bevor er sich auf ein trippiges Abenteuer begibt!<\/p>\n<p>Trip-E bietet eine einzigartige, intensive psychedelische Erfahrung. Die Formel ist perfekt f\u00fcr diejenigen, die den n\u00e4chsten Schritt auf ihrer Reise zur Erforschung des Bewusstseins und zur Erweiterung des Bewusstseins durch einen unvergesslichen Trip ohne Ablenkungen machen wollen.<\/p>\n<p>Trip-E, eine psychedelische Kapsel, die dich auf eine unvergessliche meditative Reise mitnimmt. Diese Formel ist perfekt f\u00fcr jede Umgebung, in der nichts von der spektakul\u00e4ren und intensiven Trip-Erfahrung des Trippers ablenken kann.<\/p>","protected":false},"excerpt":{"rendered":"<p>Trip E Happy Caps ist die abgefahrenste Party-Pille auf dem Markt. Diese nat\u00fcrliche pflanzliche Formel \u00f6ffnet eine T\u00fcr zu einer erstaunlichen psychedelischen Welt mit Lichtvisualisierungen inklusive!<\/p>","protected":false},"featured_media":47998,"template":"","meta":[],"product_brand":[],"product_cat":[412,297,707,409,397,386,384],"product_tag":[],"class_list":{"0":"post-35754","1":"product","2":"type-product","3":"status-publish","4":"has-post-thumbnail","6":"product_cat-trippy-pills","7":"product_cat-all-products","8":"product_cat-buy-xtc","9":"product_cat-happy-caps","10":"product_cat-party","11":"product_cat-party-pills","12":"product_cat-smartshop","13":"product_shipping_class-not-allowed-group-3","15":"first","16":"instock","17":"taxable","18":"shipping-taxable","19":"purchasable","20":"product-type-variable","21":"has-default-attributes"},"_links":{"self":[{"href":"https:\/\/www.headshop.nl\/de\/wp-json\/wp\/v2\/product\/35754","targetHints":{"allow":["GET"]}}],"collection":[{"href":"https:\/\/www.headshop.nl\/de\/wp-json\/wp\/v2\/product"}],"about":[{"href":"https:\/\/www.headshop.nl\/de\/wp-json\/wp\/v2\/types\/product"}],"wp:featuredmedia":[{"embeddable":true,"href":"https:\/\/www.headshop.nl\/de\/wp-json\/wp\/v2\/media\/47998"}],"wp:attachment":[{"href":"https:\/\/www.headshop.nl\/de\/wp-json\/wp\/v2\/media?parent=35754"}],"wp:term":[{"taxonomy":"product_brand","embeddable":true,"href":"https:\/\/www.headshop.nl\/de\/wp-json\/wp\/v2\/product_brand?post=35754"},{"taxonomy":"product_cat","embeddable":true,"href":"https:\/\/www.headshop.nl\/de\/wp-json\/wp\/v2\/product_cat?post=35754"},{"taxonomy":"product_tag","embeddable":true,"href":"https:\/\/www.headshop.nl\/de\/wp-json\/wp\/v2\/product_tag?post=35754"}],"curies":[{"name":"wp","href":"https:\/\/api.w.org\/{rel}","templated":true}]}}