{"id":35751,"date":"2021-08-17T08:58:20","date_gmt":"2021-08-17T08:58:20","guid":{"rendered":"https:\/\/www.headshop.nl\/?post_type=product&#038;p=35751"},"modified":"2022-09-19T14:03:24","modified_gmt":"2022-09-19T14:03:24","slug":"space-e-happycaps","status":"publish","type":"product","link":"https:\/\/www.headshop.nl\/de\/space-e-happycaps\/","title":{"rendered":"Space E Happy Caps"},"content":{"rendered":"<h2>4 Partypills von Space E von HappyCaps<\/h2>\n<p>Die perfekte L\u00f6sung f\u00fcr jedes Festival oder jeden Rave: Space E ist die psychedelische Kr\u00e4uterpille, die dir viel Energie und eine neue psychedelische Perspektive auf das Leben gibt.<\/p>\n<p>Space E ist die perfekte pflanzliche L\u00f6sung f\u00fcr Rave-Partyg\u00e4nger, die sich in einen Rausch versetzen wollen. Es kann Deine Stimmung heben, Dich mit viel Energie versorgen und gleichzeitig eine einzigartige psychedelische Erfahrung bieten. Perfekt, wenn du ausgehst und einen zus\u00e4tzlichen Kick willst! Psy it up!<\/p>\n<p>Die Space-e von Happy Caps ist eine Party-Pille, die so konzipiert wurde, dass Du Dich sowohl entspannt als auch high f\u00fchlst. Sie ist perfekt, wenn Du in der Stimmung f\u00fcr eine intensive Partynacht bist oder einfach zu Hause mit Freunden chillen willst. Erwarte eine spacige und etwas trippige, aber dennoch energiegeladene Erfahrung!<\/p>","protected":false},"excerpt":{"rendered":"<p>Space E ist die perfekte Party-Pille, um sich abzureagieren. Dies macht es gut geeignet f\u00fcr Trance-Partys, wie Sie Ihre Energie zu erh\u00f6hen und Sie werden eine euphorische Erfahrung, die leicht psychedelisch ist auch haben! Und das alles ohne die verr\u00fcckten Nebenwirkungen anderer Drogen - nur mit den nat\u00fcrlichen Inhaltsstoffen von Happy Caps.<\/p>","protected":false},"featured_media":47996,"template":"","meta":[],"product_brand":[],"product_cat":[412,297,707,409,397,386,384],"product_tag":[],"class_list":{"0":"post-35751","1":"product","2":"type-product","3":"status-publish","4":"has-post-thumbnail","6":"product_cat-trippy-pills","7":"product_cat-all-products","8":"product_cat-buy-xtc","9":"product_cat-happy-caps","10":"product_cat-party","11":"product_cat-party-pills","12":"product_cat-smartshop","14":"first","15":"instock","16":"taxable","17":"shipping-taxable","18":"purchasable","19":"product-type-variable","20":"has-default-attributes"},"_links":{"self":[{"href":"https:\/\/www.headshop.nl\/de\/wp-json\/wp\/v2\/product\/35751","targetHints":{"allow":["GET"]}}],"collection":[{"href":"https:\/\/www.headshop.nl\/de\/wp-json\/wp\/v2\/product"}],"about":[{"href":"https:\/\/www.headshop.nl\/de\/wp-json\/wp\/v2\/types\/product"}],"wp:featuredmedia":[{"embeddable":true,"href":"https:\/\/www.headshop.nl\/de\/wp-json\/wp\/v2\/media\/47996"}],"wp:attachment":[{"href":"https:\/\/www.headshop.nl\/de\/wp-json\/wp\/v2\/media?parent=35751"}],"wp:term":[{"taxonomy":"product_brand","embeddable":true,"href":"https:\/\/www.headshop.nl\/de\/wp-json\/wp\/v2\/product_brand?post=35751"},{"taxonomy":"product_cat","embeddable":true,"href":"https:\/\/www.headshop.nl\/de\/wp-json\/wp\/v2\/product_cat?post=35751"},{"taxonomy":"product_tag","embeddable":true,"href":"https:\/\/www.headshop.nl\/de\/wp-json\/wp\/v2\/product_tag?post=35751"}],"curies":[{"name":"wp","href":"https:\/\/api.w.org\/{rel}","templated":true}]}}