{"id":35749,"date":"2021-08-17T08:03:43","date_gmt":"2021-08-17T08:03:43","guid":{"rendered":"https:\/\/www.headshop.nl\/?post_type=product&#038;p=35749"},"modified":"2026-02-21T01:26:16","modified_gmt":"2026-02-21T01:26:16","slug":"sex-e-happycaps","status":"publish","type":"product","link":"https:\/\/www.headshop.nl\/de\/sex-e-happycaps\/","title":{"rendered":"Sex E Happy Caps"},"content":{"rendered":"<h2>4 Partypills von Sex E von HappyCaps<\/h2>\n<p>Das Sex E Happy Caps ist die perfekte Erg\u00e4nzung f\u00fcr jeden romantischen Abend. Diese nat\u00fcrliche pflanzliche Formel wirkt als Aphrodisiakum und kann die Libido steigern, die Leistung im Bett verbessern und vieles mehr!<\/p>\n<p>F\u00fcr alle, die auf der Suche nach einer libidosteigernden, sinnlichen Verst\u00e4rkung sind - dies ist ein perfektes Aphrodisiakum, das von beiden Partnern verwendet werden kann! Wenn Sie eine romantische Nacht mit Ihrem Partner planen und die Luft mit lustvoller Energie f\u00fcllen wollen, holen Sie diese kraftvollen Zutaten hervor.<\/p>\n<p>Sie werden jeder Person helfen, die ihr Sexualleben in etwas Leidenschaftlicheres explodieren lassen will, als sie es jemals zuvor erlebt haben - diese Formel funktioniert sogar bei Menschen ohne Erfahrung mit anderen Stimulanzien oder Drogen, einfach aufklappen und die Empfindungen so bald wie m\u00f6glich genie\u00dfen!<\/p>\n<p>F\u00fcr diejenigen, die planen, ein Aphrodisiakum zu verwenden, ist diese Erg\u00e4nzung perfekt f\u00fcr die sinnliche Verst\u00e4rkung. Das libidosteigernde Stimulans wird w\u00e4hrend romantischer Momente der Intimit\u00e4t vor Liebe und Aufregung nur so sprudeln. Diejenigen, die keine Erfahrung mit anderen Stimulierungen haben, k\u00f6nnen es auch einfach einnehmen, wenn sie einen kleinen Extra-Schub brauchen!<\/p>","protected":false},"excerpt":{"rendered":"<p>Wenn Sie und Ihr Partner sich ein wenig verspielt f\u00fchlen, greifen Sie zum Sex E Happy Caps! Diese nat\u00fcrliche pflanzliche Formel wirkt als Aphrodisiakum. Das bedeutet, dass es unter anderem die Libido steigern und die Leistung im Bett verbessern kann. Wenn das nicht in k\u00fcrzester Zeit zu einer Romanze f\u00fchrt, dann wissen wir nicht, was den Trick bewirken wird!<\/p>","protected":false},"featured_media":47994,"template":"","meta":[],"product_brand":[],"product_cat":[395,297,707,411,409,386,705,384],"product_tag":[],"class_list":{"0":"post-35749","1":"product","2":"type-product","3":"status-publish","4":"has-post-thumbnail","6":"product_cat-aphrodisiacs","7":"product_cat-all-products","8":"product_cat-buy-xtc","9":"product_cat-energy-pills","10":"product_cat-happy-caps","11":"product_cat-party-pills","12":"product_cat-sex-shop","13":"product_cat-smartshop","15":"first","16":"instock","17":"taxable","18":"shipping-taxable","19":"purchasable","20":"product-type-variable","21":"has-default-attributes"},"_links":{"self":[{"href":"https:\/\/www.headshop.nl\/de\/wp-json\/wp\/v2\/product\/35749","targetHints":{"allow":["GET"]}}],"collection":[{"href":"https:\/\/www.headshop.nl\/de\/wp-json\/wp\/v2\/product"}],"about":[{"href":"https:\/\/www.headshop.nl\/de\/wp-json\/wp\/v2\/types\/product"}],"wp:featuredmedia":[{"embeddable":true,"href":"https:\/\/www.headshop.nl\/de\/wp-json\/wp\/v2\/media\/47994"}],"wp:attachment":[{"href":"https:\/\/www.headshop.nl\/de\/wp-json\/wp\/v2\/media?parent=35749"}],"wp:term":[{"taxonomy":"product_brand","embeddable":true,"href":"https:\/\/www.headshop.nl\/de\/wp-json\/wp\/v2\/product_brand?post=35749"},{"taxonomy":"product_cat","embeddable":true,"href":"https:\/\/www.headshop.nl\/de\/wp-json\/wp\/v2\/product_cat?post=35749"},{"taxonomy":"product_tag","embeddable":true,"href":"https:\/\/www.headshop.nl\/de\/wp-json\/wp\/v2\/product_tag?post=35749"}],"curies":[{"name":"wp","href":"https:\/\/api.w.org\/{rel}","templated":true}]}}