{"id":35745,"date":"2021-08-17T07:34:08","date_gmt":"2021-08-17T07:34:08","guid":{"rendered":"https:\/\/www.headshop.nl\/?post_type=product&#038;p=35745"},"modified":"2025-12-31T01:26:25","modified_gmt":"2025-12-31T01:26:25","slug":"heavenly-e-happycaps","status":"publish","type":"product","link":"https:\/\/www.headshop.nl\/de\/heavenly-e-happycaps\/","title":{"rendered":"Heavenly E Happy Caps"},"content":{"rendered":"<h2>4 Partypills von Heavenly E von HappyCaps<\/h2>\n<p>Relaxing ist einfach, wenn man wei\u00df, was zu tun ist. Die Heavenly E-Kapseln von Happy Caps sind genau das Richtige f\u00fcr einen Abend, an dem Sie sich und Ihr Leben gut f\u00fchlen! Diese potenten nat\u00fcrlichen Pillen sorgen daf\u00fcr, dass Sie sich entspannt f\u00fchlen, Stress abbauen und positive Gef\u00fchle durch jeden Teil Ihres K\u00f6rpers str\u00f6men lassen - sowie die Stimmung im Allgemeinen mit einer gesunden Dosis beruhigender Gef\u00fchle verbessern.<\/p>\n<p>Vergessen Sie alle Probleme, die auf Sie zukommen k\u00f6nnten: Genie\u00dfen Sie diesen freien Abend, ohne sich jemals wieder Sorgen machen zu m\u00fcssen, denn diese Kapsel kann alles Negative und Stressige, das auf sie zukommt, wie ein echter Boss loswerden!<\/p>\n<p>Dieses Beruhigungsmittel ist eine wunderbare Alternative f\u00fcr alle, die am Ende des Tages zur Ruhe kommen wollen. Es wird Sie nicht tr\u00e4ge machen, aber es wird Ihren Geist in einen entspannten Zustand versetzen, in dem alle Sorgen wie nichts erscheinen.<\/p>\n<p>Diese Pille sorgt f\u00fcr Stressabbau und sogar f\u00fcr etwas Energie! Zu den besten Praktiken geh\u00f6ren gem\u00fctliche Abende mit sich selbst oder mit Freunden\/Familie; dieses pflanzliche Pr\u00e4parat kann genau das sein, was Sie nach einem langen, harten Tag brauchen, wenn alles zu viel zu sein scheint - lassen Sie diese Last auf Ihren Schultern los.<\/p>","protected":false},"excerpt":{"rendered":"<p>Mit den Heavenly E-Kapseln von Happy Caps werden Sie sich f\u00fchlen, als ob alle Ihre Sorgen verschwunden w\u00e4ren. Die Formel besteht aus nat\u00fcrlichen Inhaltsstoffen und sorgt daf\u00fcr, dass der Stress Sie nicht \u00fcbermannt, w\u00e4hrend sie gleichzeitig Ihre Stimmung verbessert und Ihre Laune hebt!<\/p>","protected":false},"featured_media":47986,"template":"","meta":[],"product_brand":[],"product_cat":[386,297,707,409,396,413,384],"product_tag":[],"class_list":{"0":"post-35745","1":"product","2":"type-product","3":"status-publish","4":"has-post-thumbnail","6":"product_cat-party-pills","7":"product_cat-all-products","8":"product_cat-buy-xtc","9":"product_cat-happy-caps","10":"product_cat-relax","11":"product_cat-relax-pills","12":"product_cat-smartshop","14":"first","15":"instock","16":"taxable","17":"shipping-taxable","18":"purchasable","19":"product-type-variable","20":"has-default-attributes"},"_links":{"self":[{"href":"https:\/\/www.headshop.nl\/de\/wp-json\/wp\/v2\/product\/35745","targetHints":{"allow":["GET"]}}],"collection":[{"href":"https:\/\/www.headshop.nl\/de\/wp-json\/wp\/v2\/product"}],"about":[{"href":"https:\/\/www.headshop.nl\/de\/wp-json\/wp\/v2\/types\/product"}],"wp:featuredmedia":[{"embeddable":true,"href":"https:\/\/www.headshop.nl\/de\/wp-json\/wp\/v2\/media\/47986"}],"wp:attachment":[{"href":"https:\/\/www.headshop.nl\/de\/wp-json\/wp\/v2\/media?parent=35745"}],"wp:term":[{"taxonomy":"product_brand","embeddable":true,"href":"https:\/\/www.headshop.nl\/de\/wp-json\/wp\/v2\/product_brand?post=35745"},{"taxonomy":"product_cat","embeddable":true,"href":"https:\/\/www.headshop.nl\/de\/wp-json\/wp\/v2\/product_cat?post=35745"},{"taxonomy":"product_tag","embeddable":true,"href":"https:\/\/www.headshop.nl\/de\/wp-json\/wp\/v2\/product_tag?post=35745"}],"curies":[{"name":"wp","href":"https:\/\/api.w.org\/{rel}","templated":true}]}}