{"id":35741,"date":"2021-08-17T07:33:56","date_gmt":"2021-08-17T07:33:56","guid":{"rendered":"https:\/\/www.headshop.nl\/?post_type=product&#038;p=35741"},"modified":"2025-06-06T06:34:21","modified_gmt":"2025-06-06T06:34:21","slug":"atomic-partypills","status":"publish","type":"product","link":"https:\/\/www.headshop.nl\/de\/atomic-partypills\/","title":{"rendered":"Atomic Partypills"},"content":{"rendered":"<h2>6 Atomic Partypills ab HPA<\/h2>\n<p>Warst du schon einmal so energiegeladen, dass die Menschen um dich herum deine Stimmung sp\u00fcren? Nun, diese Pillen werden dir stundenlanges, energiegeladenes Feiern bescheren! Sie geben deinem Geist und deinem K\u00f6rper einen Schub f\u00fcr jede Gelegenheit. Egal, ob die Arbeit dein ganzes Durchhalteverm\u00f6gen ersch\u00f6pft hat oder du einfach nur mit deinen Freunden eine extra harte Party feiern willst - diese Pille ist perfekt f\u00fcr jede Zeit in einer Nacht!<\/p>\n<p>Wie der Name schon sagt, wenn Sie auf der Suche nach einer Energiebombe sind, dann suchen Sie nicht weiter als Atomic Party Pills. Diese unglaubliche Erg\u00e4nzung enth\u00e4lt Inhaltsstoffe nat\u00fcrlich gefunden, die helfen k\u00f6nnen, kognitive F\u00e4higkeiten wie Konzentration zu verbessern, w\u00e4hrend Benutzer lang anhaltende Ausbr\u00fcche von Energie im Laufe des Tages, ohne von seiner Wirkung sp\u00e4ter auf der Stra\u00dfe abst\u00fcrzen zu m\u00fcssen.<\/p>\n<p>Diese Party-Pillen haben das Potenzial, eine wahre Energiebombe zu sein, und sie sind vollgepackt mit nat\u00fcrlichen Inhaltsstoffen, die deine kognitiven F\u00e4higkeiten steigern k\u00f6nnen. Wenn du auf der Suche nach einer ernsthaften Party bist, werden diese Pillen sicherlich ihren Zweck erf\u00fcllen!<\/p>","protected":false},"excerpt":{"rendered":"<p>Wenn Sie auf der Suche nach einer schnellen und einfachen M\u00f6glichkeit sind, die Energie einer Atombombe zu bekommen, dann sind die Atomic Party-Pillen genau das Richtige f\u00fcr Sie! Diese Pille steigert nicht nur Ihre kognitiven F\u00e4higkeiten, sondern enth\u00e4lt auch nat\u00fcrliche Inhaltsstoffe, die Ihnen helfen k\u00f6nnen, den l\u00e4stigen Kater in Schach zu halten. Wenn es darum geht, ausgiebig zu feiern oder lange aufzubleiben, um f\u00fcr Pr\u00fcfungen zu lernen, sind diese n\u00e4chtlichen Kapseln auf dem Campus genauso n\u00fctzlich wie bei jeder anderen Gelegenheit - also probiere sie noch heute aus!<\/p>","protected":false},"featured_media":35828,"template":"","meta":[],"product_brand":[],"product_cat":[386,297,707,411,494,397,384],"product_tag":[],"class_list":{"0":"post-35741","1":"product","2":"type-product","3":"status-publish","4":"has-post-thumbnail","6":"product_cat-party-pills","7":"product_cat-all-products","8":"product_cat-buy-xtc","9":"product_cat-energy-pills","10":"product_cat-hpa","11":"product_cat-party","12":"product_cat-smartshop","13":"product_shipping_class-not-allowed-group-1","15":"first","16":"instock","17":"taxable","18":"shipping-taxable","19":"purchasable","20":"product-type-variable","21":"has-default-attributes"},"_links":{"self":[{"href":"https:\/\/www.headshop.nl\/de\/wp-json\/wp\/v2\/product\/35741","targetHints":{"allow":["GET"]}}],"collection":[{"href":"https:\/\/www.headshop.nl\/de\/wp-json\/wp\/v2\/product"}],"about":[{"href":"https:\/\/www.headshop.nl\/de\/wp-json\/wp\/v2\/types\/product"}],"wp:featuredmedia":[{"embeddable":true,"href":"https:\/\/www.headshop.nl\/de\/wp-json\/wp\/v2\/media\/35828"}],"wp:attachment":[{"href":"https:\/\/www.headshop.nl\/de\/wp-json\/wp\/v2\/media?parent=35741"}],"wp:term":[{"taxonomy":"product_brand","embeddable":true,"href":"https:\/\/www.headshop.nl\/de\/wp-json\/wp\/v2\/product_brand?post=35741"},{"taxonomy":"product_cat","embeddable":true,"href":"https:\/\/www.headshop.nl\/de\/wp-json\/wp\/v2\/product_cat?post=35741"},{"taxonomy":"product_tag","embeddable":true,"href":"https:\/\/www.headshop.nl\/de\/wp-json\/wp\/v2\/product_tag?post=35741"}],"curies":[{"name":"wp","href":"https:\/\/api.w.org\/{rel}","templated":true}]}}