{"id":35737,"date":"2021-08-17T07:33:52","date_gmt":"2021-08-17T07:33:52","guid":{"rendered":"https:\/\/www.headshop.nl\/?post_type=product&#038;p=35737"},"modified":"2025-12-31T01:26:25","modified_gmt":"2025-12-31T01:26:25","slug":"party-e-happycaps","status":"publish","type":"product","link":"https:\/\/www.headshop.nl\/de\/party-e-happycaps\/","title":{"rendered":"Party E Happy Caps"},"content":{"rendered":"<h2>4 Partypills von Party E von HappyCaps<\/h2>\n<p>Die Party E Kapseln von Happy Caps wurden speziell entwickelt, um Sie einen tollen Abend erleben zu lassen. Mit den Party E Pillen sorgen Sie f\u00fcr mehr Energie und Stimmung f\u00fcr eine rundum spa\u00dfige Party! Und ja, sie sind auch legal - du brauchst dir also keine Sorgen zu machen, dass du \u00c4rger mit dem l\u00e4stigen Ordnungsh\u00fcter bei dir zu Hause bekommst.<\/p>\n<p>Es k\u00f6nnte an der Zeit sein, Ihr soziales Leben aufzupeppen, und wenn Sie eine pflanzliche Methode suchen, die Ihnen viel Energie f\u00fcr die Zeit der Party gibt - suchen Sie nicht weiter! Der sozial engagierteste Stimmungsaufheller ist auch eine gro\u00dfartige Alternative, da er sich an die Anzahl der Partys anpasst, die Sie feiern. Diese Pille f\u00f6rdert die Euphorie bei jeder Festlichkeit, indem sie dich mit vielen verschiedenen Kr\u00e4utern wie Damiana Blatt und Passion Flower Extract st\u00e4rkt.<\/p>\n<p>Wenn du feiern willst, als g\u00e4be es kein Morgen, dann ist dieser Stimmungsaufheller genau das Richtige f\u00fcr dich! Diese pflanzliche Alternative wird deine Energie in Schwung halten und dir eine Menge Euphorie verleihen.<\/p>","protected":false},"excerpt":{"rendered":"<p>Party Zeit! Mit den Party E-Kapseln von Happy Caps bist du f\u00fcr einen tollen Abend ger\u00fcstet. Mit den Pillen bekommst du mehr Energie, f\u00fchlst dich allgemein besser und hast eine tolle Party mit all deinen Freunden. Au\u00dferdem sind sie auf nat\u00fcrlicher Basis, was eine noch bessere Nachricht ist, da sie auch noch legal sind!<\/p>","protected":false},"featured_media":47988,"template":"","meta":[],"product_brand":[],"product_cat":[386,297,707,411,409,397,384],"product_tag":[],"class_list":{"0":"post-35737","1":"product","2":"type-product","3":"status-publish","4":"has-post-thumbnail","6":"product_cat-party-pills","7":"product_cat-all-products","8":"product_cat-buy-xtc","9":"product_cat-energy-pills","10":"product_cat-happy-caps","11":"product_cat-party","12":"product_cat-smartshop","14":"first","15":"instock","16":"taxable","17":"shipping-taxable","18":"purchasable","19":"product-type-variable","20":"has-default-attributes"},"_links":{"self":[{"href":"https:\/\/www.headshop.nl\/de\/wp-json\/wp\/v2\/product\/35737","targetHints":{"allow":["GET"]}}],"collection":[{"href":"https:\/\/www.headshop.nl\/de\/wp-json\/wp\/v2\/product"}],"about":[{"href":"https:\/\/www.headshop.nl\/de\/wp-json\/wp\/v2\/types\/product"}],"wp:featuredmedia":[{"embeddable":true,"href":"https:\/\/www.headshop.nl\/de\/wp-json\/wp\/v2\/media\/47988"}],"wp:attachment":[{"href":"https:\/\/www.headshop.nl\/de\/wp-json\/wp\/v2\/media?parent=35737"}],"wp:term":[{"taxonomy":"product_brand","embeddable":true,"href":"https:\/\/www.headshop.nl\/de\/wp-json\/wp\/v2\/product_brand?post=35737"},{"taxonomy":"product_cat","embeddable":true,"href":"https:\/\/www.headshop.nl\/de\/wp-json\/wp\/v2\/product_cat?post=35737"},{"taxonomy":"product_tag","embeddable":true,"href":"https:\/\/www.headshop.nl\/de\/wp-json\/wp\/v2\/product_tag?post=35737"}],"curies":[{"name":"wp","href":"https:\/\/api.w.org\/{rel}","templated":true}]}}