{"id":35735,"date":"2021-08-17T07:33:50","date_gmt":"2021-08-17T07:33:50","guid":{"rendered":"https:\/\/www.headshop.nl\/?post_type=product&#038;p=35735"},"modified":"2025-12-31T01:26:25","modified_gmt":"2025-12-31T01:26:25","slug":"euphory-e-happycaps","status":"publish","type":"product","link":"https:\/\/www.headshop.nl\/de\/euphory-e-happycaps\/","title":{"rendered":"Euphory E Happy Caps"},"content":{"rendered":"<h2>4 Partypills von Euphory E von HappyCaps<\/h2>\n<p>Euphory E ist nicht die typische Party-Pille. Dieses pflanzliche Pr\u00e4parat wird Dir ein euphorisches Gef\u00fchl geben, was vielleicht genau das ist, was manche Leute brauchen, um ihre Nacht noch spezieller zu machen!<\/p>\n<p>Euphory E Party Pills von Happy Caps werden Ihren n\u00e4chsten Abend unvergesslich machen. Die nat\u00fcrliche Kr\u00e4uterformel sorgt f\u00fcr ein sch\u00f6nes und energiegeladenes Gef\u00fchl, das von gro\u00dfer Zufriedenheit begleitet wird, so dass Sie diese Kappen auf der Party verwenden k\u00f6nnen, um die Atmosph\u00e4re noch sch\u00f6ner zu machen, als sie ohnehin schon ist.<\/p>\n<p>Euphory E ist eine Party-Pille, die Ihre Nacht von gut zu gro\u00df machen wird! Es enth\u00e4lt Stimmungsaufheller f\u00fcr diejenigen, die einen zus\u00e4tzlichen Schub brauchen, und es hilft Ihnen, sich bei den Feierlichkeiten sicherer zu f\u00fchlen. Wenn das alles ist, was Sie f\u00fcr diesen besonderen Anlass suchen, dann ist Euphory E genau das Richtige f\u00fcr Sie.<\/p>","protected":false},"excerpt":{"rendered":"<p>Euphory E Party-Pillen sind der perfekte Weg, um jede Veranstaltung zu genie\u00dfen. Die nat\u00fcrliche pflanzliche Formel sorgt f\u00fcr ein angenehmes und energiegeladenes Gef\u00fchl, das von gro\u00dfer Zufriedenheit begleitet wird, so dass Sie sich bei Ihrem n\u00e4chsten geselligen Beisammensein umwerfend f\u00fchlen k\u00f6nnen, ohne sich um Sucht oder andere Nebenwirkungen sorgen zu m\u00fcssen.<\/p>","protected":false},"featured_media":47982,"template":"","meta":[],"product_brand":[],"product_cat":[386,297,707,411,409,384],"product_tag":[],"class_list":{"0":"post-35735","1":"product","2":"type-product","3":"status-publish","4":"has-post-thumbnail","6":"product_cat-party-pills","7":"product_cat-all-products","8":"product_cat-buy-xtc","9":"product_cat-energy-pills","10":"product_cat-happy-caps","11":"product_cat-smartshop","12":"product_shipping_class-not-allowed-group-1","14":"first","15":"instock","16":"taxable","17":"shipping-taxable","18":"purchasable","19":"product-type-variable","20":"has-default-attributes"},"_links":{"self":[{"href":"https:\/\/www.headshop.nl\/de\/wp-json\/wp\/v2\/product\/35735","targetHints":{"allow":["GET"]}}],"collection":[{"href":"https:\/\/www.headshop.nl\/de\/wp-json\/wp\/v2\/product"}],"about":[{"href":"https:\/\/www.headshop.nl\/de\/wp-json\/wp\/v2\/types\/product"}],"wp:featuredmedia":[{"embeddable":true,"href":"https:\/\/www.headshop.nl\/de\/wp-json\/wp\/v2\/media\/47982"}],"wp:attachment":[{"href":"https:\/\/www.headshop.nl\/de\/wp-json\/wp\/v2\/media?parent=35735"}],"wp:term":[{"taxonomy":"product_brand","embeddable":true,"href":"https:\/\/www.headshop.nl\/de\/wp-json\/wp\/v2\/product_brand?post=35735"},{"taxonomy":"product_cat","embeddable":true,"href":"https:\/\/www.headshop.nl\/de\/wp-json\/wp\/v2\/product_cat?post=35735"},{"taxonomy":"product_tag","embeddable":true,"href":"https:\/\/www.headshop.nl\/de\/wp-json\/wp\/v2\/product_tag?post=35735"}],"curies":[{"name":"wp","href":"https:\/\/api.w.org\/{rel}","templated":true}]}}