{"id":35636,"date":"2021-08-17T06:41:42","date_gmt":"2021-08-17T06:41:42","guid":{"rendered":"https:\/\/www.headshop.nl\/?post_type=product&#038;p=35636"},"modified":"2025-12-31T01:26:25","modified_gmt":"2025-12-31T01:26:25","slug":"energy-e-happycaps","status":"publish","type":"product","link":"https:\/\/www.headshop.nl\/de\/energy-e-happycaps\/","title":{"rendered":"Energy E Happy Caps"},"content":{"rendered":"<h2>4 Partypills von Energy E von HappyCaps<\/h2>\n<p>Die Nacht ist noch jung, da wird die Party schon ein wenig langweilig. Es ist Zeit f\u00fcr zus\u00e4tzlichen Treibstoff und Energie, aber wohin soll man sich wenden? Nun, zum Gl\u00fcck gibt es diese Energy E-Kapseln, die deinem Leben einen neuen Sinn geben oder zumindest alle deine G\u00e4ste unterhalten, bis sie bereit sind, nach Hause zu gehen!<\/p>\n<p>Diese HappyCaps enthalten nat\u00fcrliche Kr\u00e4uter, die f\u00fcr einen sofortigen Schub sorgen, ohne dass man sich nerv\u00f6s f\u00fchlt, wie es bei den meisten anderen Nahrungserg\u00e4nzungsmitteln der Fall ist. Worauf warten wir also noch?! Greifen Sie jetzt zu, bevor es zu sp\u00e4t ist - das k\u00f6nnte genau das richtige sein, um den heutigen Abend zu einem spa\u00dfigen Abenteuer mit bleibenden Erinnerungen zu machen!<\/p>\n<p>Wenn Sie auf der Suche nach einem Energieschub sind, sind Sie hier genau richtig! Diese pflanzliche Party-Alternative gibt dir die n\u00f6tige Ladung, um jede Nacht voller Partys zu \u00fcberstehen. Manche Menschen greifen auch zu diesen Pillen, wenn sie Hilfe bei der Konzentration auf Aufgaben bei der Arbeit oder in der Schule brauchen. Egal, was du an diesem Wochenende vorhast - Hauptsache, du bist wach und bereit, loszulegen - diese Party-Pillen sind perfekt, um stundenlangen Spa\u00df zu haben!<\/p>","protected":false},"excerpt":{"rendered":"<p>Das Einzige, was schlimmer ist, als auf einer Party zu sein und sich m\u00fcde zu f\u00fchlen, ist, wenn Ihr Energielevel zu sinken beginnt. Die nat\u00fcrliche pflanzliche Formel in Energy E Happy Caps sorgt daf\u00fcr, dass Sie die ganze Nacht \u00fcber Energie haben, so dass Sie, egal wie sp\u00e4t es wird, immer noch tanzen k\u00f6nnen, als ob niemand zuschaut!<\/p>","protected":false},"featured_media":47980,"template":"","meta":[],"product_brand":[],"product_cat":[386,297,707,411,409,397,384],"product_tag":[],"class_list":{"0":"post-35636","1":"product","2":"type-product","3":"status-publish","4":"has-post-thumbnail","6":"product_cat-party-pills","7":"product_cat-all-products","8":"product_cat-buy-xtc","9":"product_cat-energy-pills","10":"product_cat-happy-caps","11":"product_cat-party","12":"product_cat-smartshop","14":"first","15":"instock","16":"taxable","17":"shipping-taxable","18":"purchasable","19":"product-type-variable","20":"has-default-attributes"},"_links":{"self":[{"href":"https:\/\/www.headshop.nl\/de\/wp-json\/wp\/v2\/product\/35636","targetHints":{"allow":["GET"]}}],"collection":[{"href":"https:\/\/www.headshop.nl\/de\/wp-json\/wp\/v2\/product"}],"about":[{"href":"https:\/\/www.headshop.nl\/de\/wp-json\/wp\/v2\/types\/product"}],"wp:featuredmedia":[{"embeddable":true,"href":"https:\/\/www.headshop.nl\/de\/wp-json\/wp\/v2\/media\/47980"}],"wp:attachment":[{"href":"https:\/\/www.headshop.nl\/de\/wp-json\/wp\/v2\/media?parent=35636"}],"wp:term":[{"taxonomy":"product_brand","embeddable":true,"href":"https:\/\/www.headshop.nl\/de\/wp-json\/wp\/v2\/product_brand?post=35636"},{"taxonomy":"product_cat","embeddable":true,"href":"https:\/\/www.headshop.nl\/de\/wp-json\/wp\/v2\/product_cat?post=35636"},{"taxonomy":"product_tag","embeddable":true,"href":"https:\/\/www.headshop.nl\/de\/wp-json\/wp\/v2\/product_tag?post=35636"}],"curies":[{"name":"wp","href":"https:\/\/api.w.org\/{rel}","templated":true}]}}