{"id":35615,"date":"2022-09-13T10:37:00","date_gmt":"2022-09-13T10:37:00","guid":{"rendered":"https:\/\/www.headshop.nl\/?post_type=product&#038;p=35615"},"modified":"2026-01-20T13:50:18","modified_gmt":"2026-01-20T13:50:18","slug":"lions-mane-extract-capsules","status":"publish","type":"product","link":"https:\/\/www.headshop.nl\/de\/lions-mane-extract-capsules\/","title":{"rendered":"Lion\u2019s Mane Extract Capsules"},"content":{"rendered":"<h2>Was ist Lion\u2019s Mane?<\/h2>\n<p>Lion\u2019s Mane (Hericium Erinaceus) ist ein einzigartiger Pilz mit einem wei\u00dfen, struppigen Aussehen, das an eine L\u00f6wenm\u00e4hne erinnert. Dieser faszinierende Pilz, der auch als Japanischer Bergpriester, Affenkopf oder Pruikzwam bekannt ist, wird seit Jahrhunderten in der traditionellen chinesischen Medizin unter dem Namen Hou Tou Gu f\u00fcr seine potenziell gehirnf\u00f6rdernden Eigenschaften gesch\u00e4tzt.<\/p>\n<p>Lion\u2019s Mane wird oft als \"N\u00e4hrstoff der Natur f\u00fcr die Neuronen\" bezeichnet und soll die kognitive Funktion, die geistige Klarheit und den Fokus unterst\u00fctzen. Es ist besonders beliebt bei Personen, die Mikrodosierung praktizieren. Unsere Lion\u2019s Mane-Kapseln enthalten einen aus dem Fruchtk\u00f6rper gewonnenen Vollspektrum-Extrakt, der eine maximale Potenz und Wirksamkeit gew\u00e4hrleistet.<\/p>\n<h2>Geschichte von Lion\u2019s Mane<\/h2>\n<p>Lion\u2019s Mane hat eine jahrtausendealte Geschichte, insbesondere in der traditionellen asiatischen Medizin. Alte chinesische und japanische M\u00f6nche verwendeten Lion\u2019s Mane-Tee, um die Konzentration w\u00e4hrend der Meditation zu verbessern und das allgemeine Wohlbefinden zu f\u00f6rdern. Auch die Kaiser sch\u00e4tzten ihn wegen seiner potenziellen kognitiven Vorteile.<\/p>\n<p>Die moderne Forschung hat wichtige bioaktive Verbindungen in Lion\u2019s Mane identifiziert, wie z. B. Polysaccharide und Beta-Glucane, die zu seinen Wellness-Eigenschaften beitragen. Heute wird es h\u00e4ufig als nat\u00fcrliche Erg\u00e4nzung zur Unterst\u00fctzung der kognitiven Funktion und des geistigen Wohlbefindens verwendet.<\/p>\n<h2>Wie man Lion\u2019s Mane verwendet<\/h2>\n<p>Die Aufnahme von Lion\u2019s Mane in Ihre t\u00e4gliche Routine ist einfach und effektiv. Jede Kapsel enth\u00e4lt 400 mg hochwertigen organischen Lion\u2019s Mane-Extrakt, erg\u00e4nzt durch Vitamin C und Zink f\u00fcr zus\u00e4tzliche Vorteile.<\/p>\n<p>Die empfohlene Dosierung betr\u00e4gt zwei Kapseln pro Tag, die zu den Mahlzeiten mit Wasser eingenommen werden. Um die besten Ergebnisse zu erzielen, ist eine konsequente Einnahme entscheidend. Lion\u2019s Mane kann auch mit anderen Heilpilzen kombiniert werden, um einen ganzheitlichen Ansatz f\u00fcr das Wohlbefinden zu erreichen. Diese veganen Kapseln sind leicht zu schlucken und f\u00fcr verschiedene Lebensstile geeignet.<\/p>\n<h2>Inhaltsstoffe von Lion\u2019s Mane Capsules<\/h2>\n<p>Jede vegane Kapsel enth\u00e4lt 400 mg organischen Lion\u2019s Mane-Extrakt, der ausschlie\u00dflich aus dem Fruchtk\u00f6rper des Pilzes gewonnen wird. Der Extrakt wird durch eine doppelte Extraktionsmethode mit Wasser und Ethanol gewonnen, um eine optimale Erhaltung der n\u00fctzlichen Verbindungen zu gew\u00e4hrleisten.<\/p>\n<p>Um die Absorption und Wirksamkeit zu verbessern, enth\u00e4lt die Formel:<\/p>\n<ul>\n<li><strong>Vitamin C<\/strong> - Unterst\u00fctzt die normale kognitive Funktion.<\/li>\n<li><strong>Zink<\/strong> - F\u00f6rdert die geistige Klarheit und Konzentration.<\/li>\n<li><strong>Magnesiumcitrat und Siliciumdioxid<\/strong> - Behalten Sie die Stabilit\u00e4t und Qualit\u00e4t der Kapseln bei.<\/li>\n<\/ul>\n<p>Warnung<\/p>\n<p>Lion\u2019s Mane von McMyco ist ein Nahrungserg\u00e4nzungsmittel und sollte entsprechend verwendet werden. Die empfohlene Tagesdosis darf nicht \u00fcberschritten werden. Au\u00dferhalb der Reichweite von Kindern aufbewahren. Konsultieren Sie vor der Einnahme einen Arzt, wenn Sie schwanger sind, stillen oder unter gesundheitlichen Problemen leiden.<\/p>","protected":false},"excerpt":{"rendered":"<p>Lion\u2019s Mane (Hericium Erinaceus) wird auch Wigzam genannt und unterst\u00fctzt geistige Klarheit, Konzentration und Ged\u00e4chtnis. Der Lion\u2019s Mane-Pilz hat den Spitznamen \"intelligenter Pilz; der N\u00e4hrstoff der Natur f\u00fcr Ihre Neuronen\" erhalten. Die Forschung zeigt, dass dieser stimulierende Pilz die Produktion des Nervenwachstumsfaktors im Gehirn anregt.<\/p>","protected":false},"featured_media":87979,"template":"","meta":[],"product_brand":[],"product_cat":[813,297,461,455,630,404,462,398,392,399,384,625,458,456],"product_tag":[1039],"class_list":{"0":"post-35615","1":"product","2":"type-product","3":"status-publish","4":"has-post-thumbnail","6":"product_cat-mcmyco","7":"product_cat-all-products","8":"product_cat-detox","9":"product_cat-healthshop","10":"product_cat-healthshop-top-10","11":"product_cat-medicinal-mushrooms-supplements","12":"product_cat-medicinal-mushrooms-healthshop","13":"product_cat-mushrooms","14":"product_cat-nootropics","15":"product_cat-shroomshop","16":"product_cat-smartshop","17":"product_cat-smartshop-top-10","18":"product_cat-superfoods","19":"product_cat-supplements","20":"product_tag-triple-deal","21":"product_shipping_class-creditcard-on","23":"first","24":"instock","25":"taxable","26":"shipping-taxable","27":"purchasable","28":"product-type-variable","29":"has-default-attributes"},"_links":{"self":[{"href":"https:\/\/www.headshop.nl\/de\/wp-json\/wp\/v2\/product\/35615","targetHints":{"allow":["GET"]}}],"collection":[{"href":"https:\/\/www.headshop.nl\/de\/wp-json\/wp\/v2\/product"}],"about":[{"href":"https:\/\/www.headshop.nl\/de\/wp-json\/wp\/v2\/types\/product"}],"wp:featuredmedia":[{"embeddable":true,"href":"https:\/\/www.headshop.nl\/de\/wp-json\/wp\/v2\/media\/87979"}],"wp:attachment":[{"href":"https:\/\/www.headshop.nl\/de\/wp-json\/wp\/v2\/media?parent=35615"}],"wp:term":[{"taxonomy":"product_brand","embeddable":true,"href":"https:\/\/www.headshop.nl\/de\/wp-json\/wp\/v2\/product_brand?post=35615"},{"taxonomy":"product_cat","embeddable":true,"href":"https:\/\/www.headshop.nl\/de\/wp-json\/wp\/v2\/product_cat?post=35615"},{"taxonomy":"product_tag","embeddable":true,"href":"https:\/\/www.headshop.nl\/de\/wp-json\/wp\/v2\/product_tag?post=35615"}],"curies":[{"name":"wp","href":"https:\/\/api.w.org\/{rel}","templated":true}]}}