{"id":35536,"date":"2021-08-12T11:19:16","date_gmt":"2021-08-12T11:19:16","guid":{"rendered":"https:\/\/www.headshop.nl\/?post_type=product&#038;p=35536"},"modified":"2026-03-08T13:26:20","modified_gmt":"2026-03-08T13:26:20","slug":"atlantis-magic-truffles","status":"publish","type":"product","link":"https:\/\/www.headshop.nl\/de\/atlantis-magic-truffles\/","title":{"rendered":"Atlantis"},"content":{"rendered":"<h2 class=\"\" dir=\"auto\">Was sind Psilocybe Atlantis Magische Tr\u00fcffel?<\/h2>\n<p class=\"break-words\" dir=\"auto\">Psilocybe Atlantis Magic Truffles sind Sklerotien, unterirdische Myzelbildungen, die N\u00e4hrstoffe f\u00fcr das Pilzwachstum speichern, wenn Bedingungen wie k\u00fchlere Temperaturen und h\u00f6here Feuchtigkeit die Fruchtbildung verhindern. Reich an Psilocybin, liefern diese Tr\u00fcffel ein starkes psychoaktives Erlebnis, das von lebhaften Halluzinationen bis zu tiefen philosophischen Einsichten reicht, was sie zu einer beliebten Wahl f\u00fcr diejenigen macht, die Kreativit\u00e4t, Selbsterkenntnis und pers\u00f6nliches Wachstum suchen.<\/p>\n<p class=\"break-words\" dir=\"auto\">Ihre Zug\u00e4nglichkeit und Vielseitigkeit, kombiniert mit N\u00e4hrstoffen wie Kohlenhydraten, Proteinen und Mineralien, erh\u00f6hen ihre Attraktivit\u00e4t als bewusstseinserweiterndes und k\u00f6rperunterst\u00fctzendes Naturprodukt. Die Psilocybe Atlantis Magic Truffles werden seit jeher f\u00fcr spirituelle Praktiken verwendet und werden nun auch f\u00fcr die moderne Erforschung genutzt. Sie bieten eine sichere, kontrollierte M\u00f6glichkeit, das geistige Potenzial in einer vertrauensw\u00fcrdigen Umgebung zu entfalten.<\/p>\n<h2 class=\"\" dir=\"auto\">Geschichte von Psilocybe Atlantis Magic Truffles<\/h2>\n<p class=\"break-words\" dir=\"auto\">Das Erbe der Psilocybe Atlantis Magic Truffles geht auf alte Mesoamerikanische Kulturen zur\u00fcck, in denen psilocybinhaltige Pilze in schamanischen Ritualen verwendet wurden, um mit dem G\u00f6ttlichen zu kommunizieren und tiefe Einsichten zu gewinnen. Die Sorte Atlantis, die nach ihrer mystischen Anziehungskraft benannt und im S\u00fcdosten der USA entdeckt wurde, kn\u00fcpft mit ihrer ausgewogenen Mischung aus lebendigen Bildern und introspektiver Tiefe an diese Tradition an und ist f\u00fcr den zeitgen\u00f6ssischen Gebrauch geeignet.<\/p>\n<p class=\"break-words\" dir=\"auto\">Das wissenschaftliche Verst\u00e4ndnis der Wirkung von Psilocybin auf die Serotoninrezeptoren ist gewachsen, was seine historische Bedeutung best\u00e4tigt und das moderne Interesse an Psychedelika f\u00fcr therapeutische und pers\u00f6nliche Erkundungen befl\u00fcgelt. Die in einigen Regionen legalen Psilocybe Atlantis Magic Truffles spiegeln einen kulturellen Wandel hin zu nat\u00fcrlichen Substanzen f\u00fcr geistiges und emotionales Wachstum wider und faszinieren die Konsumenten mit ihrer F\u00e4higkeit, Ehrfurcht und Selbstentdeckung zu inspirieren.<\/p>\n<h2 class=\"\" dir=\"auto\">Wie verwendet man Psilocybe Atlantis Magic Truffles?<\/h2>\n<p class=\"break-words\" dir=\"auto\">Um Psilocybe Atlantis Magic Truffles sicher zu erleben, fangen Sie in einer ruhigen, vertrauten Umgebung an und konsumieren Sie die H\u00e4lfte einer 15-Gramm-Packung auf n\u00fcchternen Magen, kauen Sie gr\u00fcndlich oder br\u00fchen Sie sie in Tee oder Suppe auf, um sie besser aufzunehmen. Warten Sie 30-45 Minuten, um die Wirkung abzusch\u00e4tzen, bevor Sie mehr in Erw\u00e4gung ziehen. \u00dcberschreiten Sie niemals eine Schachtel pro Sitzung und lagern Sie sie bei 2\u00b0C-4\u00b0C an einem dunklen Ort, um die Wirksamkeit zu erhalten.<\/p>\n<p class=\"break-words\" dir=\"auto\">Die Wirkung erreicht ihren H\u00f6hepunkt innerhalb von 1 bis 3 Stunden und h\u00e4lt 5 bis 6 Stunden an. Vermeide die Kombination mit Alkohol, Medikamenten oder anderen Substanzen und nimm es nicht ein, wenn du unter 18 bist, schwanger bist oder an Depressionen oder Herzproblemen leidest. Relax, bleiben Sie hydratisiert, und lassen Sie die Tr\u00fcffel eine transformative Reise der Introspektion und Wunder, zugeschnitten auf Ihre Mentalit\u00e4t und Umgebung mit sorgf\u00e4ltiger Einhaltung der Richtlinien f\u00fchren.<\/p>\n<h2 class=\"\" dir=\"auto\">Inhaltsstoffe von Psilocybe Atlantis Magic Truffles<\/h2>\n<p class=\"break-words\" dir=\"auto\">Psilocybe Atlantis Magic Truffles enthalten Psilocybin, das sich \u00fcber Serotoninrezeptoren in Psilocin umwandelt und halluzinogene Wirkungen erzeugt, sowie N\u00e4hrstoffe wie 13,2 g Kohlenhydrate, 5,3 g Protein, 0,4 g Fett und 16,7 g Ballaststoffe pro 100 g. Au\u00dferdem liefern sie 210 mg Kalium, 169,3 mg Phosphor, 12,5 mg Kalzium, 0,7 mg Eisen, 13,6 mg Natrium, 0,3 g Salz und 10 IE Vitamin D und unterst\u00fctzen damit Energie und K\u00f6rperfunktionen.<\/p>\n<p class=\"break-words\" dir=\"auto\">Diese als Sklerotien gebildeten Tr\u00fcffel absorbieren auf nat\u00fcrliche Weise N\u00e4hrstoffe und bieten eine reine Mischung aus psychoaktiven und ern\u00e4hrungsphysiologischen Vorteilen ohne Zusatzstoffe. Diese ganzheitliche Zusammensetzung macht sie zu einer einzigartigen Wahl f\u00fcr eine mystische Erfahrung und eine leichte Unterst\u00fctzung der Ern\u00e4hrung, die f\u00fcr Konsumenten attraktiv ist, die sowohl geistige Erkundung als auch k\u00f6rperliche Nahrung suchen, vorausgesetzt, die Potenz von Psilocybin wird respektiert.<\/p>\n<p dir=\"auto\"><strong>Warnung<\/strong><\/p>\n<p class=\"break-words\" dir=\"auto\">Psilocybe Atlantis Magic Truffles enthalten Psilocybin und Psilocin, starke Halluzinogene, die lebhafte Halluzinationen hervorrufen und das Bewusstsein ver\u00e4ndern, was einen vorsichtigen Gebrauch in einer kontrollierten Umgebung erfordert. Vermeiden Sie den Konsum, wenn Sie unter 18 Jahre alt sind, schwanger sind, stillen oder an psychischen Problemen, Depressionen, hohem\/niedrigem Blutdruck, Herz- oder Lungenerkrankungen oder Diabetes leiden.<\/p>\n<p class=\"break-words\" dir=\"auto\">Nicht mit Alkohol, Medikamenten oder Drogen kombinieren und w\u00e4hrend oder nach dem Konsum nicht Auto fahren oder Maschinen bedienen. Sorgen Sie f\u00fcr einen stabilen mentalen Zustand und einen verantwortungsvollen Konsum, indem Sie die Sicherheitsrichtlinien befolgen und die Tr\u00fcffel sicher aufbewahren, um eine sichere, positive Erfahrung mit diesen transformativen Tr\u00fcffeln zu machen.<\/p>","protected":false},"excerpt":{"rendered":"<p>Die Atlantis Magic Truffles sind eine erstaunliche Erfahrung. Sie f\u00fchren nicht zu seltsamen oder unangenehmen Gef\u00fchlen, sondern sind perfekt f\u00fcr diejenigen, die eine milde psychedelische Erfahrung suchen, die ihre kreative Sicht auf die Welt erweitern wird. Wenn du noch nie einen magischen Tr\u00fcffel gegessen hast, aber trotzdem einen willst, empfehlen wir dir diese!<\/p>","protected":false},"featured_media":35500,"template":"","meta":[],"product_brand":[],"product_cat":[402,297,831,812,706,398,399,626,384,625],"product_tag":[978],"class_list":{"0":"post-35536","1":"product","2":"type-product","3":"status-publish","4":"has-post-thumbnail","6":"product_cat-magic-truffles","7":"product_cat-all-products","8":"product_cat-beginner-magic-truffles","9":"product_cat-mcsmart-truffles","10":"product_cat-microdosing-truffles","11":"product_cat-mushrooms","12":"product_cat-shroomshop","13":"product_cat-shroomshop-top-10","14":"product_cat-smartshop","15":"product_cat-smartshop-top-10","16":"product_tag-shrdeal","17":"product_shipping_class-group-7","19":"first","20":"instock","21":"taxable","22":"shipping-taxable","23":"purchasable","24":"product-type-variable","25":"has-default-attributes"},"_links":{"self":[{"href":"https:\/\/www.headshop.nl\/de\/wp-json\/wp\/v2\/product\/35536","targetHints":{"allow":["GET"]}}],"collection":[{"href":"https:\/\/www.headshop.nl\/de\/wp-json\/wp\/v2\/product"}],"about":[{"href":"https:\/\/www.headshop.nl\/de\/wp-json\/wp\/v2\/types\/product"}],"wp:featuredmedia":[{"embeddable":true,"href":"https:\/\/www.headshop.nl\/de\/wp-json\/wp\/v2\/media\/35500"}],"wp:attachment":[{"href":"https:\/\/www.headshop.nl\/de\/wp-json\/wp\/v2\/media?parent=35536"}],"wp:term":[{"taxonomy":"product_brand","embeddable":true,"href":"https:\/\/www.headshop.nl\/de\/wp-json\/wp\/v2\/product_brand?post=35536"},{"taxonomy":"product_cat","embeddable":true,"href":"https:\/\/www.headshop.nl\/de\/wp-json\/wp\/v2\/product_cat?post=35536"},{"taxonomy":"product_tag","embeddable":true,"href":"https:\/\/www.headshop.nl\/de\/wp-json\/wp\/v2\/product_tag?post=35536"}],"curies":[{"name":"wp","href":"https:\/\/api.w.org\/{rel}","templated":true}]}}