{"id":35214,"date":"2021-08-10T13:40:21","date_gmt":"2021-08-10T13:40:21","guid":{"rendered":"https:\/\/www.headshop.nl\/?post_type=product&#038;p=35214"},"modified":"2026-05-11T13:26:21","modified_gmt":"2026-05-11T13:26:21","slug":"tampanensis-magic-truffles","status":"publish","type":"product","link":"https:\/\/www.headshop.nl\/de\/tampanensis-magic-truffles\/","title":{"rendered":"Tampanensis"},"content":{"rendered":"<h2 class=\"\" dir=\"auto\">Was sind Psilocybe Tampanensis-Zaubertr\u00fcffeln?<\/h2>\n<p class=\"break-words\" dir=\"auto\">Psilocybe Tampanensis Magic Truffles, auch bekannt als Stein der Weisen, sind Sklerotien, die von unterirdischen Myzelf\u00e4den gebildet werden, die N\u00e4hrstoffe speichern, wenn Bedingungen wie k\u00fchlere Temperaturen und h\u00f6here Feuchtigkeit das Pilzwachstum verhindern. Diese psilocybinhaltigen Tr\u00fcffel bieten eine milde, philosophische halluzinogene Erfahrung mit heiteren, rausch\u00e4hnlichen Empfindungen und tiefen, introspektiven Gedanken, was sie ideal f\u00fcr Anf\u00e4nger macht, die ver\u00e4nderte Bewusstseinszust\u00e4nde erforschen wollen.<\/p>\n<p class=\"break-words\" dir=\"auto\">Jede 15-Gramm-Packung, die f\u00fcr einen einzelnen Konsumenten bestimmt ist, bietet eine sichere, kontrollierte Reise, die je nach Dosierung und individueller Empfindlichkeit variiert und die Selbstentdeckung und neue Perspektiven f\u00f6rdert. Bei 2\u00b0C bis 4\u00b0C gelagert, bleibt Psilocybe Tampanensis potent und liefert eine transformative Erfahrung in einer vertrauten Umgebung, die diejenigen anspricht, die eine sinnvolle mentale Erkundung suchen.<\/p>\n<h2 class=\"\" dir=\"auto\">Geschichte der Psilocybe Tampanensis Zaubertr\u00fcffel<\/h2>\n<p class=\"break-words\" dir=\"auto\">Der 1977 in Tampa, Florida, entdeckte Psilocybe Tampanensis erhielt wegen seiner nachdenklich stimmenden Wirkung den Spitznamen Stein der Weisen und wurde zun\u00e4chst auf seinen Psilocybin-Gehalt hin untersucht. W\u00e4hrend indigene Kulturen Psilocybin-Pilze f\u00fcr spirituelle und schamanische Rituale verwendeten, wurde diese Sorte in den 1990er Jahren zu einem modernen Favoriten, als sie in den Niederlanden als legale Alternative zu Psilocybin-Pilzen kultiviert wurde und wegen ihrer zug\u00e4nglichen, milderen Wirkung an Zugkraft gewann.<\/p>\n<p class=\"break-words\" dir=\"auto\">Ihr Aufstieg spiegelt das weltweit wachsende Interesse an Psychedelika f\u00fcr pers\u00f6nliches Wachstum wider, wobei alte Traditionen mit modernem Anbau verbunden werden. Heute ist Psilocybe Tampanensis eine feste Gr\u00f6\u00dfe auf dem Markt f\u00fcr magische Tr\u00fcffel. Sie wird wegen ihrer philosophischen Tiefe und ihrer F\u00e4higkeit, die Selbsterkenntnis zu f\u00f6rdern, gesch\u00e4tzt und verbindet die Nutzer mit einem Verm\u00e4chtnis der Selbstbeobachtung und bedeutungsvollen Erfahrungen in einem sicheren Umfeld.<\/p>\n<h2 class=\"\" dir=\"auto\">Verwendung von Psilocybe Tampanensis Magic Truffles<\/h2>\n<p class=\"break-words\" dir=\"auto\">Um Psilocybe Tampanensis Magic Truffles sicher zu genie\u00dfen, konsumieren Sie sie in einer ruhigen, vertrauten Umgebung, beginnend mit der H\u00e4lfte einer 15-Gramm-Schachtel, gr\u00fcndlich gekaut auf n\u00fcchternen Magen f\u00fcr eine optimale Absorption, oder aufgebr\u00fcht in Tee oder Suppe. Warten Sie 30-45 Minuten, um die Wirkung abzusch\u00e4tzen, bevor Sie eine kleine zus\u00e4tzliche Dosis in Betracht ziehen, die niemals eine Schachtel \u00fcberschreitet, wobei die Wirkung innerhalb von 1-3 Stunden ihren H\u00f6hepunkt erreicht und 5-6 Stunden anh\u00e4lt; lagern Sie sie bei 2\u00b0C-4\u00b0C an einem dunklen Ort.<\/p>\n<p class=\"break-words\" dir=\"auto\">Vermeiden Sie die Kombination mit Alkohol, Medikamenten oder Drogen und nehmen Sie es nicht ein, wenn Sie unter 18 Jahre alt sind, schwanger sind, stillen oder an psychischen oder physischen Krankheiten wie Depressionen, Herzproblemen oder Diabetes leiden. Relax, lassen Sie sich auf die philosophische Reise ein und befolgen Sie die Richtlinien f\u00fcr eine verantwortungsvolle, transformative Erfahrung, die auf Ihre Denkweise zugeschnitten ist.<\/p>\n<h2 class=\"\" dir=\"auto\">Inhaltsstoffe von Psilocybe Tampanensis Magic Truffles<\/h2>\n<p class=\"break-words\" dir=\"auto\">Psilocybe Tampanensis Magic Truffles enthalten Psilocybin, das sich in Psilocin umwandelt, um den Serotoninspiegel f\u00fcr halluzinogene Effekte zu beeinflussen, sowie N\u00e4hrstoffe wie 13,2 g Kohlenhydrate, 5,3 g Protein, 0,4 g Fett und 16,7 g Ballaststoffe pro 100 g. Au\u00dferdem liefern sie 210 mg Kalium, 169,3 mg Phosphor, 12,5 mg Kalzium, 0,7 mg Eisen, 13,6 mg Natrium, 0,3 g Salz und 10 IE Vitamin D, was die Verdauung und das allgemeine Wohlbefinden f\u00f6rdert.<\/p>\n<p class=\"break-words\" dir=\"auto\">Diese nat\u00fcrliche Zusammensetzung, die frei von Zusatzstoffen ist, bietet sowohl psychoaktive als auch ern\u00e4hrungsphysiologische Vorteile und macht die Tr\u00fcffel zu einer einzigartigen Erg\u00e4nzung f\u00fcr geistige Erkundungen und zur Unterst\u00fctzung einer leichten Di\u00e4t. Aufgrund der starken Wirkung von Psilocybin ist ein verantwortungsbewusster Konsum unerl\u00e4sslich, um eine sichere und sinnvolle Erfahrung zu gew\u00e4hrleisten, die philosophische Erkenntnisse mit k\u00f6rperlicher Nahrung in Einklang bringt.<\/p>\n<p dir=\"auto\"><strong>Warnung<\/strong><\/p>\n<p class=\"break-words\" dir=\"auto\">Psilocybe Tampanensis Zaubertr\u00fcffel enth\u00e4lt Psilocybin und Psilocin, starke Halluzinogene, die die Wahrnehmung, die Stimmung und das Denken erheblich ver\u00e4ndern und einen vorsichtigen Gebrauch in einer kontrollierten Umgebung erfordern. Vermeiden Sie den Verzehr, wenn Sie unter 18 Jahre alt sind, schwanger sind, stillen oder unter psychischen Problemen, k\u00f6rperlichen Beschwerden oder Krankheiten wie Depressionen, Herzproblemen oder Diabetes leiden, und bewahren Sie die Tr\u00fcffel aufgrund ihrer starken psychoaktiven Wirkung au\u00dferhalb der Reichweite von Kindern auf.<\/p>\n<p class=\"break-words\" dir=\"auto\">Nicht mit Alkohol, Medikamenten oder anderen Substanzen kombinieren und w\u00e4hrend oder nach der Einnahme nicht Auto fahren oder Maschinen bedienen. Befolge die Dosierungsrichtlinien, bewahre sie sicher auf und konsumiere sie verantwortungsbewusst, um eine sichere und positive Erfahrung mit diesen transformativen Tr\u00fcffeln zu gew\u00e4hrleisten.<\/p>","protected":false},"excerpt":{"rendered":"<p><span data-sheets-value=\"{&quot;1&quot;:2,&quot;2&quot;:&quot;Philosopher\u2019s Stones are the mildest magic truffles we have on our list but they pack a punch that should not be taken lightly. Tampanensis has been one of the most interesting magic truffle to research and explore because of its spiritual qualities. Personal trips with tampanensis can help you get closer to yourself!&quot;}\" data-sheets-userformat=\"{&quot;2&quot;:771,&quot;3&quot;:{&quot;1&quot;:0},&quot;4&quot;:{&quot;1&quot;:2,&quot;2&quot;:13689059},&quot;11&quot;:4,&quot;12&quot;:0}\">Die Steine der Weisen sind die mildesten magischen Tr\u00fcffel, die wir auf unserer Liste haben, aber sie haben eine Kraft, die man nicht auf die leichte Schulter nehmen sollte. Tampanensis ist aufgrund seiner spirituellen Qualit\u00e4ten eine der interessantesten magischen Tr\u00fcffeln, die es zu erforschen und zu entdecken gilt. Pers\u00f6nliche Reisen mit Tampanensis k\u00f6nnen Ihnen helfen, sich selbst n\u00e4her zu kommen!<\/span><\/p>","protected":false},"featured_media":35488,"template":"","meta":[],"product_brand":[],"product_cat":[402,297,831,812,706,398,399,384],"product_tag":[978],"class_list":{"0":"post-35214","1":"product","2":"type-product","3":"status-publish","4":"has-post-thumbnail","6":"product_cat-magic-truffles","7":"product_cat-all-products","8":"product_cat-beginner-magic-truffles","9":"product_cat-mcsmart-truffles","10":"product_cat-microdosing-truffles","11":"product_cat-mushrooms","12":"product_cat-shroomshop","13":"product_cat-smartshop","14":"product_tag-shrdeal","15":"product_shipping_class-group-7","17":"first","18":"instock","19":"taxable","20":"shipping-taxable","21":"purchasable","22":"product-type-variable","23":"has-default-attributes"},"_links":{"self":[{"href":"https:\/\/www.headshop.nl\/de\/wp-json\/wp\/v2\/product\/35214","targetHints":{"allow":["GET"]}}],"collection":[{"href":"https:\/\/www.headshop.nl\/de\/wp-json\/wp\/v2\/product"}],"about":[{"href":"https:\/\/www.headshop.nl\/de\/wp-json\/wp\/v2\/types\/product"}],"wp:featuredmedia":[{"embeddable":true,"href":"https:\/\/www.headshop.nl\/de\/wp-json\/wp\/v2\/media\/35488"}],"wp:attachment":[{"href":"https:\/\/www.headshop.nl\/de\/wp-json\/wp\/v2\/media?parent=35214"}],"wp:term":[{"taxonomy":"product_brand","embeddable":true,"href":"https:\/\/www.headshop.nl\/de\/wp-json\/wp\/v2\/product_brand?post=35214"},{"taxonomy":"product_cat","embeddable":true,"href":"https:\/\/www.headshop.nl\/de\/wp-json\/wp\/v2\/product_cat?post=35214"},{"taxonomy":"product_tag","embeddable":true,"href":"https:\/\/www.headshop.nl\/de\/wp-json\/wp\/v2\/product_tag?post=35214"}],"curies":[{"name":"wp","href":"https:\/\/api.w.org\/{rel}","templated":true}]}}