{"id":35193,"date":"2021-08-10T10:24:17","date_gmt":"2021-08-10T10:24:17","guid":{"rendered":"https:\/\/www.headshop.nl\/?post_type=product&#038;p=35193"},"modified":"2025-02-14T09:11:53","modified_gmt":"2025-02-14T09:11:53","slug":"kanna-20x-extract","status":"publish","type":"product","link":"https:\/\/www.headshop.nl\/de\/kanna-20x-extract\/","title":{"rendered":"Kanna 20x Extract"},"content":{"rendered":"<h2 data-start=\"343\" data-end=\"362\">Was ist Kanna?<\/h2>\n<p data-start=\"363\" data-end=\"988\">Kanna, wissenschaftlich bekannt als Sceletium Tortuosum, ist ein nat\u00fcrlicher Pflanzenextrakt mit einer Vielzahl von Verwendungsm\u00f6glichkeiten. Er stammt urspr\u00fcnglich aus S\u00fcdafrika und wurde traditionell wegen seiner stimulierenden und stimmungsaufhellenden Eigenschaften gekaut. Heute ist Kanna in verschiedenen Formen erh\u00e4ltlich, darunter auch starke Extrakte wie die 20-fache Version, die etwa 20-mal st\u00e4rker ist als normale getrocknete Bl\u00e4tter. Die Hauptattraktivit\u00e4t von Kanna liegt in seiner F\u00e4higkeit, die Energie zu steigern, \u00c4ngste abzubauen, den inneren Frieden zu f\u00f6rdern und sogar die sexuelle Gesundheit zu unterst\u00fctzen. Dies macht es zu einer interessanten Option f\u00fcr diejenigen, die nach einer nat\u00fcrlichen M\u00f6glichkeit suchen, ihr allgemeines Wohlbefinden zu verbessern.<\/p>\n<p data-start=\"990\" data-end=\"1490\">In S\u00fcdafrika wird Kanna schon seit Jahrhunderten verwendet, aber seine Beliebtheit hat international zugenommen, da immer mehr Menschen seine Vorteile entdecken. Der Extrakt ist vor allem wegen seiner erh\u00f6hten Potenz gefragt, die im Vergleich zu traditionellen Methoden eine st\u00e4rkere und unmittelbarere Wirkung bietet. Kanna wird von vielen wegen seiner F\u00e4higkeit verwendet, die Entspannung zu f\u00f6rdern, die Wachsamkeit zu steigern und dem Benutzer zu helfen, sich zentrierter zu f\u00fchlen. Mit seiner starken Wirkung gewinnt Kanna weiterhin an Anerkennung als vielseitiges und wertvolles Naturheilmittel.<\/p>\n<h2 data-start=\"1492\" data-end=\"1513\">Geschichte der Kanna<\/h2>\n<p data-start=\"1514\" data-end=\"1987\">Die Geschichte von Kanna geht auf das sp\u00e4te 19. Jahrhundert zur\u00fcck, als es erstmals von niederl\u00e4ndischen Botanikern in S\u00fcdafrika entdeckt wurde. Die Ureinwohner der Region nutzten die Pflanze schon lange, indem sie ihre Bl\u00e4tter kauten, um ihre beruhigende und stimmungsaufhellende Wirkung zu erfahren. Als die holl\u00e4ndischen Botaniker auf diese Praxis stie\u00dfen, brachten sie die Pflanze zur weiteren Erforschung nach Europa zur\u00fcck. Im Laufe der Zeit wurde Kanna zu Extrakten verarbeitet, die viel st\u00e4rker sind als der einfache Verzehr getrockneter Bl\u00e4tter.<\/p>\n<p data-start=\"1989\" data-end=\"2499\">Die Wirkstoffe der Pflanze wurden nach und nach isoliert, was zur Entwicklung von konzentrierten Extrakten wie der 20-fachen Version f\u00fchrte. Diese modernen Formen von Kanna sind weitaus potenter und erm\u00f6glichen es den Nutzern, die Wirkung schneller und intensiver zu erleben. W\u00e4hrend die Verwendung von Kanna zun\u00e4chst auf S\u00fcdafrika beschr\u00e4nkt war, ist das Interesse an Kanna weltweit gestiegen, da seine Vorteile immer mehr bekannt werden. Kanna ist jetzt in verschiedenen Formen weltweit erh\u00e4ltlich und bietet den Menschen eine zug\u00e4ngliche M\u00f6glichkeit, seine vielf\u00e4ltigen Wirkungen zu erkunden.<\/p>\n<h2 data-start=\"2501\" data-end=\"2522\">So verwenden Sie Kanna<\/h2>\n<p data-start=\"2523\" data-end=\"2930\">Kanna kann auf verschiedene Arten verwendet werden, wobei Tee eine der beliebtesten Methoden ist. Der 20-fache Extrakt kann zu einem Tee aufgebr\u00fcht werden, wobei eine \u00fcbliche Dosierung von etwa 150 mg f\u00fcr eine moderate Wirkung sorgt. Diese Methode erm\u00f6glicht es den Benutzern, ein beruhigendes und gleichzeitig energetisierendes Gef\u00fchl zu erleben, das stundenlang anh\u00e4lt. Der Extrakt kann auch gekaut werden, wie es die s\u00fcdafrikanischen Eingeborenen taten, obwohl es bei dieser Methode l\u00e4nger dauern kann, bis die Wirkung einsetzt.<\/p>\n<p data-start=\"2932\" data-end=\"3384\">Die Sch\u00f6nheit von Kanna liegt in seiner Vielseitigkeit. Da der 20-fache Extrakt st\u00e4rker ist als der Standard Kanna, k\u00f6nnen die Nutzer mit kleinen Mengen beginnen und die Dosierung nach ihren Vorlieben anpassen. Es ist wichtig, die Toleranz allm\u00e4hlich aufzubauen, um \u00fcberw\u00e4ltigende Effekte zu vermeiden. Kanna ist auch in Form von Kapseln oder Pulvern erh\u00e4ltlich, die mit anderen Substanzen gemischt werden k\u00f6nnen, um ihre Wirkung zu verst\u00e4rken. Die Wahl der Methode h\u00e4ngt von den individuellen Vorlieben und den gew\u00fcnschten Ergebnissen ab.<\/p>\n<p data-start=\"3386\" data-end=\"3613\">Kanna l\u00f6st keine Halluzinationen aus und ist daher f\u00fcr alle geeignet, die eine leichte, aber sp\u00fcrbare Ver\u00e4nderung der Stimmung und Energie w\u00fcnschen. Experimentieren ist erw\u00fcnscht, damit die Nutzer die perfekte Dosierung und Methode f\u00fcr ihre Bed\u00fcrfnisse entdecken k\u00f6nnen.<\/p>\n<h2 data-start=\"3615\" data-end=\"3640\">Inhaltsstoffe von Kanna<\/h2>\n<p data-start=\"3641\" data-end=\"4016\">Sceletium Tortuosum, oder Kanna, enth\u00e4lt mehrere Wirkstoffe, die zu seiner therapeutischen und stimmungsaufhellenden Wirkung beitragen. Zu diesen Verbindungen geh\u00f6ren Alkaloide wie Mesembrin, Mesembrenon und Tortuosamin. Diese Alkaloide sind f\u00fcr ihre F\u00e4higkeit bekannt, die Serotonin- und Dopaminrezeptoren des Gehirns zu beeinflussen, was zu stimmungsaufhellenden, energiespendenden und beruhigenden Wirkungen f\u00fchrt.<\/p>\n<p data-start=\"4018\" data-end=\"4395\">Der 20-fache Extrakt von Kanna ist konzentriert, d.h. er enth\u00e4lt eine h\u00f6here Konzentration dieser Wirkstoffe im Vergleich zu getrockneten Bl\u00e4ttern. Dies macht den Extrakt viel potenter und sorgt f\u00fcr st\u00e4rkere und schnellere Ergebnisse. Die spezifische Alkaloidkombination in Kanna ist verantwortlich f\u00fcr seine einzigartige F\u00e4higkeit, die Stimmung und das Energieniveau zu verbessern, ohne psychedelische Effekte zu verursachen.<\/p>\n<p data-start=\"4397\" data-end=\"4731\">Kanna wird traditionell zur Verringerung von Angstzust\u00e4nden, zur Verbesserung der Entspannung und zur F\u00f6rderung des Wohlbefindens verwendet, aber es wird auch angenommen, dass es die Libido f\u00f6rdert. Die komplexe Mischung von Verbindungen der Pflanze macht sie f\u00fcr eine Vielzahl von Zwecken wirksam und bietet den Nutzern einen nat\u00fcrlichen Weg, um die geistige Gesundheit, das Energieniveau und die sexuelle Funktion zu unterst\u00fctzen.<\/p>\n<p data-start=\"4733\" data-end=\"4972\" data-is-last-node=\"\"><strong data-start=\"4733\" data-end=\"4744\">Warnung<\/strong><br data-start=\"4744\" data-end=\"4747\" \/>Es ist ratsam, mit einer kleinen Dosis zu beginnen, wenn Sie Kanna verwenden, insbesondere den 20-fachen Extrakt, da seine St\u00e4rke f\u00fcr einige Personen \u00fcberw\u00e4ltigend sein kann. Beobachten Sie immer die Reaktion Ihres K\u00f6rpers und erh\u00f6hen Sie die Dosis schrittweise, wenn n\u00f6tig.<\/p>","protected":false},"excerpt":{"rendered":"<p>Sceletium Tortuosum, auch bekannt als Kanna, ist ein starkes Naturprodukt mit verschiedenen Vorteilen wie erh\u00f6hter Energie, reduzierter Angst, verbesserter innerer Ruhe und sogar erh\u00f6hter Libido. Dieser 20-fache Extrakt ist 20-mal st\u00e4rker als der Standard Kanna, was ihn zu einer ausgezeichneten Option f\u00fcr diejenigen macht, die eine st\u00e4rkere Wirkung w\u00fcnschen.<\/p>","protected":false},"featured_media":81942,"template":"","meta":[],"product_brand":[],"product_cat":[297,391,389,385,818,397,384,625],"product_tag":[],"class_list":{"0":"post-35193","1":"product","2":"type-product","3":"status-publish","4":"has-post-thumbnail","6":"product_cat-all-products","7":"product_cat-extracts","8":"product_cat-herbs","9":"product_cat-kanna","10":"product_cat-mcmystic","11":"product_cat-party","12":"product_cat-smartshop","13":"product_cat-smartshop-top-10","15":"first","16":"instock","17":"taxable","18":"shipping-taxable","19":"purchasable","20":"product-type-variable","21":"has-default-attributes"},"_links":{"self":[{"href":"https:\/\/www.headshop.nl\/de\/wp-json\/wp\/v2\/product\/35193","targetHints":{"allow":["GET"]}}],"collection":[{"href":"https:\/\/www.headshop.nl\/de\/wp-json\/wp\/v2\/product"}],"about":[{"href":"https:\/\/www.headshop.nl\/de\/wp-json\/wp\/v2\/types\/product"}],"wp:featuredmedia":[{"embeddable":true,"href":"https:\/\/www.headshop.nl\/de\/wp-json\/wp\/v2\/media\/81942"}],"wp:attachment":[{"href":"https:\/\/www.headshop.nl\/de\/wp-json\/wp\/v2\/media?parent=35193"}],"wp:term":[{"taxonomy":"product_brand","embeddable":true,"href":"https:\/\/www.headshop.nl\/de\/wp-json\/wp\/v2\/product_brand?post=35193"},{"taxonomy":"product_cat","embeddable":true,"href":"https:\/\/www.headshop.nl\/de\/wp-json\/wp\/v2\/product_cat?post=35193"},{"taxonomy":"product_tag","embeddable":true,"href":"https:\/\/www.headshop.nl\/de\/wp-json\/wp\/v2\/product_tag?post=35193"}],"curies":[{"name":"wp","href":"https:\/\/api.w.org\/{rel}","templated":true}]}}